{"id":4924,"date":"2025-07-10T13:51:53","date_gmt":"2025-07-10T10:51:53","guid":{"rendered":"https:\/\/jnats.eu\/?post_type=product&#038;p=4924"},"modified":"2026-02-12T13:15:19","modified_gmt":"2026-02-12T11:15:19","slug":"hideki-ir-chobomasa-kamisori-vintaziniai-japoniski-skustuvai-naudoti","status":"publish","type":"product","link":"https:\/\/jnats.eu\/pt\/produto-2\/hideki-ir-chobomasa-kamisori-vintaziniai-japoniski-skustuvai-naudoti\/","title":{"rendered":"Hideki e Chobomasa kamisori navalhas japonesas vintage (usadas)"},"content":{"rendered":"<p>Descubra a verdadeira mestria do barbear japon\u00eas com&nbsp;<strong>NOS Chobomasa Kamisori<\/strong>&nbsp;\u2013 l\u00e2minas de barbear japonesas vintage, aut\u00eanticas e artesanais. S\u00e3o l\u00e2minas usadas, mantidas em excelentes condi\u00e7\u00f5es, vindas diretamente do Jap\u00e3o de meados do s\u00e9culo XX.<\/p>\n\n\n\n<figure class=\"wp-block-embed is-type-video is-provider-youtube wp-block-embed-youtube wp-embed-aspect-16-9 wp-has-aspect-ratio\"><div class=\"wp-block-embed__wrapper\">\n<div class=\"video-container\"><iframe title=\"Hideki e Chobomasa kamisori navalhas japonesas vintage (usadas)\" width=\"1170\" height=\"658\" src=\"https:\/\/www.youtube.com\/embed\/_KzEqBvL-7M?feature=oembed\" frameborder=\"0\" allow=\"accelerometer; autoplay; clipboard-write; encrypted-media; gyroscope; picture-in-picture; web-share\" referrerpolicy=\"strict-origin-when-cross-origin\" allowfullscreen><\/iframe><\/div>\n<\/div><\/figure>\n\n\n\n<p>Cozinhado de forma tradicional\u00a0<strong>kamisori<\/strong>\u00a0em forma de l\u00e2minas de barbear, estas m\u00e1quinas de barbear destacam-se\u00a0<strong>l\u00e2mina assim\u00e9trica<\/strong>\u00a0e\u00a0<strong>a\u00e7o carbono de alta qualidade<\/strong>, garantindo nitidez excepcional e uso duradouro. Cada navalha transmite sutilmente o esp\u00edrito do artesanato japon\u00eas ancestral e sua funcionalidade excepcional.<\/p>\n\n\n\n<p><strong>Caracter\u00edsticas:<\/strong><\/p>\n\n\n\n<ul class=\"wp-block-list\">\n<li>Japon\u00eas aut\u00eantico&nbsp;<strong>kamisori<\/strong>&nbsp;desenho<\/li>\n\n\n\n<li>Usado, vintage<\/li>\n\n\n\n<li>Alta qualidade&nbsp;<strong>l\u00e2mina de a\u00e7o-carbono<\/strong><\/li>\n\n\n\n<li>Produ\u00e7\u00e3o artesanal e tradicional no Jap\u00e3o<\/li>\n\n\n\n<li>Para coleccionadores e entusiastas do barbear<\/li>\n<\/ul>\n\n\n\n<p><strong>1\u00ba e 2\u00ba da esquerda para a direita:<\/strong><\/p>\n\n\n\n<ul class=\"wp-block-list\">\n<li>\u4e0a\u6e6f (Kamiyu)<\/li>\n\n\n\n<li>\u79c0\u8f1d (Hideki ou Sh\u016bk\u014d \u2014 dependendo da leitura)<\/li>\n<\/ul>\n\n\n\n<p><strong>Tradu\u00e7\u00e3o:<\/strong><\/p>\n\n\n\n<ul class=\"wp-block-list\">\n<li><strong>\u4e0a\u6e6f (Kamiyu)<\/strong> \u2013 provavelmente s\u00e3o marcas ou locais\/nomes falsos.<\/li>\n\n\n\n<li><strong>\u79c0\u8f1d<\/strong> \u2014 o nome ou marca do mestre.<\/li>\n<\/ul>\n\n\n\n<p><strong>Conclus\u00e3o:<\/strong> os dois primeiros kamisori foram feitos pelo mesmo ferreiro Hideki <strong>\u79c0\u8f1d<\/strong>, marca <strong>Kamiya<\/strong>.<\/p>\n\n\n\n<p>Todos os outros <strong>Chobomasa Kamisori<\/strong><\/p>","protected":false},"excerpt":{"rendered":"<ul>\n<li>Tal como a espada samurai tradicional, a katana, estes Kamisori foram forjados \u00e0 m\u00e3o a partir de 2 partes. A parte cortante \u00e9 feita de a\u00e7o de alto carbono, enquanto a camada de suporte \u00e9 feita de um a\u00e7o mais simples. A camada de a\u00e7o \u00e9 dura, enquanto a estrutura mais macia fornece a resist\u00eancia necess\u00e1ria \u00e0 quebra.<\/li>\n<li>Todas as camisolas s\u00e3o ligeiramente diferentes porque s\u00e3o feitas \u00e0 m\u00e3o.<\/li>\n<li>Peso (aprox.): 35 g., <strong>1 e 2: 45 g.\u00a0<\/strong><\/li>\n<li>Comprimento total (aprox.): 145 mm, <strong>1 e 2: 150 mm.\u00a0<\/strong><\/li>\n<li>Altura (aprox.): 18 mm, <strong>1 e 2: 21 mm.\u00a0<\/strong><\/li>\n<li>Espessura da fita (aprox.): 6 mm<\/li>\n<li>Comprimento da l\u00e2mina (aprox.): 44 mm, <strong>1 e 2: 47 mm.\u00a0<\/strong><\/li>\n<li>O cabo \u00e9 feito de papel\u00e3o enrolado com barbante.<\/li>\n<li><strong>Se n\u00e3o vir o artigo na lista pendente, isso significa que est\u00e1 \u00e0 venda.<\/strong><\/li>\n<\/ul>","protected":false},"featured_media":4925,"comment_status":"open","ping_status":"closed","template":"","meta":[],"product_brand":[],"product_cat":[23],"product_tag":[322,25],"class_list":{"0":"post-4924","1":"product","2":"type-product","3":"status-publish","4":"has-post-thumbnail","6":"product_cat-razors","7":"product_tag-chobomasa","8":"product_tag-kamisori","9":"product_shipping_class-light","11":"first","12":"outofstock","13":"shipping-taxable","14":"product-type-variable"},"_links":{"self":[{"href":"https:\/\/jnats.eu\/pt\/wp-json\/wp\/v2\/product\/4924","targetHints":{"allow":["GET"]}}],"collection":[{"href":"https:\/\/jnats.eu\/pt\/wp-json\/wp\/v2\/product"}],"about":[{"href":"https:\/\/jnats.eu\/pt\/wp-json\/wp\/v2\/types\/product"}],"replies":[{"embeddable":true,"href":"https:\/\/jnats.eu\/pt\/wp-json\/wp\/v2\/comments?post=4924"}],"wp:featuredmedia":[{"embeddable":true,"href":"https:\/\/jnats.eu\/pt\/wp-json\/wp\/v2\/media\/4925"}],"wp:attachment":[{"href":"https:\/\/jnats.eu\/pt\/wp-json\/wp\/v2\/media?parent=4924"}],"wp:term":[{"taxonomy":"product_brand","embeddable":true,"href":"https:\/\/jnats.eu\/pt\/wp-json\/wp\/v2\/product_brand?post=4924"},{"taxonomy":"product_cat","embeddable":true,"href":"https:\/\/jnats.eu\/pt\/wp-json\/wp\/v2\/product_cat?post=4924"},{"taxonomy":"product_tag","embeddable":true,"href":"https:\/\/jnats.eu\/pt\/wp-json\/wp\/v2\/product_tag?post=4924"}],"curies":[{"name":"wp","href":"https:\/\/api.w.org\/{rel}","templated":true}]}}