{"id":4955,"date":"2025-07-14T08:35:58","date_gmt":"2025-07-14T05:35:58","guid":{"rendered":"https:\/\/jnats.eu\/?post_type=product&#038;p=4955"},"modified":"2025-08-02T03:24:28","modified_gmt":"2025-08-02T00:24:28","slug":"mikawa-nagura","status":"publish","type":"product","link":"https:\/\/jnats.eu\/pt\/produto-2\/mikawa-nagura\/","title":{"rendered":"Mikawa Nagura"},"content":{"rendered":"<p>\u00c0 semelhan\u00e7a de outros naguros, o Mikawa \u00e9 tradicionalmente utilizado para criar uma suspens\u00e3o abrasiva numa pedra de afiar natural. Este tipo de pedra \u00e9 extra\u00eddo da mina Junmikawa Shiro, no distrito de Kitashitara, na prov\u00edncia de Aichi. A rocha que a\u00ed se encontra \u00e9 constitu\u00edda por 10 a 12 camadas, consoante a zona de extra\u00e7\u00e3o. Destas camadas, existem 8 camadas utiliz\u00e1veis e 4 delas s\u00e3o as mais populares. Nas zonas onde existem 12 camadas explor\u00e1veis, existem duas camadas diferentes de Tenjyo, bem como Yae Botan e Botan, que s\u00e3o muito semelhantes. Tal como acontece com todas as pedras naturais japonesas, cada pedra individual pode variar.<\/p>\n\n\n\n<figure class=\"wp-block-embed is-type-video is-provider-youtube wp-block-embed-youtube wp-embed-aspect-16-9 wp-has-aspect-ratio\"><div class=\"wp-block-embed__wrapper\">\n<div class=\"video-container\"><iframe title=\"Pedra natural japonesa Mikawa Nagura WhetStone\" width=\"1170\" height=\"658\" src=\"https:\/\/www.youtube.com\/embed\/tzTRcZVNbN0?feature=oembed\" frameborder=\"0\" allow=\"accelerometer; autoplay; clipboard-write; encrypted-media; gyroscope; picture-in-picture; web-share\" referrerpolicy=\"strict-origin-when-cross-origin\" allowfullscreen><\/iframe><\/div>\n<\/div><\/figure>","protected":false},"excerpt":{"rendered":"<ul>\n<li>Adequado para criar uma suspens\u00e3o em pedra dura e para a fase interm\u00e9dia de polimento<\/li>\n<li>Dureza: Lv 4<\/li>\n<li>Dimens\u00f5es aprox.: 195x47x39 mm<\/li>\n<li>Peso: 656 g.<\/li>\n<\/ul>","protected":false},"featured_media":4961,"comment_status":"open","ping_status":"closed","template":"","meta":[],"product_brand":[],"product_cat":[22],"product_tag":[153],"class_list":{"0":"post-4955","1":"product","2":"type-product","3":"status-publish","4":"has-post-thumbnail","6":"product_cat-jnats","7":"product_tag-nagura","8":"product_shipping_class-iprastas","10":"first","11":"instock","12":"shipping-taxable","13":"purchasable","14":"product-type-simple"},"_links":{"self":[{"href":"https:\/\/jnats.eu\/pt\/wp-json\/wp\/v2\/product\/4955","targetHints":{"allow":["GET"]}}],"collection":[{"href":"https:\/\/jnats.eu\/pt\/wp-json\/wp\/v2\/product"}],"about":[{"href":"https:\/\/jnats.eu\/pt\/wp-json\/wp\/v2\/types\/product"}],"replies":[{"embeddable":true,"href":"https:\/\/jnats.eu\/pt\/wp-json\/wp\/v2\/comments?post=4955"}],"wp:featuredmedia":[{"embeddable":true,"href":"https:\/\/jnats.eu\/pt\/wp-json\/wp\/v2\/media\/4961"}],"wp:attachment":[{"href":"https:\/\/jnats.eu\/pt\/wp-json\/wp\/v2\/media?parent=4955"}],"wp:term":[{"taxonomy":"product_brand","embeddable":true,"href":"https:\/\/jnats.eu\/pt\/wp-json\/wp\/v2\/product_brand?post=4955"},{"taxonomy":"product_cat","embeddable":true,"href":"https:\/\/jnats.eu\/pt\/wp-json\/wp\/v2\/product_cat?post=4955"},{"taxonomy":"product_tag","embeddable":true,"href":"https:\/\/jnats.eu\/pt\/wp-json\/wp\/v2\/product_tag?post=4955"}],"curies":[{"name":"wp","href":"https:\/\/api.w.org\/{rel}","templated":true}]}}