{"id":4962,"date":"2025-07-14T10:53:33","date_gmt":"2025-07-14T07:53:33","guid":{"rendered":"https:\/\/jnats.eu\/?post_type=product&#038;p=4962"},"modified":"2025-07-25T01:47:01","modified_gmt":"2025-07-24T22:47:01","slug":"ohira-shiro-suita","status":"publish","type":"product","link":"https:\/\/jnats.eu\/pt\/produto-2\/ohira-shiro-suita\/","title":{"rendered":"Ohira Shiro Suite"},"content":{"rendered":"<p><strong>Ohira Shiro Suite<\/strong> - uma das pedras de afiar naturais mais cobi\u00e7adas do Jap\u00e3o, extra\u00edda na lend\u00e1ria <strong>Mina de Ohira<\/strong> Prefeitura de Quioto, Jap\u00e3o. Esta pedra caracteriza-se pela sua textura abrasiva ultrafina e homog\u00e9nea, pela sua sensa\u00e7\u00e3o de afia\u00e7\u00e3o suave e cremosa e pela sua capacidade de produzir um corte muito afiado e limpo.<\/p>\n\n\n\n<figure class=\"wp-block-embed is-type-video is-provider-youtube wp-block-embed-youtube wp-embed-aspect-16-9 wp-has-aspect-ratio\"><div class=\"wp-block-embed__wrapper\">\n<div class=\"video-container\"><iframe title=\"Ohira Shiro Suita Teste da Faca Yakut - A\u00e7o Carbono SH15\" width=\"1170\" height=\"658\" src=\"https:\/\/www.youtube.com\/embed\/mrDqF5Y2Qvo?feature=oembed\" frameborder=\"0\" allow=\"accelerometer; autoplay; clipboard-write; encrypted-media; gyroscope; picture-in-picture; web-share\" referrerpolicy=\"strict-origin-when-cross-origin\" allowfullscreen><\/iframe><\/div>\n<\/div><\/figure>\n\n\n\n<p>A palavra no t\u00edtulo <strong>\"Shiro\" (\u767d)<\/strong> meios <em>Branco<\/em>indicando uma tonalidade mais clara da pedra principal, e <strong>\"Suite\"<\/strong> descreve um tipo de estrutura de pedra natural em camadas com linhas finas (<em>suji<\/em>), que n\u00e3o interferem com o trabalho e s\u00e3o geralmente considerados seguros.<\/p>\n\n\n\n<hr class=\"wp-block-separator has-alpha-channel-opacity\"\/>\n\n\n\n<h3 class=\"wp-block-heading\">\ud83d\udccc <strong>Carater\u00edsticas principais:<\/strong><\/h3>\n\n\n\n<ul class=\"wp-block-list\">\n<li>\u2705 <strong>Origem:<\/strong> Mina de Ohira, Quioto, Jap\u00e3o<\/li>\n\n\n\n<li>\u2705 <strong>Tipo de pedra:<\/strong> A pedra de afiar natural final (<em>Envio para<\/em>)<\/li>\n\n\n\n<li>\u2705 <strong>Rugosidade:<\/strong> Cerca de 8 000-12 000 (pode variar ligeiramente consoante a pedra)<\/li>\n\n\n\n<li>\u2705 <strong>Sentido do trabalho:<\/strong> Suave, delicado, cremoso, excelente feedback<\/li>\n\n\n\n<li>\u2705 <strong>Resultado da afina\u00e7\u00e3o:<\/strong> Superf\u00edcie semi-espelhada com um subtil efeito \"dentado\" - ideal para facas de cozinha, facas de barbear, cinz\u00e9is, ferramentas de esculpir madeira<\/li>\n\n\n\n<li>\u2705 <strong>Perfeito para a\u00e7os inoxid\u00e1veis e a\u00e7os com elevado teor de carbono (azul #1, #2, branco #1, #2, SH15, etc.)<\/strong><\/li>\n<\/ul>\n\n\n\n<hr class=\"wp-block-separator has-alpha-channel-opacity\"\/>\n\n\n\n<h2 class=\"wp-block-heading\">\ud83e\udea8 <strong>Sobre a mina de Ohira<\/strong><\/h2>\n\n\n\n<p><strong>Mina de Ohira<\/strong> - Um dos mais famosos locais de extra\u00e7\u00e3o de pedra de afiar natural no Jap\u00e3o. Est\u00e1 localizado nas colinas da Prefeitura de Quioto, perto das cadeias montanhosas de H\u014dzukawa e Atago, onde a pedra da mais alta qualidade tem sido extra\u00edda desde o per\u00edodo Edo (s\u00e9culo XVII) <em>Awasedo<\/em> pedras.<\/p>\n\n\n\n<p>A geologia da regi\u00e3o - camadas sedimentares extremamente finas de quartzito, s\u00edlica e \u00f3xidos de ferro - deu origem a algumas das pedras mais limpas, mais homog\u00e9neas e de melhor qualidade do Jap\u00e3o. Ohira \u00e9 particularmente famosa pelas suas <strong>Shiro Suita<\/strong>, <strong>Asagi<\/strong>, <strong>Tomae<\/strong> pedras que s\u00e3o apreciadas tanto pelos afiadores profissionais de facas japonesas como pelos mestres de facas de barbear.<\/p>\n\n\n\n<p>Algumas zonas da mina de Ohira est\u00e3o atualmente encerradas, pelo que os bons exemplares antigos s\u00e3o muito apreciados por coleccionadores e profissionais.<\/p>\n\n\n\n<hr class=\"wp-block-separator has-alpha-channel-opacity\"\/>\n\n\n\n<h3 class=\"wp-block-heading\">\ud83c\udfaf <strong>Uso recomendado:<\/strong><\/h3>\n\n\n\n<ul class=\"wp-block-list\">\n<li>Para afiadores de facas profissionais<\/li>\n\n\n\n<li>Para a manuten\u00e7\u00e3o de m\u00e1quinas de barbear e tosquiadeiras<\/li>\n\n\n\n<li>Para coleccionadores que procuram pedra de acabamento natural japonesa de primeira qualidade<\/li>\n\n\n\n<li>Para facas de cozinha que requerem um corte afiado, mas delicadamente grosseiro e sem micropontos<\/li>\n<\/ul>","protected":false},"excerpt":{"rendered":"<ul>\n<li>Adequado para o acabamento de ratos, cinz\u00e9is, tesouras e outras ferramentas. Pr\u00e9-acabamento para l\u00e2minas de barbear.<\/li>\n<li>Suite limpa, sem \"linhas t\u00f3xicas\" percept\u00edveis<\/li>\n<li>Dureza: Lv 4.5<\/li>\n<li>Dimens\u00f5es aprox.: 198x69x26 mm<\/li>\n<li>Peso: 880 g.<\/li>\n<\/ul>","protected":false},"featured_media":4966,"comment_status":"open","ping_status":"closed","template":"","meta":[],"product_brand":[],"product_cat":[22],"product_tag":[47,50],"class_list":{"0":"post-4962","1":"product","2":"type-product","3":"status-publish","4":"has-post-thumbnail","6":"product_cat-jnats","7":"product_tag-ohira","8":"product_tag-suita","9":"product_shipping_class-iprastas","11":"first","12":"outofstock","13":"shipping-taxable","14":"purchasable","15":"product-type-simple"},"_links":{"self":[{"href":"https:\/\/jnats.eu\/pt\/wp-json\/wp\/v2\/product\/4962","targetHints":{"allow":["GET"]}}],"collection":[{"href":"https:\/\/jnats.eu\/pt\/wp-json\/wp\/v2\/product"}],"about":[{"href":"https:\/\/jnats.eu\/pt\/wp-json\/wp\/v2\/types\/product"}],"replies":[{"embeddable":true,"href":"https:\/\/jnats.eu\/pt\/wp-json\/wp\/v2\/comments?post=4962"}],"wp:featuredmedia":[{"embeddable":true,"href":"https:\/\/jnats.eu\/pt\/wp-json\/wp\/v2\/media\/4966"}],"wp:attachment":[{"href":"https:\/\/jnats.eu\/pt\/wp-json\/wp\/v2\/media?parent=4962"}],"wp:term":[{"taxonomy":"product_brand","embeddable":true,"href":"https:\/\/jnats.eu\/pt\/wp-json\/wp\/v2\/product_brand?post=4962"},{"taxonomy":"product_cat","embeddable":true,"href":"https:\/\/jnats.eu\/pt\/wp-json\/wp\/v2\/product_cat?post=4962"},{"taxonomy":"product_tag","embeddable":true,"href":"https:\/\/jnats.eu\/pt\/wp-json\/wp\/v2\/product_tag?post=4962"}],"curies":[{"name":"wp","href":"https:\/\/api.w.org\/{rel}","templated":true}]}}