{"id":499,"date":"2024-03-07T11:05:59","date_gmt":"2024-03-07T09:05:59","guid":{"rendered":"http:\/\/jnats.eu\/?post_type=product&#038;p=499"},"modified":"2024-04-09T09:23:42","modified_gmt":"2024-04-09T06:23:42","slug":"joseph-rogers-sons-vintaziniu-skustuvu-7-dienu-rinkinys","status":"publish","type":"product","link":"https:\/\/jnats.eu\/pt\/produto-2\/joseph-rogers-sons-vintaziniu-skustuvu-7-dienu-rinkinys\/","title":{"rendered":"Conjunto de 7 dias de l\u00e2minas de barbear Joseph Rogers &amp; Sons Vintage"},"content":{"rendered":"<p>Joseph Rogers &amp; Sons Cutlers to her Majesty Shefield Vintage Razors 7 Days Set<\/p>\n\n\n\n<figure class=\"wp-block-embed is-type-video is-provider-youtube wp-block-embed-youtube wp-embed-aspect-16-9 wp-has-aspect-ratio\"><div class=\"wp-block-embed__wrapper\">\n<div class=\"video-container\"><iframe title=\"Conjunto de 7 dias de l\u00e2minas de barbear Joseph Rogers &amp; Sons Vintage\" width=\"1170\" height=\"658\" src=\"https:\/\/www.youtube.com\/embed\/fMCv4hhV4Ug?feature=oembed\" frameborder=\"0\" allow=\"accelerometer; autoplay; clipboard-write; encrypted-media; gyroscope; picture-in-picture; web-share\" referrerpolicy=\"strict-origin-when-cross-origin\" allowfullscreen><\/iframe><\/div>\n<\/div><\/figure>\n\n\n\n<p>Experimente o ep\u00edtome do artesanato brit\u00e2nico e da eleg\u00e2ncia real com o conjunto de l\u00e2minas de barbear Joseph Rogers &amp; Sons Vintage Cutlers to Her Majesty Shefield 7-Day. Este conjunto, fabricado por estimados artes\u00e3os em Sheffield, Inglaterra, conhecidos pela sua rica heran\u00e7a de trabalho em metal de precis\u00e3o e estilo intemporal.<\/p>\n\n\n\n<p>Um patrim\u00f3nio excecional:<br>Cada l\u00e2mina de barbear deste conjunto exclusivo \u00e9 fabricada pelos ferreiros do Rei. A marca centen\u00e1ria incorpora o artesanato e a tradi\u00e7\u00e3o em cada pe\u00e7a meticulosamente trabalhada.<\/p>\n\n\n\n<p>Qualidade real:<br>Fabricadas em a\u00e7o da melhor qualidade, as l\u00e2minas de barbear deste conjunto s\u00e3o a prova de uma qualidade superior e de um desempenho duradouro. Concebidas para um barbear suave e confort\u00e1vel, s\u00e3o o ep\u00edtome da precis\u00e3o e da aten\u00e7\u00e3o aos pormenores que celebram o trabalho artesanal de Sheffield.<\/p>\n\n\n\n<p>Charme do velho mundo:<br>Experimente o glamour do passado com o design vintage destas m\u00e1quinas de barbear. Desde os cabos ornamentados em marfim at\u00e9 \u00e0s l\u00e2minas perfeitamente polidas, cada m\u00e1quina de barbear exala o charme e a sofistica\u00e7\u00e3o do mundo antigo.<\/p>\n\n\n\n<p>Precis\u00e3o de 7 dias:<br>Melhore a sua rotina de cuidados pessoais com uma l\u00e2mina de barbear pr\u00e1tica para todos os dias da semana. Quer esteja a preparar-se para um dia atarefado no escrit\u00f3rio ou para um fim de semana relaxante, este conjunto garante que tem sempre \u00e0 m\u00e3o a ferramenta perfeita.<\/p>\n\n\n\n<p>Uma apresenta\u00e7\u00e3o real:<br>O conjunto de l\u00e2minas de barbear Joseph Rogers &amp; Sons Vintage Cutlers to Her Majesty Shefield 7-Day da Joseph Rogers &amp; Sons, apresentado numa elegante caixa de apresenta\u00e7\u00e3o, caracteriza-se pelo requinte e luxo. Quer seja orgulhosamente exibido no seu estojo ou oferecido como um presente precioso, incorpora a eleg\u00e2ncia intemporal do artesanato brit\u00e2nico.<\/p>\n\n\n\n<p>Melhora a sua experi\u00eancia de barbear:<br>Mergulhe no luxo de uma era passada com o conjunto de l\u00e2minas de barbear Royal. Estas l\u00e2minas de barbear n\u00e3o s\u00e3o apenas essenciais para os cuidados de sa\u00fade, s\u00e3o um legado de perfei\u00e7\u00e3o e exclusividade, garantindo que cada barbear \u00e9 um caso de realeza.<\/p>","protected":false},"excerpt":{"rendered":"<ul>\n<li>Pegas em marfim<\/li>\n<li>N\u00e3o utilizado (NOS - New old stock)<\/li>\n<li>Bom estado<\/li>\n<li>Sinais de corros\u00e3o<\/li>\n<li><strong>Uma l\u00e2mina de barbear tem uma grande fenda, duas t\u00eam pequenas fendas<\/strong><\/li>\n<\/ul>","protected":false},"featured_media":1064,"comment_status":"open","ping_status":"closed","template":"","meta":[],"product_brand":[],"product_cat":[23],"product_tag":[118,117,116,119],"class_list":{"0":"post-499","1":"product","2":"type-product","3":"status-publish","4":"has-post-thumbnail","6":"product_cat-razors","7":"product_tag-cutlers","8":"product_tag-joseph-rogers-sons","9":"product_tag-majesty","10":"product_tag-shefield","11":"product_shipping_class-light","13":"first","14":"instock","15":"shipping-taxable","16":"purchasable","17":"product-type-simple"},"_links":{"self":[{"href":"https:\/\/jnats.eu\/pt\/wp-json\/wp\/v2\/product\/499","targetHints":{"allow":["GET"]}}],"collection":[{"href":"https:\/\/jnats.eu\/pt\/wp-json\/wp\/v2\/product"}],"about":[{"href":"https:\/\/jnats.eu\/pt\/wp-json\/wp\/v2\/types\/product"}],"replies":[{"embeddable":true,"href":"https:\/\/jnats.eu\/pt\/wp-json\/wp\/v2\/comments?post=499"}],"wp:featuredmedia":[{"embeddable":true,"href":"https:\/\/jnats.eu\/pt\/wp-json\/wp\/v2\/media\/1064"}],"wp:attachment":[{"href":"https:\/\/jnats.eu\/pt\/wp-json\/wp\/v2\/media?parent=499"}],"wp:term":[{"taxonomy":"product_brand","embeddable":true,"href":"https:\/\/jnats.eu\/pt\/wp-json\/wp\/v2\/product_brand?post=499"},{"taxonomy":"product_cat","embeddable":true,"href":"https:\/\/jnats.eu\/pt\/wp-json\/wp\/v2\/product_cat?post=499"},{"taxonomy":"product_tag","embeddable":true,"href":"https:\/\/jnats.eu\/pt\/wp-json\/wp\/v2\/product_tag?post=499"}],"curies":[{"name":"wp","href":"https:\/\/api.w.org\/{rel}","templated":true}]}}