{"id":4996,"date":"2025-07-21T09:56:56","date_gmt":"2025-07-21T06:56:56","guid":{"rendered":"https:\/\/jnats.eu\/?post_type=product&#038;p=4996"},"modified":"2025-10-02T19:51:09","modified_gmt":"2025-10-02T16:51:09","slug":"nos-paauksuotas-vintazinis-skustuvas-gevoso-ss-2000","status":"publish","type":"product","link":"https:\/\/jnats.eu\/pt\/produto-2\/nos-paauksuotas-vintazinis-skustuvas-gevoso-ss-2000\/","title":{"rendered":"NOS Gilt navalha vintage Gevoso SS 2000"},"content":{"rendered":"<p>Vintage de alta qualidade <em>navalha<\/em> (navalha reta), fabricada na lend\u00e1ria Solingen, Alemanha. Modelo <strong>Gevoso SS 2000<\/strong>L\u00e2mina em a\u00e7o inoxid\u00e1vel com <strong>com fita dourada<\/strong>, um n\u00edvel de conserva\u00e7\u00e3o extremamente raro - <strong>NOS (Novo stock antigo)<\/strong>, n\u00e3o utilizado.<\/p>\n\n\n\n<figure class=\"wp-block-embed is-type-video is-provider-youtube wp-block-embed-youtube wp-embed-aspect-16-9 wp-has-aspect-ratio\"><div class=\"wp-block-embed__wrapper\">\n<div class=\"video-container\"><iframe title=\"Navalha de Barbear Vintage Gevoso SS 2000 NOS com banho de ouro\" width=\"1170\" height=\"658\" src=\"https:\/\/www.youtube.com\/embed\/ll1UrdPDA5Y?feature=oembed\" frameborder=\"0\" allow=\"accelerometer; autoplay; clipboard-write; encrypted-media; gyroscope; picture-in-picture; web-share\" referrerpolicy=\"strict-origin-when-cross-origin\" allowfullscreen><\/iframe><\/div>\n<\/div><\/figure>\n\n\n\n<ul class=\"wp-block-list\">\n<li><strong>Fabricante:<\/strong> Gevoso, Solingen, Alemanha<\/li>\n\n\n\n<li><strong>L\u00e2mina:<\/strong> a\u00e7o inoxid\u00e1vel<\/li>\n\n\n\n<li><strong>Forma:<\/strong> Extra Hollow Ground (moagem extra fina)<\/li>\n\n\n\n<li><strong>Rankena:<\/strong> Pl\u00e1stico texturizado, decorado com o log\u00f3tipo Gevos<\/li>\n\n\n\n<li><strong>Adicional:<\/strong> Caixa original vermelha com impress\u00e3o dourada<\/li>\n\n\n\n<li><strong>Estado:<\/strong> NOS - n\u00e3o utilizado, condi\u00e7\u00e3o de colecionador<\/li>\n<\/ul>","protected":false},"excerpt":{"rendered":"<ul>\n<li>NOS (New old stock) n\u00e3o utilizado NOS Gilded vintage razor Gevoso SS 2000 Solingen Made in Germany com caixa.<\/li>\n<li>O revestimento dourado est\u00e1 ligeiramente friccionado em alguns s\u00edtios. Ver com aten\u00e7\u00e3o as fotografias e o v\u00eddeo.<\/li>\n<li>A mec\u00e2nica e a geometria s\u00e3o impec\u00e1veis.<\/li>\n<li>Peso - 51 g<\/li>\n<li>Dimens\u00f5es da l\u00e2mina - 73x20x5 mm<\/li>\n<li>Extra Hollow Ground (moagem extra fina)<\/li>\n<li>Pega em pol\u00edmero<\/li>\n<\/ul>","protected":false},"featured_media":5002,"comment_status":"open","ping_status":"closed","template":"","meta":[],"product_brand":[],"product_cat":[23],"product_tag":[368,55],"class_list":{"0":"post-4996","1":"product","2":"type-product","3":"status-publish","4":"has-post-thumbnail","6":"product_cat-razors","7":"product_tag-gevoso","8":"product_tag-nos","9":"product_shipping_class-light","11":"first","12":"outofstock","13":"shipping-taxable","14":"purchasable","15":"product-type-simple"},"_links":{"self":[{"href":"https:\/\/jnats.eu\/pt\/wp-json\/wp\/v2\/product\/4996","targetHints":{"allow":["GET"]}}],"collection":[{"href":"https:\/\/jnats.eu\/pt\/wp-json\/wp\/v2\/product"}],"about":[{"href":"https:\/\/jnats.eu\/pt\/wp-json\/wp\/v2\/types\/product"}],"replies":[{"embeddable":true,"href":"https:\/\/jnats.eu\/pt\/wp-json\/wp\/v2\/comments?post=4996"}],"wp:featuredmedia":[{"embeddable":true,"href":"https:\/\/jnats.eu\/pt\/wp-json\/wp\/v2\/media\/5002"}],"wp:attachment":[{"href":"https:\/\/jnats.eu\/pt\/wp-json\/wp\/v2\/media?parent=4996"}],"wp:term":[{"taxonomy":"product_brand","embeddable":true,"href":"https:\/\/jnats.eu\/pt\/wp-json\/wp\/v2\/product_brand?post=4996"},{"taxonomy":"product_cat","embeddable":true,"href":"https:\/\/jnats.eu\/pt\/wp-json\/wp\/v2\/product_cat?post=4996"},{"taxonomy":"product_tag","embeddable":true,"href":"https:\/\/jnats.eu\/pt\/wp-json\/wp\/v2\/product_tag?post=4996"}],"curies":[{"name":"wp","href":"https:\/\/api.w.org\/{rel}","templated":true}]}}