{"id":5132,"date":"2025-08-24T10:02:00","date_gmt":"2025-08-24T07:02:00","guid":{"rendered":"https:\/\/jnats.eu\/?post_type=product&#038;p=5132"},"modified":"2025-10-08T09:20:31","modified_gmt":"2025-10-08T06:20:31","slug":"peilis-nozhemir-h-165k","status":"publish","type":"product","link":"https:\/\/jnats.eu\/pt\/produto-2\/peilis-nozhemir-h-165k\/","title":{"rendered":"Faca Nozhemir H-165K"},"content":{"rendered":"<ul class=\"wp-block-list\">\n<li>As inscri\u00e7\u00f5es est\u00e3o em russo, mas \u00e9 proveniente da China.<\/li>\n\n\n\n<li>A\u00e7o 40\u00d713<\/li>\n\n\n\n<li>L\u00e2mina 140x30x3,7 mm Tamanho da l\u00e2mina 0,9.<\/li>\n\n\n\n<li>Punho 120\u00d730 mm. Borracha com textura suave.<\/li>\n\n\n\n<li>Peso 232 g.<\/li>\n\n\n\n<li>A ponta apresenta uma mancha de origem incerta, mas n\u00e3o est\u00e1 aumentada.<\/li>\n\n\n\n<li>Bolsa de nylon.<\/li>\n\n\n\n<li>N\u00e3o utilizado, apenas derrotado pelos cotovelos.<\/li>\n<\/ul>\n\n\n\n<figure class=\"wp-block-embed is-type-video is-provider-youtube wp-block-embed-youtube wp-embed-aspect-16-9 wp-has-aspect-ratio\"><div class=\"wp-block-embed__wrapper\">\n<div class=\"video-container\"><iframe title=\"18+ Facas m\u00e1s! S\u00f3 para adultos!\" width=\"1170\" height=\"658\" src=\"https:\/\/www.youtube.com\/embed\/hvFCTt9ZjFU?start=259&#038;feature=oembed\" frameborder=\"0\" allow=\"accelerometer; autoplay; clipboard-write; encrypted-media; gyroscope; picture-in-picture; web-share\" referrerpolicy=\"strict-origin-when-cross-origin\" allowfullscreen><\/iframe><\/div>\n<\/div><\/figure>","protected":false},"excerpt":{"rendered":"<p>As inscri\u00e7\u00f5es est\u00e3o em russo, mas prov\u00e9m da China. L\u00e2mina de a\u00e7o 40\u00d713 140x30x3,7 mm Chumbo 0,9. Cabo 120\u00d730 mm. Borracha com textura suave. Peso 232 g. A ponta tem uma mancha de origem desconhecida, mas n\u00e3o se estende. Bainha de nylon. Sem uso, apenas afiada com os cotovelos.<\/p>","protected":false},"featured_media":5133,"comment_status":"open","ping_status":"closed","template":"","meta":[],"product_brand":[],"product_cat":[24],"product_tag":[76],"class_list":{"0":"post-5132","1":"product","2":"type-product","3":"status-publish","4":"has-post-thumbnail","6":"product_cat-knifes","7":"product_tag-peilis","8":"product_shipping_class-light","10":"first","11":"instock","12":"shipping-taxable","13":"purchasable","14":"product-type-simple"},"_links":{"self":[{"href":"https:\/\/jnats.eu\/pt\/wp-json\/wp\/v2\/product\/5132","targetHints":{"allow":["GET"]}}],"collection":[{"href":"https:\/\/jnats.eu\/pt\/wp-json\/wp\/v2\/product"}],"about":[{"href":"https:\/\/jnats.eu\/pt\/wp-json\/wp\/v2\/types\/product"}],"replies":[{"embeddable":true,"href":"https:\/\/jnats.eu\/pt\/wp-json\/wp\/v2\/comments?post=5132"}],"wp:featuredmedia":[{"embeddable":true,"href":"https:\/\/jnats.eu\/pt\/wp-json\/wp\/v2\/media\/5133"}],"wp:attachment":[{"href":"https:\/\/jnats.eu\/pt\/wp-json\/wp\/v2\/media?parent=5132"}],"wp:term":[{"taxonomy":"product_brand","embeddable":true,"href":"https:\/\/jnats.eu\/pt\/wp-json\/wp\/v2\/product_brand?post=5132"},{"taxonomy":"product_cat","embeddable":true,"href":"https:\/\/jnats.eu\/pt\/wp-json\/wp\/v2\/product_cat?post=5132"},{"taxonomy":"product_tag","embeddable":true,"href":"https:\/\/jnats.eu\/pt\/wp-json\/wp\/v2\/product_tag?post=5132"}],"curies":[{"name":"wp","href":"https:\/\/api.w.org\/{rel}","templated":true}]}}