{"id":5139,"date":"2025-08-24T10:30:00","date_gmt":"2025-08-24T07:30:00","guid":{"rendered":"https:\/\/jnats.eu\/?post_type=product&#038;p=5139"},"modified":"2025-09-16T15:27:37","modified_gmt":"2025-09-16T12:27:37","slug":"peilis-m390-miltelinis-plienas","status":"publish","type":"product","link":"https:\/\/jnats.eu\/pt\/produto-2\/peilis-m390-miltelinis-plienas\/","title":{"rendered":"Faca em a\u00e7o revestido a p\u00f3 M390"},"content":{"rendered":"<figure class=\"wp-block-embed is-type-video is-provider-youtube wp-block-embed-youtube wp-embed-aspect-16-9 wp-has-aspect-ratio\"><div class=\"wp-block-embed__wrapper\">\n<div class=\"video-container\"><iframe title=\"18+ Facas m\u00e1s! S\u00f3 para adultos!\" width=\"1170\" height=\"658\" src=\"https:\/\/www.youtube.com\/embed\/hvFCTt9ZjFU?start=173&#038;feature=oembed\" frameborder=\"0\" allow=\"accelerometer; autoplay; clipboard-write; encrypted-media; gyroscope; picture-in-picture; web-share\" referrerpolicy=\"strict-origin-when-cross-origin\" allowfullscreen><\/iframe><\/div>\n<\/div><\/figure>","protected":false},"excerpt":{"rendered":"<p>Faca chinesa em a\u00e7o revestido a p\u00f3 M390. L\u00e2mina 126x25x3,7 mm Binding 0,66. Revestimento c\u00f4ncavo. Cabo de madeira estabilizada 100\u00d730 mm. O suporte e a l\u00e2mina est\u00e3o espa\u00e7ados. Peso 135 g. L\u00e2mina 90x29x2,7 mm Ligante 0,5. Revestimento convexo. A\u00e7o VG10 60HRC Cabo de madeira estabilizada 97\u00d725 mm. Peso 136 g. Estojo em pele artificial<\/p>","protected":false},"featured_media":5142,"comment_status":"open","ping_status":"closed","template":"","meta":[],"product_brand":[],"product_cat":[24],"product_tag":[76],"class_list":{"0":"post-5139","1":"product","2":"type-product","3":"status-publish","4":"has-post-thumbnail","6":"product_cat-knifes","7":"product_tag-peilis","8":"product_shipping_class-light","10":"first","11":"instock","12":"shipping-taxable","13":"purchasable","14":"product-type-simple"},"_links":{"self":[{"href":"https:\/\/jnats.eu\/pt\/wp-json\/wp\/v2\/product\/5139","targetHints":{"allow":["GET"]}}],"collection":[{"href":"https:\/\/jnats.eu\/pt\/wp-json\/wp\/v2\/product"}],"about":[{"href":"https:\/\/jnats.eu\/pt\/wp-json\/wp\/v2\/types\/product"}],"replies":[{"embeddable":true,"href":"https:\/\/jnats.eu\/pt\/wp-json\/wp\/v2\/comments?post=5139"}],"wp:featuredmedia":[{"embeddable":true,"href":"https:\/\/jnats.eu\/pt\/wp-json\/wp\/v2\/media\/5142"}],"wp:attachment":[{"href":"https:\/\/jnats.eu\/pt\/wp-json\/wp\/v2\/media?parent=5139"}],"wp:term":[{"taxonomy":"product_brand","embeddable":true,"href":"https:\/\/jnats.eu\/pt\/wp-json\/wp\/v2\/product_brand?post=5139"},{"taxonomy":"product_cat","embeddable":true,"href":"https:\/\/jnats.eu\/pt\/wp-json\/wp\/v2\/product_cat?post=5139"},{"taxonomy":"product_tag","embeddable":true,"href":"https:\/\/jnats.eu\/pt\/wp-json\/wp\/v2\/product_tag?post=5139"}],"curies":[{"name":"wp","href":"https:\/\/api.w.org\/{rel}","templated":true}]}}