{"id":5152,"date":"2025-08-24T10:42:00","date_gmt":"2025-08-24T07:42:00","guid":{"rendered":"https:\/\/jnats.eu\/?post_type=product&#038;p=5152"},"modified":"2025-09-14T20:11:05","modified_gmt":"2025-09-14T17:11:05","slug":"kiniskas-peilis-skineris-vg10","status":"publish","type":"product","link":"https:\/\/jnats.eu\/pt\/produto-2\/kiniskas-peilis-skineris-vg10\/","title":{"rendered":"Faca chinesa Skineris VG10"},"content":{"rendered":"<ul class=\"wp-block-list\">\n<li>L\u00e2mina 90x29x2,7 mm Tamanho da l\u00e2mina 0,5. Revestimento c\u00f4ncavo.<\/li>\n\n\n\n<li>A\u00e7o VG10 em damasco verdadeiro 60HRC. <\/li>\n\n\n\n<li>Pega de madeira estabilizada 97\u00d725 mm.<\/li>\n\n\n\n<li>Peso 136 g.<\/li>\n\n\n\n<li>Estojo em pele sint\u00e9tica<\/li>\n<\/ul>","protected":false},"excerpt":{"rendered":"<p>L\u00e2mina 90x29x2,7 mm Tamanho da l\u00e2mina 0,5. Revestimento c\u00f4ncavo. A\u00e7o VG10 damasco real 60HRC Cabo de madeira estabilizada 97\u00d725 mm. Peso 136 g. Estojo em pele artificial<\/p>","protected":false},"featured_media":5154,"comment_status":"open","ping_status":"closed","template":"","meta":[],"product_brand":[],"product_cat":[24],"product_tag":[76],"class_list":{"0":"post-5152","1":"product","2":"type-product","3":"status-publish","4":"has-post-thumbnail","6":"product_cat-knifes","7":"product_tag-peilis","8":"product_shipping_class-light","10":"first","11":"outofstock","12":"shipping-taxable","13":"purchasable","14":"product-type-simple"},"_links":{"self":[{"href":"https:\/\/jnats.eu\/pt\/wp-json\/wp\/v2\/product\/5152","targetHints":{"allow":["GET"]}}],"collection":[{"href":"https:\/\/jnats.eu\/pt\/wp-json\/wp\/v2\/product"}],"about":[{"href":"https:\/\/jnats.eu\/pt\/wp-json\/wp\/v2\/types\/product"}],"replies":[{"embeddable":true,"href":"https:\/\/jnats.eu\/pt\/wp-json\/wp\/v2\/comments?post=5152"}],"wp:featuredmedia":[{"embeddable":true,"href":"https:\/\/jnats.eu\/pt\/wp-json\/wp\/v2\/media\/5154"}],"wp:attachment":[{"href":"https:\/\/jnats.eu\/pt\/wp-json\/wp\/v2\/media?parent=5152"}],"wp:term":[{"taxonomy":"product_brand","embeddable":true,"href":"https:\/\/jnats.eu\/pt\/wp-json\/wp\/v2\/product_brand?post=5152"},{"taxonomy":"product_cat","embeddable":true,"href":"https:\/\/jnats.eu\/pt\/wp-json\/wp\/v2\/product_cat?post=5152"},{"taxonomy":"product_tag","embeddable":true,"href":"https:\/\/jnats.eu\/pt\/wp-json\/wp\/v2\/product_tag?post=5152"}],"curies":[{"name":"wp","href":"https:\/\/api.w.org\/{rel}","templated":true}]}}