{"id":5159,"date":"2025-08-26T15:10:01","date_gmt":"2025-08-26T12:10:01","guid":{"rendered":"https:\/\/jnats.eu\/?post_type=product&#038;p=5159"},"modified":"2025-10-20T17:52:29","modified_gmt":"2025-10-20T14:52:29","slug":"iwasaki-kamisori-swedish-steel-naudotas","status":"publish","type":"product","link":"https:\/\/jnats.eu\/pt\/produto-2\/iwasaki-kamisori-swedish-steel-naudotas\/","title":{"rendered":"A\u00e7o sueco Iwasaki kamisori (usado, afiado)"},"content":{"rendered":"<figure class=\"wp-block-embed is-type-video is-provider-youtube wp-block-embed-youtube wp-embed-aspect-16-9 wp-has-aspect-ratio\"><div class=\"wp-block-embed__wrapper\">\n<div class=\"video-container\"><iframe title=\"Afiar o Iwasaki Kamisori ic\u00f3nico numa pedra de amolar Nakayama\" width=\"1170\" height=\"658\" src=\"https:\/\/www.youtube.com\/embed\/TnGyRyTGinA?start=1049&#038;feature=oembed\" frameborder=\"0\" allow=\"accelerometer; autoplay; clipboard-write; encrypted-media; gyroscope; picture-in-picture; web-share\" referrerpolicy=\"strict-origin-when-cross-origin\" allowfullscreen><\/iframe><\/div>\n<\/div><\/figure>\n\n\n\n<p>A Iwasaki \u00e9 uma das mais apreciadas entre os coleccionadores e os entusiastas do barbear tradicional pela qualidade do seu a\u00e7o temperado e pelo seu acabamento. A m\u00e1quina de barbear foi fabricada no per\u00edodo Showa, por volta da d\u00e9cada de 1950. <\/p>\n\n\n\n<p>Como uma espada tradicional de samurai, este Kamisori foi forjado \u00e0 m\u00e3o a partir de 2 camadas, a parte cortante \u00e9 feita de a\u00e7o rico em carbono e o fulcro \u00e9 de um a\u00e7o inoxid\u00e1vel mais simples. A camada interm\u00e9dia \u00e9 dura para uma afia\u00e7\u00e3o duradoura e um barbear agrad\u00e1vel, enquanto o suporte proporciona a flexibilidade necess\u00e1ria.<\/p>\n\n\n\n<p>Ambas as camadas s\u00e3o boas para resistir \u00e0 corros\u00e3o, mas nenhum a\u00e7o \u00e9 completamente \u00e0 prova de ferrugem, por isso mantenha sempre a l\u00e2mina seca depois de fazer a barba e proteja-a com uma fina camada de \u00f3leo.<\/p>","protected":false},"excerpt":{"rendered":"<ul>\n<li>Material da l\u00e2mina: a\u00e7o sueco forjado, endurecido a uma dureza relativa de 63 HRC, pelo que mant\u00e9m a sua nitidez durante muito tempo.<\/li>\n<li>Afiada com Nakayama Kiita + estropo Kanayama<\/li>\n<li>Dimens\u00f5es da l\u00e2mina aprox.: 46x17x4,5 mm<\/li>\n<li>O outro lado da l\u00e2mina de barbear, trabalhado de forma grosseira por um amador<\/li>\n<li>Material do cabo: a\u00e7o forjado<\/li>\n<li>Comprimento total: 151 mm<\/li>\n<li>Peso 35 g<\/li>\n<li>Origem: Jap\u00e3o<\/li>\n<\/ul>","protected":false},"featured_media":5163,"comment_status":"open","ping_status":"closed","template":"","meta":[],"product_brand":[],"product_cat":[23],"product_tag":[130],"class_list":{"0":"post-5159","1":"product","2":"type-product","3":"status-publish","4":"has-post-thumbnail","6":"product_cat-razors","7":"product_tag-iwasaki","8":"product_shipping_class-light","10":"first","11":"outofstock","12":"shipping-taxable","13":"purchasable","14":"product-type-simple"},"_links":{"self":[{"href":"https:\/\/jnats.eu\/pt\/wp-json\/wp\/v2\/product\/5159","targetHints":{"allow":["GET"]}}],"collection":[{"href":"https:\/\/jnats.eu\/pt\/wp-json\/wp\/v2\/product"}],"about":[{"href":"https:\/\/jnats.eu\/pt\/wp-json\/wp\/v2\/types\/product"}],"replies":[{"embeddable":true,"href":"https:\/\/jnats.eu\/pt\/wp-json\/wp\/v2\/comments?post=5159"}],"wp:featuredmedia":[{"embeddable":true,"href":"https:\/\/jnats.eu\/pt\/wp-json\/wp\/v2\/media\/5163"}],"wp:attachment":[{"href":"https:\/\/jnats.eu\/pt\/wp-json\/wp\/v2\/media?parent=5159"}],"wp:term":[{"taxonomy":"product_brand","embeddable":true,"href":"https:\/\/jnats.eu\/pt\/wp-json\/wp\/v2\/product_brand?post=5159"},{"taxonomy":"product_cat","embeddable":true,"href":"https:\/\/jnats.eu\/pt\/wp-json\/wp\/v2\/product_cat?post=5159"},{"taxonomy":"product_tag","embeddable":true,"href":"https:\/\/jnats.eu\/pt\/wp-json\/wp\/v2\/product_tag?post=5159"}],"curies":[{"name":"wp","href":"https:\/\/api.w.org\/{rel}","templated":true}]}}