{"id":5204,"date":"2025-09-12T11:07:37","date_gmt":"2025-09-12T08:07:37","guid":{"rendered":"https:\/\/jnats.eu\/?post_type=product&#038;p=5204"},"modified":"2025-09-16T13:13:04","modified_gmt":"2025-09-16T10:13:04","slug":"peiliu-rinkinys-suncraft-elegancia-3-vnt-sefo-peilis-20-cm-universalus-peilis-15-cm-universalus-peilis-10-cm-ksk-set3","status":"publish","type":"product","link":"https:\/\/jnats.eu\/pt\/produto-2\/peiliu-rinkinys-suncraft-elegancia-3-vnt-sefo-peilis-20-cm-universalus-peilis-15-cm-universalus-peilis-10-cm-ksk-set3\/","title":{"rendered":"Conjunto de facas Suncraft Elegancia, 3 unid., Faca do chefe 20 cm + Faca utilit\u00e1ria 15 cm, Faca utilit\u00e1ria 10 cm, KSK-SET3"},"content":{"rendered":"<p><strong>KSK-SET3 Conjunto de facas Suncraft Elegancia, 3 unid., Faca de cozinha 20 cm, Faca utilit\u00e1ria 15 cm, Faca multiusos 10 cm, KSK-SET3, a\u00e7o em p\u00f3 SG2<\/strong><\/p>\n\n\n\n<p>Esta faca de a\u00e7o\u00a0<strong>\"Eleg\u00e2ncia\"<\/strong>\u00a0O conjunto \u00e9 o presente perfeito para algu\u00e9m que adora cozinhar. A arte japonesa, a qualidade impec\u00e1vel e a eleg\u00e2ncia impressionar\u00e3o at\u00e9 o chef mais exigente.<\/p>\n\n\n\n<p><strong>O conjunto inclui:<\/strong><\/p>\n\n\n\n<p>- Faca de cozinha \"Elegancia Chef\", 20 cm.<\/p>\n\n\n\n<p>- Faca multiusos \"Elegancia Petty\", 15 cm.<\/p>\n\n\n\n<p>- Faca multiusos \"Elegancia Paring\", 10 cm.<\/p>\n\n\n\n<p>Facas japonesas robustas, muito afiadas e pesadas&nbsp;<strong>Suncraft \"Elegance\"<\/strong>&nbsp;em a\u00e7o japon\u00eas revestido a p\u00f3 SG2, com um design marcante e de qualidade superior. As pontas e os gumes das facas s\u00e3o afilados at\u00e9 \u00e0 extremidade, o que confere a estas facas versatilidade e poder de corte. O cabo \u00e9 feito de madeira dura, imperme\u00e1vel e completamente inodoro. Pode ter a certeza absoluta de que o cabo de madeira dura n\u00e3o oxida nem se torna mais macio e n\u00e3o necessita dos cuidados adicionais que a madeira comum exige.<\/p>\n\n\n\n<p>- Faca de cozinha&nbsp;<strong>\"Elegancia Chef\"<\/strong>&nbsp;O seu design curvo torna-a ideal n\u00e3o s\u00f3 para cortar carne, mas tamb\u00e9m para picar ervas, legumes ou mesmo nozes. A l\u00e2mina comprida e o cabo de estilo ocidental proporcionam-lhe um controlo total durante o corte. A arte japonesa, a precis\u00e3o e as novas tecnologias tornam esta faca \u00fanica e inimit\u00e1vel.<\/p>\n\n\n\n<p>- Cortar ou limpar carne, fruta ou legumes com a faca japonesa universal&nbsp;<strong>\"Eleg\u00e2ncia Petty\"<\/strong>&nbsp;ser\u00e1 uma anedota.<\/p>\n\n\n\n<p>- \"<strong>Elegance Paring\".&nbsp;<\/strong>\u00e9 uma \u00f3ptima alternativa a uma faca de chefe. A faca \u00e9 pequena, mas perfeita para cortar pequenos legumes, descascar fruta ou mesmo cortar carne, e os bordos curvos da faca garantem um deslizamento perfeito.<\/p>\n\n\n\n<p><strong>Carater\u00edsticas das facas de a\u00e7o em p\u00f3 Suncraft Elegancia:<\/strong><\/p>\n\n\n\n<p>- Fabricado em a\u00e7o inoxid\u00e1vel revestido a p\u00f3 japon\u00eas SG2;<\/p>\n\n\n\n<p>- Dureza do n\u00facleo - R63 +\/- 1;<\/p>\n\n\n\n<p>- Dimens\u00f5es (faca de cozinha): comprimento da l\u00e2mina - 20 cm, comprimento total - 34 cm.<\/p>\n\n\n\n<p>- Dimens\u00f5es (canivete): comprimento da l\u00e2mina 15 cm, comprimento total 26 cm.<\/p>\n\n\n\n<p>- Dimens\u00f5es (faca para aparar): comprimento da l\u00e2mina - 10 cm.<\/p>\n\n\n\n<p>- Peso (faca de chefe): 197 g.<\/p>\n\n\n\n<p>- Peso (faca universal): 104 g.<\/p>\n\n\n\n<p>- Fabricado no Jap\u00e3o.<\/p>\n\n\n\n<p>- N\u00e3o pode ser lavado na m\u00e1quina de lavar lou\u00e7a.<\/p>","protected":false},"excerpt":{"rendered":"<p>O conjunto inclui:<\/p>\n<p>- Faca de cozinha \"Elegancia Chef\", 20 cm.<\/p>\n<p>- Faca multiusos \"Elegancia Petty\", 15 cm.<\/p>\n<p>- Faca multiusos \"Elegancia Paring\", 10 cm.<\/p>","protected":false},"featured_media":5210,"comment_status":"open","ping_status":"closed","template":"","meta":[],"product_brand":[],"product_cat":[24],"product_tag":[76,103],"class_list":{"0":"post-5204","1":"product","2":"type-product","3":"status-publish","4":"has-post-thumbnail","6":"product_cat-knifes","7":"product_tag-peilis","8":"product_tag-suncraft","9":"product_shipping_class-iprastas","11":"first","12":"instock","13":"shipping-taxable","14":"purchasable","15":"product-type-simple"},"_links":{"self":[{"href":"https:\/\/jnats.eu\/pt\/wp-json\/wp\/v2\/product\/5204","targetHints":{"allow":["GET"]}}],"collection":[{"href":"https:\/\/jnats.eu\/pt\/wp-json\/wp\/v2\/product"}],"about":[{"href":"https:\/\/jnats.eu\/pt\/wp-json\/wp\/v2\/types\/product"}],"replies":[{"embeddable":true,"href":"https:\/\/jnats.eu\/pt\/wp-json\/wp\/v2\/comments?post=5204"}],"wp:featuredmedia":[{"embeddable":true,"href":"https:\/\/jnats.eu\/pt\/wp-json\/wp\/v2\/media\/5210"}],"wp:attachment":[{"href":"https:\/\/jnats.eu\/pt\/wp-json\/wp\/v2\/media?parent=5204"}],"wp:term":[{"taxonomy":"product_brand","embeddable":true,"href":"https:\/\/jnats.eu\/pt\/wp-json\/wp\/v2\/product_brand?post=5204"},{"taxonomy":"product_cat","embeddable":true,"href":"https:\/\/jnats.eu\/pt\/wp-json\/wp\/v2\/product_cat?post=5204"},{"taxonomy":"product_tag","embeddable":true,"href":"https:\/\/jnats.eu\/pt\/wp-json\/wp\/v2\/product_tag?post=5204"}],"curies":[{"name":"wp","href":"https:\/\/api.w.org\/{rel}","templated":true}]}}