{"id":5214,"date":"2025-09-16T11:14:24","date_gmt":"2025-09-16T08:14:24","guid":{"rendered":"https:\/\/jnats.eu\/?post_type=product&#038;p=5214"},"modified":"2025-09-16T11:26:38","modified_gmt":"2025-09-16T08:26:38","slug":"masamotoyama-karasu","status":"publish","type":"product","link":"https:\/\/jnats.eu\/pt\/produto-2\/masamotoyama-karasu\/","title":{"rendered":"Masamotoyama Karasu"},"content":{"rendered":"<figure class=\"wp-block-embed is-type-video is-provider-youtube wp-block-embed-youtube wp-embed-aspect-9-16 wp-has-aspect-ratio\"><div class=\"wp-block-embed__wrapper\">\n<div class=\"video-container\"><iframe title=\"Afiar uma l\u00e2mina de barbear Iwasaki lend\u00e1ria em Masamotoyama Karasu #jnats\" width=\"563\" height=\"1000\" src=\"https:\/\/www.youtube.com\/embed\/b1dEz58ucpQ?feature=oembed\" frameborder=\"0\" allow=\"accelerometer; autoplay; clipboard-write; encrypted-media; gyroscope; picture-in-picture; web-share\" referrerpolicy=\"strict-origin-when-cross-origin\" allowfullscreen><\/iframe><\/div>\n<\/div><\/figure>","protected":false},"excerpt":{"rendered":"<ul>\n<li>Pedra de afiar japonesa fina para acabamento.<\/li>\n<li>Adequado para o acabamento de l\u00e2minas de barbear, facas, tesouras, ferramentas de carpintaria e outras.<\/li>\n<li>Dimens\u00f5es: 209x80x45 mm<\/li>\n<li>Peso: 1770 g<\/li>\n<li>Dureza: Lv 4.5<\/li>\n<li>A superf\u00edcie \u00e9 lisa e est\u00e1 pronta a ser utilizada.<\/li>\n<li>A linha grande \u00e9 ligeiramente percet\u00edvel com o dedo, mas n\u00e3o interfere com a afia\u00e7\u00e3o.<\/li>\n<\/ul>","protected":false},"featured_media":5216,"comment_status":"open","ping_status":"closed","template":"","meta":[],"product_brand":[],"product_cat":[22],"product_tag":[57,316],"class_list":{"0":"post-5214","1":"product","2":"type-product","3":"status-publish","4":"has-post-thumbnail","6":"product_cat-jnats","7":"product_tag-karasu","8":"product_tag-masamotoyama","9":"product_shipping_class-iprastas","11":"first","12":"instock","13":"shipping-taxable","14":"purchasable","15":"product-type-simple"},"_links":{"self":[{"href":"https:\/\/jnats.eu\/pt\/wp-json\/wp\/v2\/product\/5214","targetHints":{"allow":["GET"]}}],"collection":[{"href":"https:\/\/jnats.eu\/pt\/wp-json\/wp\/v2\/product"}],"about":[{"href":"https:\/\/jnats.eu\/pt\/wp-json\/wp\/v2\/types\/product"}],"replies":[{"embeddable":true,"href":"https:\/\/jnats.eu\/pt\/wp-json\/wp\/v2\/comments?post=5214"}],"wp:featuredmedia":[{"embeddable":true,"href":"https:\/\/jnats.eu\/pt\/wp-json\/wp\/v2\/media\/5216"}],"wp:attachment":[{"href":"https:\/\/jnats.eu\/pt\/wp-json\/wp\/v2\/media?parent=5214"}],"wp:term":[{"taxonomy":"product_brand","embeddable":true,"href":"https:\/\/jnats.eu\/pt\/wp-json\/wp\/v2\/product_brand?post=5214"},{"taxonomy":"product_cat","embeddable":true,"href":"https:\/\/jnats.eu\/pt\/wp-json\/wp\/v2\/product_cat?post=5214"},{"taxonomy":"product_tag","embeddable":true,"href":"https:\/\/jnats.eu\/pt\/wp-json\/wp\/v2\/product_tag?post=5214"}],"curies":[{"name":"wp","href":"https:\/\/api.w.org\/{rel}","templated":true}]}}