{"id":53,"date":"2024-02-15T12:17:41","date_gmt":"2024-02-15T10:17:41","guid":{"rendered":"http:\/\/jnats.eu\/?post_type=product&#038;p=53"},"modified":"2026-01-08T23:49:56","modified_gmt":"2026-01-08T21:49:56","slug":"nos-vintage-japanese-razor-kamisori-tamahagane-eisho-%e7%8e%89%e9%8b%bc-%e6%b0%b8%e6%ad%a3","status":"publish","type":"product","link":"https:\/\/jnats.eu\/pt\/produto-2\/nos-vintage-japanese-razor-kamisori-tamahagane-eisho-%e7%8e%89%e9%8b%bc-%e6%b0%b8%e6%ad%a3\/","title":{"rendered":"NOS Vintage navalha japonesa Kamisori Tamahagane Eisho \u7389\u92fc \u6c38\u6b63"},"content":{"rendered":"<p>NOS (New old stock) L\u00e2mina de barbear japonesa Kamisori Tamahagane Eisho \u7389\u92fc \u6c38\u6b63.<\/p>\n\n\n\n<p>H\u00e1 vest\u00edgios de tempo e ferrugem. Veja atentamente as fotografias e o v\u00eddeo.<\/p>\n\n\n\n<p>A navalha foi fabricada no per\u00edodo Showa, aproximadamente na d\u00e9cada de 1950. Tem um comprimento de 14,2 cm, uma largura de 1,4 cm, um comprimento do gume de 3,6 cm, 4 mm de espessura e um peso de 37,0 g. Um kamisori de tamanho m\u00e9dio com um peso ligeiro. <\/p>\n\n\n\n<p>Semelhante \u00e0 tradicional espada Samurai, esta Kamisori foi forjada \u00e0 m\u00e3o a partir de 2 camadas, a parte de corte \u00e9 feita de a\u00e7o de alto carbono e a camada de suporte de ferro. O Tamahagane \u00e9 o a\u00e7o tradicional produzido no Jap\u00e3o h\u00e1 s\u00e9culos. Como o Jap\u00e3o n\u00e3o possui grandes recursos de min\u00e9rio de ferro, o a\u00e7o \u00e9 produzido a partir de areia de ferro num processo manual que dura v\u00e1rios dias. A camada de a\u00e7o \u00e9 fr\u00e1gil e dura, enquanto o ferro confere a flexibilidade adequada. <\/p>\n\n\n\n<p>Ambas as camadas n\u00e3o s\u00e3o inoxid\u00e1veis, por isso mantenha sempre a sua m\u00e1quina de barbear seca depois de se barbear e proteja-a com uma fina camada de \u00f3leo. Porque \u00e9 que esta l\u00e2mina n\u00e3o \u00e9 inoxid\u00e1vel? As l\u00e2minas de a\u00e7o inoxid\u00e1vel s\u00e3o feitas de uma liga que evita que manchem, mas tamb\u00e9m as torna menos duras. Os a\u00e7os com elevado teor de carbono, como a camada de corte desta Kamisori, t\u00eam uma dureza muito superior e manter\u00e3o a sua qualidade de barbear suave durante muito mais tempo antes de ser necess\u00e1rio afi\u00e1-las novamente.<\/p>\n\n\n\n<p>O a\u00e7o Tamahagane \u7389\u92fc, um material lend\u00e1rio e reverenciado no reino da fabrica\u00e7\u00e3o de espadas tradicionais japonesas, ocupa um lugar especial no cora\u00e7\u00e3o de artes\u00e3os e entusiastas. Reconhecido pela sua qualidade excecional e pelo processo meticuloso da sua cria\u00e7\u00e3o, o a\u00e7o Tamahagane incorpora a mistura perfeita de arte, tradi\u00e7\u00e3o e funcionalidade. Neste artigo, iremos aprofundar as origens, o processo de produ\u00e7\u00e3o e o significado do a\u00e7o Tamahagane na cultura japonesa.<\/p>\n\n\n\n<figure class=\"wp-block-embed is-type-video is-provider-youtube wp-block-embed-youtube wp-embed-aspect-16-9 wp-has-aspect-ratio\"><div class=\"wp-block-embed__wrapper\">\n<div class=\"video-container\"><iframe title=\"N\u00e3o utilizado \u2606 L\u00e2mina de barbear japonesa \u2606 Tamahagane Eisho\" width=\"1170\" height=\"658\" src=\"https:\/\/www.youtube.com\/embed\/9HariQcWgsI?feature=oembed\" frameborder=\"0\" allow=\"accelerometer; autoplay; clipboard-write; encrypted-media; gyroscope; picture-in-picture; web-share\" allowfullscreen><\/iframe><\/div>\n<\/div><\/figure>","protected":false},"excerpt":{"rendered":"<p>NOS (New old Stock) L\u00e2mina de barbear japonesa Kamisori Tamahagane Eisho \u7389\u92fc \u6c38\u6b63.<\/p>\n<p>A navalha foi fabricada no per\u00edodo Showa, aproximadamente na d\u00e9cada de 1950. Tem um comprimento de 14,2 cm, uma largura de 1,4 cm, um comprimento do gume de 3,6 cm, 4 mm de espessura e um peso de 37,0 g. Um kamisori de tamanho m\u00e9dio com um peso ligeiro.<\/p>\n<p>&nbsp;<\/p>","protected":false},"featured_media":1108,"comment_status":"open","ping_status":"closed","template":"","meta":[],"product_brand":[],"product_cat":[23],"product_tag":[27,25,26],"class_list":{"0":"post-53","1":"product","2":"type-product","3":"status-publish","4":"has-post-thumbnail","6":"product_cat-razors","7":"product_tag-eisho","8":"product_tag-kamisori","9":"product_tag-tamahagane","10":"product_shipping_class-light","12":"first","13":"instock","14":"sale","15":"sold-individually","16":"shipping-taxable","17":"purchasable","18":"product-type-variable"},"_links":{"self":[{"href":"https:\/\/jnats.eu\/pt\/wp-json\/wp\/v2\/product\/53","targetHints":{"allow":["GET"]}}],"collection":[{"href":"https:\/\/jnats.eu\/pt\/wp-json\/wp\/v2\/product"}],"about":[{"href":"https:\/\/jnats.eu\/pt\/wp-json\/wp\/v2\/types\/product"}],"replies":[{"embeddable":true,"href":"https:\/\/jnats.eu\/pt\/wp-json\/wp\/v2\/comments?post=53"}],"wp:featuredmedia":[{"embeddable":true,"href":"https:\/\/jnats.eu\/pt\/wp-json\/wp\/v2\/media\/1108"}],"wp:attachment":[{"href":"https:\/\/jnats.eu\/pt\/wp-json\/wp\/v2\/media?parent=53"}],"wp:term":[{"taxonomy":"product_brand","embeddable":true,"href":"https:\/\/jnats.eu\/pt\/wp-json\/wp\/v2\/product_brand?post=53"},{"taxonomy":"product_cat","embeddable":true,"href":"https:\/\/jnats.eu\/pt\/wp-json\/wp\/v2\/product_cat?post=53"},{"taxonomy":"product_tag","embeddable":true,"href":"https:\/\/jnats.eu\/pt\/wp-json\/wp\/v2\/product_tag?post=53"}],"curies":[{"name":"wp","href":"https:\/\/api.w.org\/{rel}","templated":true}]}}