{"id":5311,"date":"2025-10-08T11:11:10","date_gmt":"2025-10-08T08:11:10","guid":{"rendered":"https:\/\/jnats.eu\/?post_type=product&#038;p=5311"},"modified":"2025-11-11T19:57:46","modified_gmt":"2025-11-11T17:57:46","slug":"j-a-henckels-friodur-inox-no-stain-72-klasikinis-tiesus-skustuvas-solingen-vokietija","status":"publish","type":"product","link":"https:\/\/jnats.eu\/pt\/produto-2\/j-a-henckels-friodur-inox-no-stain-72-klasikinis-tiesus-skustuvas-solingen-vokietija\/","title":{"rendered":"J.A. Henckels Friodur Inox No Stain 72 - navalha reta cl\u00e1ssica (Solingen, Alemanha)"},"content":{"rendered":"<p>L\u00e2mina de barbear topo de gama da lend\u00e1ria <strong>J.A. Henckels Zwillingwerk<\/strong> Oficina em Solingen, Alemanha. Modelo <strong>Friodur 72<\/strong> feito de <strong>A\u00e7o inoxid\u00e1vel endurecido (Inox No Stain)<\/strong>com uma resist\u00eancia \u00e0 corros\u00e3o e durabilidade excepcionais.<\/p>\n\n\n\n<figure class=\"wp-block-embed is-type-video is-provider-youtube wp-block-embed-youtube wp-embed-aspect-9-16 wp-has-aspect-ratio\"><div class=\"wp-block-embed__wrapper\">\n<div class=\"video-container\"><iframe title=\"J.A. Henckels Friodur Inox No Stain 72 Gold wash\" width=\"563\" height=\"1000\" src=\"https:\/\/www.youtube.com\/embed\/CQ2db5ramGI?feature=oembed\" frameborder=\"0\" allow=\"accelerometer; autoplay; clipboard-write; encrypted-media; gyroscope; picture-in-picture; web-share\" referrerpolicy=\"strict-origin-when-cross-origin\" allowfullscreen><\/iframe><\/div>\n<\/div><\/figure>\n\n\n\n<p>Lado da l\u00e2mina decorado <strong>com o padr\u00e3o original de lavagem dourada (uma fina camada de ouro verdadeiro)<\/strong>para um aspeto distinto e cl\u00e1ssico. \u00c9 uma navalha de cole\u00e7\u00e3o e de valor pr\u00e1tico, adequada tanto para uso como para exposi\u00e7\u00e3o.<\/p>\n\n\n\n<p><strong>Caracter\u00edsticas:<\/strong><\/p>\n\n\n\n<ul class=\"wp-block-list\">\n<li>\u2705 <strong>Fabricante:<\/strong> J.A. Henckels Zwillingwerk AG (Solingen, Alemanha)<\/li>\n\n\n\n<li>\ud83e\ude92 <strong>Modelo:<\/strong> Friodur Inox No Stain 72<\/li>\n\n\n\n<li>\ud83d\udd2a <strong>L\u00e2mina:<\/strong> A\u00e7o inoxid\u00e1vel, endurecimento criog\u00e9nico Friodur<\/li>\n\n\n\n<li>\u2728 <strong>Decora\u00e7\u00e3o:<\/strong> Padr\u00e3o original de lavagem dourada (camada fina de ouro verdadeiro)<\/li>\n\n\n\n<li>\ud83e\uddf0 <strong>Rankena:<\/strong> Pl\u00e1stico de estilo cl\u00e1ssico com o log\u00f3tipo Friodur<\/li>\n\n\n\n<li>\ud83d\udce6 <strong>Embalagem:<\/strong> Caixa de pl\u00e1stico vermelha original com log\u00f3tipo dourado<\/li>\n\n\n\n<li>\ud83c\udde9\ud83c\uddea <strong>Origem:<\/strong> Solingen, Alemanha<\/li>\n<\/ul>\n\n\n\n<p><strong>Carater\u00edsticas:<\/strong><\/p>\n\n\n\n<ul class=\"wp-block-list\">\n<li>Borda extra afiada e de longa dura\u00e7\u00e3o<\/li>\n\n\n\n<li>A\u00e7o inoxid\u00e1vel de f\u00e1cil manuten\u00e7\u00e3o<\/li>\n\n\n\n<li>Produto aut\u00eantico de Solingen, modelo de cole\u00e7\u00e3o<\/li>\n\n\n\n<li>Perfeito para entusiastas do barbear e coleccionadores<\/li>\n<\/ul>","protected":false},"excerpt":{"rendered":"<ul>\n<li>A\u00e7o inoxid\u00e1vel Inox, Friodur - endurecido a frio<\/li>\n<li>Lado da l\u00e2mina decorado <strong>com o padr\u00e3o original de lavagem dourada (uma fina camada de ouro verdadeiro)<\/strong>,<\/li>\n<li>Pega em pol\u00edmero<\/li>\n<li>Caixa de pl\u00e1stico<\/li>\n<li>Peso - 50 g<\/li>\n<li>Dimens\u00f5es da l\u00e2mina - 75x20x6 mm<\/li>\n<li>A m\u00e1quina de barbear n\u00e3o foi utilizada, mas devido ao longo per\u00edodo de armazenamento, a caixa apresenta alguns riscos ligeiros.<\/li>\n<\/ul>","protected":false},"featured_media":5313,"comment_status":"open","ping_status":"closed","template":"","meta":[],"product_brand":[],"product_cat":[23],"product_tag":[158,156],"class_list":{"0":"post-5311","1":"product","2":"type-product","3":"status-publish","4":"has-post-thumbnail","6":"product_cat-razors","7":"product_tag-friodur","8":"product_tag-henckels","9":"product_shipping_class-light","11":"first","12":"outofstock","13":"shipping-taxable","14":"purchasable","15":"product-type-simple"},"_links":{"self":[{"href":"https:\/\/jnats.eu\/pt\/wp-json\/wp\/v2\/product\/5311","targetHints":{"allow":["GET"]}}],"collection":[{"href":"https:\/\/jnats.eu\/pt\/wp-json\/wp\/v2\/product"}],"about":[{"href":"https:\/\/jnats.eu\/pt\/wp-json\/wp\/v2\/types\/product"}],"replies":[{"embeddable":true,"href":"https:\/\/jnats.eu\/pt\/wp-json\/wp\/v2\/comments?post=5311"}],"wp:featuredmedia":[{"embeddable":true,"href":"https:\/\/jnats.eu\/pt\/wp-json\/wp\/v2\/media\/5313"}],"wp:attachment":[{"href":"https:\/\/jnats.eu\/pt\/wp-json\/wp\/v2\/media?parent=5311"}],"wp:term":[{"taxonomy":"product_brand","embeddable":true,"href":"https:\/\/jnats.eu\/pt\/wp-json\/wp\/v2\/product_brand?post=5311"},{"taxonomy":"product_cat","embeddable":true,"href":"https:\/\/jnats.eu\/pt\/wp-json\/wp\/v2\/product_cat?post=5311"},{"taxonomy":"product_tag","embeddable":true,"href":"https:\/\/jnats.eu\/pt\/wp-json\/wp\/v2\/product_tag?post=5311"}],"curies":[{"name":"wp","href":"https:\/\/api.w.org\/{rel}","templated":true}]}}