{"id":5329,"date":"2025-10-08T11:45:20","date_gmt":"2025-10-08T08:45:20","guid":{"rendered":"https:\/\/jnats.eu\/?post_type=product&#038;p=5329"},"modified":"2025-11-23T10:59:32","modified_gmt":"2025-11-23T08:59:32","slug":"ohira-uchigumori-naturalus-japoniskas-galandinimo-akmuo-%e5%86%85%e6%9b%87%e7%a0%a5","status":"publish","type":"product","link":"https:\/\/jnats.eu\/pt\/produto-2\/ohira-uchigumori-naturalus-japoniskas-galandinimo-akmuo-%e5%86%85%e6%9b%87%e7%a0%a5\/","title":{"rendered":"Ohira Uchigumori - pedra de afiar natural japonesa (\u5185\u66c7\u7825)"},"content":{"rendered":"<p>Alta qualidade <strong>Uchigumori Natural Japon\u00eas<\/strong> uma pedra extra\u00edda da famosa <strong>Ohira<\/strong> pedreira em Kyoto, Jap\u00e3o. Estas pedras s\u00e3o tradicionalmente utilizadas <strong>acabamento final e polimento de l\u00e2minas<\/strong>especialmente para facas forjadas japonesas, espadas e ferramentas topo de gama.<\/p>\n\n\n\n<figure class=\"wp-block-embed is-type-video is-provider-youtube wp-block-embed-youtube wp-embed-aspect-16-9 wp-has-aspect-ratio\"><div class=\"wp-block-embed__wrapper\">\n<div class=\"video-container\"><iframe title=\"Pedra Ohira Uchigumori - Lend\u00e1ria pedra japonesa de acabamento\" width=\"1170\" height=\"658\" src=\"https:\/\/www.youtube.com\/embed\/TtPEvr_U_To?feature=oembed\" frameborder=\"0\" allow=\"accelerometer; autoplay; clipboard-write; encrypted-media; gyroscope; picture-in-picture; web-share\" referrerpolicy=\"strict-origin-when-cross-origin\" allowfullscreen><\/iframe><\/div>\n<\/div><\/figure>\n\n\n\n<p>\"As pedras de Uchigumori s\u00e3o famosas pela sua <strong>uma delicada sensa\u00e7\u00e3o de moagem<\/strong> e a capacidade de criar <strong>kasumi (nevoeiro)<\/strong> ou <strong>contraste nebuloso<\/strong> entre o a\u00e7o mais duro da l\u00e2mina e o lado mais macio, o que \u00e9 muito apreciado por artes\u00e3os profissionais e entusiastas de facas.<\/p>\n\n\n\n<hr class=\"wp-block-separator has-alpha-channel-opacity\"\/>\n\n\n\n<p><strong>Caracter\u00edsticas:<\/strong><\/p>\n\n\n\n<ul class=\"wp-block-list\">\n<li>\ud83c\uddef\ud83c\uddf5 <strong>Origem:<\/strong> Ohira, Prefeitura de Quioto, Jap\u00e3o<\/li>\n\n\n\n<li>\ud83e\udea8 <strong>Tipo:<\/strong> Pedra de \u00e1gua natural japonesa (Uchigumori - \u5185\u66c7\u7825)<\/li>\n\n\n\n<li>\ud83c\udf3f <strong>Utiliza\u00e7\u00f5es:<\/strong> Polimento final (pedra de acabamento)<\/li>\n\n\n\n<li>\u2728 <strong>Rugosidade:<\/strong> Cerca de 6000-8000+ (natural, n\u00e3o normalizado)<\/li>\n\n\n\n<li>\ud83e\uddf1 <strong>Dureza:<\/strong> M\u00e9dio a macio (consoante a pe\u00e7a)<\/li>\n\n\n\n<li>Utilizar apenas com \u00e1gua, sem \u00f3leo<\/li>\n<\/ul>\n\n\n\n<hr class=\"wp-block-separator has-alpha-channel-opacity\"\/>\n\n\n\n<p><strong>Carater\u00edsticas:<\/strong><\/p>\n\n\n\n<ul class=\"wp-block-list\">\n<li>Cria um cl\u00e1ssico <strong>o efeito kasumi<\/strong> numa l\u00e2mina japonesa<\/li>\n\n\n\n<li>Sensa\u00e7\u00e3o de afia\u00e7\u00e3o muito suave, abrasividade controlada<\/li>\n\n\n\n<li>Adequado tanto para profissionais como para coleccionadores que procuram um acabamento japon\u00eas aut\u00eantico<\/li>\n\n\n\n<li>Cada pedra \u00e9 <strong>uma pe\u00e7a \u00fanica<\/strong>com textura e estrutura excepcionais<\/li>\n<\/ul>\n\n\n\n<hr class=\"wp-block-separator has-alpha-channel-opacity\"\/>\n\n\n\n<p>\ud83d\udcdd <strong>Observa\u00e7\u00e3o:<\/strong> As pedras Uchigumori s\u00e3o frequentemente utilizadas em combina\u00e7\u00e3o com nagura (uma pedra auxiliar mais fina) para formar uma camada de lama que melhora o efeito de polimento. Devido \u00e0 sua natureza natural, podem ser <strong>pequenas fissuras, estratifica\u00e7\u00f5es ou inclus\u00f5es naturais<\/strong>n\u00e3o afectando a utiliza\u00e7\u00e3o.<\/p>","protected":false},"excerpt":{"rendered":"<ul>\n<li>Adequado para polir facas e outras ferramentas, bem como para afiar<\/li>\n<li>Dimens\u00f5es e peso aproximado:<\/li>\n<li>1: 205x60x56 mm. 1750 g.<\/li>\n<li>2: 204x75x45 mm. 1810 g.<\/li>\n<li>3: 208x71x57 mm. 2170 g.<\/li>\n<li>Dureza: Lv 4. Muito mais duro do que o cl\u00e1ssico Ohira Uchigumori, muito parecido com os an\u00e1logos de Mizukihara.<\/li>\n<li>A superf\u00edcie n\u00e3o est\u00e1 totalmente lisa, apenas uma parte est\u00e1 pronta a ser utilizada. Podemos alisar toda a superf\u00edcie, se o desejar, mas isso reduzir\u00e1 o peso em algumas dezenas de gramas.<\/li>\n<li><strong>O mais pequeno tem uma linha \"t\u00f3xica\".<\/strong><\/li>\n<\/ul>","protected":false},"featured_media":5330,"comment_status":"open","ping_status":"closed","template":"","meta":[],"product_brand":[],"product_cat":[22],"product_tag":[47,193],"class_list":{"0":"post-5329","1":"product","2":"type-product","3":"status-publish","4":"has-post-thumbnail","6":"product_cat-jnats","7":"product_tag-ohira","8":"product_tag-uchigumori","9":"product_shipping_class-iprastas","11":"first","12":"instock","13":"shipping-taxable","14":"purchasable","15":"product-type-variable"},"_links":{"self":[{"href":"https:\/\/jnats.eu\/pt\/wp-json\/wp\/v2\/product\/5329","targetHints":{"allow":["GET"]}}],"collection":[{"href":"https:\/\/jnats.eu\/pt\/wp-json\/wp\/v2\/product"}],"about":[{"href":"https:\/\/jnats.eu\/pt\/wp-json\/wp\/v2\/types\/product"}],"replies":[{"embeddable":true,"href":"https:\/\/jnats.eu\/pt\/wp-json\/wp\/v2\/comments?post=5329"}],"wp:featuredmedia":[{"embeddable":true,"href":"https:\/\/jnats.eu\/pt\/wp-json\/wp\/v2\/media\/5330"}],"wp:attachment":[{"href":"https:\/\/jnats.eu\/pt\/wp-json\/wp\/v2\/media?parent=5329"}],"wp:term":[{"taxonomy":"product_brand","embeddable":true,"href":"https:\/\/jnats.eu\/pt\/wp-json\/wp\/v2\/product_brand?post=5329"},{"taxonomy":"product_cat","embeddable":true,"href":"https:\/\/jnats.eu\/pt\/wp-json\/wp\/v2\/product_cat?post=5329"},{"taxonomy":"product_tag","embeddable":true,"href":"https:\/\/jnats.eu\/pt\/wp-json\/wp\/v2\/product_tag?post=5329"}],"curies":[{"name":"wp","href":"https:\/\/api.w.org\/{rel}","templated":true}]}}