{"id":5400,"date":"2025-11-08T11:19:38","date_gmt":"2025-11-08T09:19:38","guid":{"rendered":"https:\/\/jnats.eu\/?post_type=product&#038;p=5400"},"modified":"2025-11-21T21:34:04","modified_gmt":"2025-11-21T19:34:04","slug":"zwilling-j-a-henkels-17-friodur-inox-no-stain-solingen-germany","status":"publish","type":"product","link":"https:\/\/jnats.eu\/pt\/produto-2\/zwilling-j-a-henkels-17-friodur-inox-no-stain-solingen-germany\/","title":{"rendered":"Zwilling J.A. Henkels 17 Friodur Inox No Stain Solingen Alemanha"},"content":{"rendered":"<p>L\u00e2mina de barbear topo de gama da lend\u00e1ria <strong>J.A. Henckels Zwillingwerk<\/strong> Oficina em Solingen, Alemanha. O maior modelo do fabricante <strong>Friodur 17<\/strong> feito de <strong>A\u00e7o inoxid\u00e1vel endurecido (Inox No Stain)<\/strong>com uma resist\u00eancia \u00e0 corros\u00e3o e durabilidade excepcionais.<\/p>\n\n\n\n<figure class=\"wp-block-embed is-type-video is-provider-youtube wp-block-embed-youtube wp-embed-aspect-9-16 wp-has-aspect-ratio\"><div class=\"wp-block-embed__wrapper\">\n<div class=\"video-container\"><iframe title=\"A maior l\u00e2mina de barbear Zwilling J.A. Henkels\" width=\"563\" height=\"1000\" src=\"https:\/\/www.youtube.com\/embed\/yCK3QmOwc5E?feature=oembed\" frameborder=\"0\" allow=\"accelerometer; autoplay; clipboard-write; encrypted-media; gyroscope; picture-in-picture; web-share\" referrerpolicy=\"strict-origin-when-cross-origin\" allowfullscreen><\/iframe><\/div>\n<\/div><\/figure>\n\n\n\n<p><strong>Caracter\u00edsticas:<\/strong><\/p>\n\n\n\n<ul class=\"wp-block-list\">\n<li>\u2705 <strong>Fabricante:<\/strong> J.A. Henckels Zwillingwerk AG (Solingen, Alemanha)<\/li>\n\n\n\n<li>\ud83e\ude92 <strong>O maior modelo do fabricante <strong>Friodur 17<\/strong>:<\/strong> Friodur Inox N.\u00ba Stain 17<\/li>\n\n\n\n<li>\ud83d\udd2a <strong>L\u00e2mina:<\/strong> A\u00e7o inoxid\u00e1vel, endurecimento criog\u00e9nico Friodur<\/li>\n\n\n\n<li>\ud83e\uddf0 <strong>Rankena:<\/strong> Pl\u00e1stico de estilo cl\u00e1ssico com o log\u00f3tipo Friodur<\/li>\n\n\n\n<li>\ud83d\udce6 <strong>Embalagem:<\/strong> Saco de pl\u00e1stico<\/li>\n\n\n\n<li>\ud83c\udde9\ud83c\uddea <strong>Origem:<\/strong> Solingen, Alemanha<\/li>\n<\/ul>\n\n\n\n<p><strong>Carater\u00edsticas:<\/strong><\/p>\n\n\n\n<ul class=\"wp-block-list\">\n<li>Borda extra afiada e de longa dura\u00e7\u00e3o<\/li>\n\n\n\n<li>A\u00e7o inoxid\u00e1vel de f\u00e1cil manuten\u00e7\u00e3o<\/li>\n\n\n\n<li>Produto aut\u00eantico de Solingen, modelo de cole\u00e7\u00e3o<\/li>\n\n\n\n<li>Perfeito para entusiastas do barbear e coleccionadores<\/li>\n<\/ul>","protected":false},"excerpt":{"rendered":"<ul>\n<li>A\u00e7o inoxid\u00e1vel Inox, Friodur - endurecido a frio<\/li>\n<li>Cabo em pol\u00edmero, <strong>colado<\/strong><\/li>\n<li>Sem caixa, apenas saco de pl\u00e1stico com instru\u00e7\u00f5es<\/li>\n<li>Peso - 63 g<\/li>\n<li>Dimens\u00f5es da l\u00e2mina - 75x22x6 mm<\/li>\n<li>A m\u00e1quina de barbear parece n\u00e3o ter sido usada, mas tem alguns riscos ligeiros devido ao longo per\u00edodo de armazenamento.<\/li>\n<\/ul>","protected":false},"featured_media":5402,"comment_status":"closed","ping_status":"closed","template":"","meta":[],"product_brand":[],"product_cat":[23],"product_tag":[158,132,59],"class_list":{"0":"post-5400","1":"product","2":"type-product","3":"status-publish","4":"has-post-thumbnail","6":"product_cat-razors","7":"product_tag-friodur","8":"product_tag-henkels","9":"product_tag-zwilling","10":"product_shipping_class-light","12":"first","13":"outofstock","14":"shipping-taxable","15":"purchasable","16":"product-type-simple"},"_links":{"self":[{"href":"https:\/\/jnats.eu\/pt\/wp-json\/wp\/v2\/product\/5400","targetHints":{"allow":["GET"]}}],"collection":[{"href":"https:\/\/jnats.eu\/pt\/wp-json\/wp\/v2\/product"}],"about":[{"href":"https:\/\/jnats.eu\/pt\/wp-json\/wp\/v2\/types\/product"}],"replies":[{"embeddable":true,"href":"https:\/\/jnats.eu\/pt\/wp-json\/wp\/v2\/comments?post=5400"}],"wp:featuredmedia":[{"embeddable":true,"href":"https:\/\/jnats.eu\/pt\/wp-json\/wp\/v2\/media\/5402"}],"wp:attachment":[{"href":"https:\/\/jnats.eu\/pt\/wp-json\/wp\/v2\/media?parent=5400"}],"wp:term":[{"taxonomy":"product_brand","embeddable":true,"href":"https:\/\/jnats.eu\/pt\/wp-json\/wp\/v2\/product_brand?post=5400"},{"taxonomy":"product_cat","embeddable":true,"href":"https:\/\/jnats.eu\/pt\/wp-json\/wp\/v2\/product_cat?post=5400"},{"taxonomy":"product_tag","embeddable":true,"href":"https:\/\/jnats.eu\/pt\/wp-json\/wp\/v2\/product_tag?post=5400"}],"curies":[{"name":"wp","href":"https:\/\/api.w.org\/{rel}","templated":true}]}}