{"id":5423,"date":"2025-11-10T11:50:29","date_gmt":"2025-11-10T09:50:29","guid":{"rendered":"https:\/\/jnats.eu\/?post_type=product&#038;p=5423"},"modified":"2025-11-15T19:47:51","modified_gmt":"2025-11-15T17:47:51","slug":"japoniskas-naturalus-galandimo-akmuo-shohonyama-shiroto","status":"publish","type":"product","link":"https:\/\/jnats.eu\/pt\/produto-2\/japoniskas-naturalus-galandimo-akmuo-shohonyama-shiroto\/","title":{"rendered":"Pedra de afiar natural japonesa Sh\u014dhon'yama Shiroto"},"content":{"rendered":"<figure class=\"wp-block-embed is-type-video is-provider-youtube wp-block-embed-youtube wp-embed-aspect-16-9 wp-has-aspect-ratio\"><div class=\"wp-block-embed__wrapper\">\n<div class=\"video-container\"><iframe title=\"Pedras de amolar m\u00e9dias naturais japonesas: finas e extra-finas Aizu + Sh\u014dhon&#039;yama Shiroto\" width=\"1170\" height=\"658\" src=\"https:\/\/www.youtube.com\/embed\/AUi6ntDU60U?start=301&#038;feature=oembed\" frameborder=\"0\" allow=\"accelerometer; autoplay; clipboard-write; encrypted-media; gyroscope; picture-in-picture; web-share\" referrerpolicy=\"strict-origin-when-cross-origin\" allowfullscreen><\/iframe><\/div>\n<\/div><\/figure>\n\n\n\n<p>A etiqueta diz em japon\u00eas:<\/p>\n\n\n\n<p><strong>\u6b63\u672c\u5c71\u767d\u7825<\/strong> - <em>Sh\u014dhon'yama Shiroto<\/em><br><strong>\u5408\u7825\u632f\u7279\u64b0<\/strong> - <em>Tokusen Aoto-furi<\/em><br><strong>\u5408\u7825\u5c71\u7523<\/strong> - <em>Aoto-yama san<\/em> (que significa \"escavado no Monte Aoto\")<\/p>\n\n\n\n<p>Tradu\u00e7\u00e3o:<\/p>\n\n\n\n<blockquote class=\"wp-block-quote is-layout-flow wp-block-quote-is-layout-flow\">\n<p>\"Uma pedra de amolar branca de origem genu\u00edna do Monte Aoto, especialmente selecionada.\"<\/p>\n<\/blockquote>\n\n\n\n<p>Esta \u00e9 uma pedra de afiar natural japonesa <strong>Sh\u014dhon'yama Shiroto<\/strong>ou seja, \"pedra branca aut\u00eantica de Sh\u014dhon'yama\". \"Tokusen\" (\u7279\u64b0) indica que se trata de <strong>alta qualidade, especialmente selecionado<\/strong> c\u00f3pias.<\/p>","protected":false},"excerpt":{"rendered":"<ul class=\"wp-block-list\">\n<li>Pedra de afiar natural japonesa de gr\u00e3o m\u00e9dio <strong>Sh\u014dhon'yama Shiroto<\/strong>. \"Tokusen\" (\u7279\u64b0) indica que este <strong>alta qualidade, especialmente selecionado<\/strong> c\u00f3pias.<\/li>\n<li>Adequado para afia\u00e7\u00e3o intermedi\u00e1ria ou final de facas, tesouras, ferramentas de carpintaria e outras ferramentas.<\/li>\n<li>Dimens\u00f5es: fino 203x49x68 mm<\/li>\n<li>Peso: 1680 g.<\/li>\n<li>Gr\u00e3o de aproximadamente 2000 gr\u00e3os<\/li>\n<li>Dureza: Lv 4.5<\/li>\n<li>Extra\u00edda em meados do s\u00e9culo passado, a pedra vintage caracteriza-se por uma boa velocidade e suavidade.<\/li>\n<li>Todos os lados est\u00e3o alinhados e prontos para trabalhar.<\/li>\n<li><strong>Voc\u00ea pode assistir ao trabalho no v\u00eddeo abaixo.<\/strong><\/li>\n<\/ul>","protected":false},"featured_media":5428,"comment_status":"closed","ping_status":"closed","template":"","meta":[],"product_brand":[],"product_cat":[22],"product_tag":[363,375],"class_list":{"0":"post-5423","1":"product","2":"type-product","3":"status-publish","4":"has-post-thumbnail","6":"product_cat-jnats","7":"product_tag-nakatoishi","8":"product_tag-shiroto","9":"product_shipping_class-iprastas","11":"first","12":"outofstock","13":"shipping-taxable","14":"purchasable","15":"product-type-simple"},"_links":{"self":[{"href":"https:\/\/jnats.eu\/pt\/wp-json\/wp\/v2\/product\/5423","targetHints":{"allow":["GET"]}}],"collection":[{"href":"https:\/\/jnats.eu\/pt\/wp-json\/wp\/v2\/product"}],"about":[{"href":"https:\/\/jnats.eu\/pt\/wp-json\/wp\/v2\/types\/product"}],"replies":[{"embeddable":true,"href":"https:\/\/jnats.eu\/pt\/wp-json\/wp\/v2\/comments?post=5423"}],"wp:featuredmedia":[{"embeddable":true,"href":"https:\/\/jnats.eu\/pt\/wp-json\/wp\/v2\/media\/5428"}],"wp:attachment":[{"href":"https:\/\/jnats.eu\/pt\/wp-json\/wp\/v2\/media?parent=5423"}],"wp:term":[{"taxonomy":"product_brand","embeddable":true,"href":"https:\/\/jnats.eu\/pt\/wp-json\/wp\/v2\/product_brand?post=5423"},{"taxonomy":"product_cat","embeddable":true,"href":"https:\/\/jnats.eu\/pt\/wp-json\/wp\/v2\/product_cat?post=5423"},{"taxonomy":"product_tag","embeddable":true,"href":"https:\/\/jnats.eu\/pt\/wp-json\/wp\/v2\/product_tag?post=5423"}],"curies":[{"name":"wp","href":"https:\/\/api.w.org\/{rel}","templated":true}]}}