{"id":5474,"date":"2025-11-28T13:11:26","date_gmt":"2025-11-28T11:11:26","guid":{"rendered":"https:\/\/jnats.eu\/?post_type=product&#038;p=5474"},"modified":"2026-01-29T10:38:25","modified_gmt":"2026-01-29T08:38:25","slug":"old-hickory-ontario-knife-company-vintazinis-virtuvinis-peilis-1095-high-carbon-steel","status":"publish","type":"product","link":"https:\/\/jnats.eu\/pt\/produto-2\/old-hickory-ontario-knife-company-vintazinis-virtuvinis-peilis-1095-high-carbon-steel\/","title":{"rendered":"Old Hickory \/ Ontario Knife Company - Faca de cozinha vintage (a\u00e7o com alto teor de carbono 1095)"},"content":{"rendered":"<h3 class=\"wp-block-heading\"><strong>Hist\u00f3ria e legado do fabricante<\/strong><\/h3>\n\n\n\n<p><em>Empresa de facas do Ont\u00e1rio<\/em> As suas ra\u00edzes remontam aos anos 20 e <strong>Nogueira Velha<\/strong> A linha tornou-se numa das facas de cozinha tradicionais mais antigas dos EUA. \u00c9 uma faca de uma \u00e9poca em que a fun\u00e7\u00e3o vinha antes do design e os materiais eram totalmente naturais. Ao longo dos anos, a OKC alargou a gama e desenvolveu <strong>RAT<\/strong> uma linha de facas dobr\u00e1veis que se tornou uma lenda entre os entusiastas de bushcraft, EDC e t\u00e1cticas.<\/p>\n\n\n\n<p>Este exemplar \u00e9 uma oportunidade de ter uma parte dessa hist\u00f3ria <strong>antes da era RAT<\/strong>.<\/p>\n\n\n\n<figure class=\"wp-block-embed is-type-video is-provider-youtube wp-block-embed-youtube wp-embed-aspect-16-9 wp-has-aspect-ratio\"><div class=\"wp-block-embed__wrapper\">\n<div class=\"video-container\"><iframe title=\"Made in USA: Afia\u00e7\u00e3o com pedras de \u00f3leo do Arkansas - Washita a Transl\u00facida\" width=\"1170\" height=\"658\" src=\"https:\/\/www.youtube.com\/embed\/pRUee3pQ0Ck?feature=oembed\" frameborder=\"0\" allow=\"accelerometer; autoplay; clipboard-write; encrypted-media; gyroscope; picture-in-picture; web-share\" referrerpolicy=\"strict-origin-when-cross-origin\" allowfullscreen><\/iframe><\/div>\n<\/div><\/figure>\n\n\n\n<hr class=\"wp-block-separator has-alpha-channel-opacity\"\/>\n\n\n\n<h3 class=\"wp-block-heading\"><strong>Maturidade do a\u00e7o e car\u00e1cter de corte<\/strong><\/h3>\n\n\n\n<p>O a\u00e7o 1095 adquire estabilidade microestrutural e uma afia\u00e7\u00e3o silenciosa e agrad\u00e1vel ao longo do tempo. A faca foi renovada profissionalmente - <strong>Pedras naturais do Arkansas: washita \u2192 Macias \u2192 Duras \u2192 Pretas \u2192 Transl\u00facidas<\/strong>, para que a l\u00e2mina tenha um corte agressivo mas limpo, adequado para a cozinha. <\/p>\n\n\n\n<p><strong>O corte parece \u201evivo\u201c, r\u00e1pido e limpo.<\/strong><br>Esta \u00e9 uma das raz\u00f5es pelas quais o velho 1095 ainda tem o seu p\u00fablico, mesmo na era dos a\u00e7os em p\u00f3.<\/p>\n\n\n\n<hr class=\"wp-block-separator has-alpha-channel-opacity\"\/>\n\n\n\n<h3 class=\"wp-block-heading\"><strong>Recomenda\u00e7\u00f5es para a manuten\u00e7\u00e3o<\/strong><\/h3>\n\n\n\n<p>- Guardar em local seco, limpar ap\u00f3s a utiliza\u00e7\u00e3o<br>- Recomenda-se a aplica\u00e7\u00e3o de uma ligeira camada de \u00f3leo durante a armazenagem<br>- P\u00e1tina - natural e ben\u00e9fica, protege contra a oxida\u00e7\u00e3o<br>- Pedras naturais ideais para afiar: Arkansas \/ Aizu \/ Nakayama<\/p>\n\n\n\n<p>A faca est\u00e1 pronta a ser utilizada - basta utiliz\u00e1-la.<\/p>\n\n\n\n<hr class=\"wp-block-separator has-alpha-channel-opacity\"\/>\n\n\n\n<h3 class=\"wp-block-heading\"><strong>Porqu\u00ea possuir este exemplar?<\/strong><\/h3>\n\n\n\n<p>Aut\u00eantico vintage americano da s\u00e9rie Old Hickory<br>O mesmo fabricante que mais tarde desenvolveu o lend\u00e1rio <strong>RAT<\/strong> pasta<br>N\u00e3o utilizado, apenas restaurado profissionalmente com respeito pela originalidade<br>A\u00e7o 1095 maduro - corte agressivo mas limpo<br>Adequado para colec\u00e7\u00f5es, entusiastas da cozinha e colec\u00e7\u00f5es hist\u00f3ricas<\/p>","protected":false},"excerpt":{"rendered":"<p data-start=\"210\" data-end=\"565\">Faca aut\u00eantica fabricada nos EUA a partir de <strong data-start=\"244\" data-end=\"259\">Nogueira Velha<\/strong> linhas, produzidas <em data-start=\"280\" data-end=\"303\">Empresa de facas do Ont\u00e1rio<\/em> - pela mesma empresa que mais tarde desenvolveu uma das mais famosas gamas modernas de canivetes EDC <strong data-start=\"409\" data-end=\"420\">RATO OKC<\/strong> (RAT-1, RAT-2). Este facto torna a faca ainda mais interessante para os coleccionadores: da velha guarda, antes de a OKC se tornar um nome global para as pastas modernas.<\/p>\n<p data-start=\"567\" data-end=\"953\">Faca <strong data-start=\"574\" data-end=\"588\">n\u00e3o utilizado<\/strong>, conservada em estado de cole\u00e7\u00e3o. Desembalada com cuidado apenas para remover a corros\u00e3o superficial e a l\u00e2mina <strong data-start=\"706\" data-end=\"765\">afiada profissionalmente com pedras naturais do Arkansas<\/strong>, preservando o perfil geom\u00e9trico original e conferindo-lhe um corte afiado e ao n\u00edvel da navalha. \u00c9 um caso raro em que uma ferramenta vintage permanece aut\u00eantica e, ao mesmo tempo, praticamente pronta a ser utilizada.<\/p>\n<hr data-start=\"955\" data-end=\"958\" \/>\n<h3 data-start=\"960\" data-end=\"987\"><strong data-start=\"964\" data-end=\"987\">Dados t\u00e9cnicos<\/strong><\/h3>\n<div class=\"_tableContainer_1rjym_1\">\n<div class=\"group _tableWrapper_1rjym_13 flex w-fit flex-col-reverse\" tabindex=\"-1\">\n<table class=\"w-fit min-w-(--thread-content-width)\" data-start=\"989\" data-end=\"1341\">\n<thead data-start=\"989\" data-end=\"1019\">\n<tr data-start=\"989\" data-end=\"1019\">\n<th data-start=\"989\" data-end=\"1002\" data-col-size=\"sm\">Par\u00e2metro<\/th>\n<th data-start=\"1002\" data-end=\"1019\" data-col-size=\"md\">Especifica\u00e7\u00e3o<\/th>\n<\/tr>\n<\/thead>\n<tbody data-start=\"1030\" data-end=\"1341\">\n<tr data-start=\"1030\" data-end=\"1066\">\n<td data-start=\"1030\" data-end=\"1040\" data-col-size=\"sm\">A\u00e7o<\/td>\n<td data-start=\"1040\" data-end=\"1066\" data-col-size=\"md\">A\u00e7o com alto teor de carbono 1095<\/td>\n<\/tr>\n<tr data-start=\"1067\" data-end=\"1098\">\n<td data-start=\"1067\" data-end=\"1084\" data-col-size=\"sm\">Comprimento da l\u00e2mina<\/td>\n<td data-col-size=\"md\" data-start=\"1084\" data-end=\"1098\"><strong data-start=\"1086\" data-end=\"1096\">205 mm<\/strong><\/td>\n<\/tr>\n<tr data-start=\"1099\" data-end=\"1129\">\n<td data-start=\"1099\" data-end=\"1116\" data-col-size=\"sm\">Altura da l\u00e2mina<\/td>\n<td data-col-size=\"md\" data-start=\"1116\" data-end=\"1129\"><strong data-start=\"1118\" data-end=\"1127\">42 mm<\/strong><\/td>\n<\/tr>\n<tr data-start=\"1130\" data-end=\"1151\">\n<td data-start=\"1130\" data-end=\"1139\" data-col-size=\"sm\">Espessura<\/td>\n<td data-col-size=\"md\" data-start=\"1139\" data-end=\"1151\"><strong data-start=\"1141\" data-end=\"1149\">2 mm<\/strong><\/td>\n<\/tr>\n<tr data-start=\"1152\" data-end=\"1202\">\n<td data-start=\"1152\" data-end=\"1169\" data-col-size=\"sm\">Comprimento do cabo<\/td>\n<td data-start=\"1169\" data-end=\"1202\" data-col-size=\"md\"><strong data-start=\"1171\" data-end=\"1200\">122 mm (Hickory hardwood) significa caril ou nogueira<\/strong><\/td>\n<\/tr>\n<tr data-start=\"1203\" data-end=\"1225\">\n<td data-start=\"1203\" data-end=\"1212\" data-col-size=\"sm\">Peso<\/td>\n<td data-start=\"1212\" data-end=\"1225\" data-col-size=\"md\"><strong data-start=\"1214\" data-end=\"1223\">143 g<\/strong><\/td>\n<\/tr>\n<tr data-start=\"1226\" data-end=\"1273\">\n<td data-start=\"1226\" data-end=\"1241\" data-col-size=\"sm\">Constru\u00e7\u00e3o<\/td>\n<td data-start=\"1241\" data-end=\"1273\" data-col-size=\"md\">Punho totalmente rebitada<\/td>\n<\/tr>\n<tr data-start=\"1274\" data-end=\"1341\">\n<td data-start=\"1274\" data-end=\"1282\" data-col-size=\"sm\">Estado<\/td>\n<td data-col-size=\"md\" data-start=\"1282\" data-end=\"1341\"><strong data-start=\"1284\" data-end=\"1339\">N\u00e3o utilizado, apenas desembalado, limpo e afiado (ver v\u00eddeo abaixo)<\/strong><\/td>\n<\/tr>\n<\/tbody>\n<\/table>\n<\/div>\n<\/div>\n<p data-start=\"1343\" data-end=\"1448\">A nogueira \u00e9 uma madeira forte e densa com uma p\u00e1tina ligeira. A sua constru\u00e7\u00e3o \u00e9 simples, fi\u00e1vel e comprovada pelo tempo.<\/p>","protected":false},"featured_media":5479,"comment_status":"closed","ping_status":"closed","template":"","meta":[],"product_brand":[],"product_cat":[24],"product_tag":[376,76],"class_list":{"0":"post-5474","1":"product","2":"type-product","3":"status-publish","4":"has-post-thumbnail","6":"product_cat-knifes","7":"product_tag-old-hickory","8":"product_tag-peilis","9":"product_shipping_class-iprastas","11":"first","12":"instock","13":"sale","14":"shipping-taxable","15":"purchasable","16":"product-type-simple"},"_links":{"self":[{"href":"https:\/\/jnats.eu\/pt\/wp-json\/wp\/v2\/product\/5474","targetHints":{"allow":["GET"]}}],"collection":[{"href":"https:\/\/jnats.eu\/pt\/wp-json\/wp\/v2\/product"}],"about":[{"href":"https:\/\/jnats.eu\/pt\/wp-json\/wp\/v2\/types\/product"}],"replies":[{"embeddable":true,"href":"https:\/\/jnats.eu\/pt\/wp-json\/wp\/v2\/comments?post=5474"}],"wp:featuredmedia":[{"embeddable":true,"href":"https:\/\/jnats.eu\/pt\/wp-json\/wp\/v2\/media\/5479"}],"wp:attachment":[{"href":"https:\/\/jnats.eu\/pt\/wp-json\/wp\/v2\/media?parent=5474"}],"wp:term":[{"taxonomy":"product_brand","embeddable":true,"href":"https:\/\/jnats.eu\/pt\/wp-json\/wp\/v2\/product_brand?post=5474"},{"taxonomy":"product_cat","embeddable":true,"href":"https:\/\/jnats.eu\/pt\/wp-json\/wp\/v2\/product_cat?post=5474"},{"taxonomy":"product_tag","embeddable":true,"href":"https:\/\/jnats.eu\/pt\/wp-json\/wp\/v2\/product_tag?post=5474"}],"curies":[{"name":"wp","href":"https:\/\/api.w.org\/{rel}","templated":true}]}}