{"id":549,"date":"2024-03-08T10:30:21","date_gmt":"2024-03-08T08:30:21","guid":{"rendered":"http:\/\/jnats.eu\/?post_type=product&#038;p=549"},"modified":"2024-04-09T09:02:00","modified_gmt":"2024-04-09T06:02:00","slug":"suklastotas-iwasaki-japoniskas-naudotas-vintazinis-skustuvas","status":"publish","type":"product","link":"https:\/\/jnats.eu\/pt\/produto-2\/suklastotas-iwasaki-japoniskas-naudotas-vintazinis-skustuvas\/","title":{"rendered":"Fake Iwasaki Japanese Used Vintage Razor"},"content":{"rendered":"<p>A marca \u00e9 gravada a laser, enquanto as verdadeiras l\u00e2minas Iwasaki t\u00eam apenas o carimbo do ferreiro. O pre\u00e7o dos originais \u00e9 de milhares de euros, pelo que n\u00e3o \u00e9 de estranhar que existam falsifica\u00e7\u00f5es. <\/p>\n\n\n\n<p>A navalha est\u00e1 em bom estado, o cabo est\u00e1 colado ao pinot.<\/p>\n\n\n\n<p>Uma \u00f3ptima adi\u00e7\u00e3o \u00e0 cole\u00e7\u00e3o para quem j\u00e1 tem tudo \ud83d\ude42<\/p>","protected":false},"excerpt":{"rendered":"<ul>\n<li>Falso Iwasaki<\/li>\n<li>Pega colada<\/li>\n<\/ul>","protected":false},"featured_media":1018,"comment_status":"open","ping_status":"closed","template":"","meta":[],"product_brand":[],"product_cat":[23],"product_tag":[131,130],"class_list":{"0":"post-549","1":"product","2":"type-product","3":"status-publish","4":"has-post-thumbnail","6":"product_cat-razors","7":"product_tag-fake","8":"product_tag-iwasaki","9":"product_shipping_class-light","11":"first","12":"instock","13":"shipping-taxable","14":"purchasable","15":"product-type-simple"},"_links":{"self":[{"href":"https:\/\/jnats.eu\/pt\/wp-json\/wp\/v2\/product\/549","targetHints":{"allow":["GET"]}}],"collection":[{"href":"https:\/\/jnats.eu\/pt\/wp-json\/wp\/v2\/product"}],"about":[{"href":"https:\/\/jnats.eu\/pt\/wp-json\/wp\/v2\/types\/product"}],"replies":[{"embeddable":true,"href":"https:\/\/jnats.eu\/pt\/wp-json\/wp\/v2\/comments?post=549"}],"wp:featuredmedia":[{"embeddable":true,"href":"https:\/\/jnats.eu\/pt\/wp-json\/wp\/v2\/media\/1018"}],"wp:attachment":[{"href":"https:\/\/jnats.eu\/pt\/wp-json\/wp\/v2\/media?parent=549"}],"wp:term":[{"taxonomy":"product_brand","embeddable":true,"href":"https:\/\/jnats.eu\/pt\/wp-json\/wp\/v2\/product_brand?post=549"},{"taxonomy":"product_cat","embeddable":true,"href":"https:\/\/jnats.eu\/pt\/wp-json\/wp\/v2\/product_cat?post=549"},{"taxonomy":"product_tag","embeddable":true,"href":"https:\/\/jnats.eu\/pt\/wp-json\/wp\/v2\/product_tag?post=549"}],"curies":[{"name":"wp","href":"https:\/\/api.w.org\/{rel}","templated":true}]}}