{"id":5504,"date":"2026-02-02T11:05:28","date_gmt":"2026-02-02T09:05:28","guid":{"rendered":"https:\/\/jnats.eu\/?post_type=product&#038;p=5504"},"modified":"2026-02-04T16:13:55","modified_gmt":"2026-02-04T14:13:55","slug":"japoniskas-kalvio-darbo-virtuvinis-peilis-is-tamahagane","status":"publish","type":"product","link":"https:\/\/jnats.eu\/pt\/produto-2\/japoniskas-kalvio-darbo-virtuvinis-peilis-is-tamahagane\/","title":{"rendered":"Faca de cozinha de ferreiro japon\u00eas de Tamahagan"},"content":{"rendered":"<figure class=\"wp-block-embed is-type-video is-provider-youtube wp-block-embed-youtube wp-embed-aspect-9-16 wp-has-aspect-ratio\"><div class=\"wp-block-embed__wrapper\">\n<div class=\"video-container\"><iframe title=\"Faca de cozinha de ferreiro japon\u00eas Tamahagane\" width=\"563\" height=\"1000\" src=\"https:\/\/www.youtube.com\/embed\/4o8h8KzLRsI?feature=oembed\" frameborder=\"0\" allow=\"accelerometer; autoplay; clipboard-write; encrypted-media; gyroscope; picture-in-picture; web-share\" referrerpolicy=\"strict-origin-when-cross-origin\" allowfullscreen><\/iframe><\/div>\n<\/div><\/figure>\n\n\n\n<p>Esta \u00e9 uma faca japonesa aut\u00eantica, forjada \u00e0 m\u00e3o, feita de <strong>a\u00e7o do tipo tamahagane<\/strong> - a mesma liga tradicional que tem sido utilizada no Jap\u00e3o h\u00e1 s\u00e9culos para forjar <strong>espadas de samurai (nihonto)<\/strong>. A l\u00e2mina est\u00e1 marcada com caracteres:<\/p>\n\n\n\n<ul class=\"wp-block-list\">\n<li><strong>\u6700\u4e0a\u624b\u92fc - \u201ea\u00e7o de qualidade superior\u201c<\/strong><\/li>\n\n\n\n<li><strong>\u92fc\u821f\u935b\u4f5c - \u201eforjado pelo Mestre K\u014dsh\u016b\u201c<\/strong><\/li>\n<\/ul>\n\n\n\n<p>Esta marca indica claramente que a faca \u00e9 fabricada segundo a tradi\u00e7\u00e3o cl\u00e1ssica japonesa de ferraria, em que o metal n\u00e3o \u00e9 apenas moldado, mas tamb\u00e9m \u201eamadurecido\u201c atrav\u00e9s de um longo ciclo: forjamento repetido, envelhecimento t\u00e9rmico e acabamento final com pedras naturais.<\/p>\n\n\n\n<hr class=\"wp-block-separator has-alpha-channel-opacity\"\/>\n\n\n\n<h1 class=\"wp-block-heading\">\ud83d\udd25 <strong>Tamahagane - o a\u00e7o do qual nasce a katana<\/strong><\/h1>\n\n\n\n<p>O Tamahagane \u00e9 um a\u00e7o tradicional japon\u00eas fundido num forno \u201etatara\u201c a partir de:<\/p>\n\n\n\n<ul class=\"wp-block-list\">\n<li>areia de ferro (satetsu),<\/li>\n\n\n\n<li>Carv\u00e3o vegetal japon\u00eas,<\/li>\n\n\n\n<li>o processo de cozedura extremamente lento e preciso.<\/li>\n<\/ul>\n\n\n\n<p>Este a\u00e7o \u00e9 utilizado para forjar h\u00e1 centenas de anos:<\/p>\n\n\n\n<ul class=\"wp-block-list\">\n<li>katana,<\/li>\n\n\n\n<li>wakizashi,<\/li>\n\n\n\n<li>tant\u014d,<\/li>\n\n\n\n<li>e ferramentas topo de gama com as carater\u00edsticas necess\u00e1rias para uma extrema nitidez e durabilidade.<\/li>\n<\/ul>\n\n\n\n<p>Estes a\u00e7os s\u00e3o famosos por:<\/p>\n\n\n\n<h3 class=\"wp-block-heading\">Elevado equil\u00edbrio entre dureza e ductilidade<\/h3>\n\n\n\n<h3 class=\"wp-block-heading\">Nitidez extra e facilidade de afia\u00e7\u00e3o<\/h3>\n\n\n\n<h3 class=\"wp-block-heading\">Estrutura de carboneto homog\u00e9nea e limpa<\/h3>\n\n\n\n<h3 class=\"wp-block-heading\">Durabilidade e resist\u00eancia \u00e0 microfissura\u00e7\u00e3o<\/h3>\n\n\n\n<h3 class=\"wp-block-heading\">Uma sensa\u00e7\u00e3o \u00fanica de \u201evida\u201c ao cortar<\/h3>\n\n\n\n<p>Esta faca capta perfeitamente o car\u00e1cter do tamahaganee tradicional.<\/p>\n\n\n\n<hr class=\"wp-block-separator has-alpha-channel-opacity\"\/>\n\n\n\n<h1 class=\"wp-block-heading\">\ud83d\udd2a <strong>Dados t\u00e9cnicos<\/strong><\/h1>\n\n\n\n<ul class=\"wp-block-list\">\n<li><strong>Comprimento da l\u00e2mina:<\/strong> 275 mm<\/li>\n\n\n\n<li><strong>Altura:<\/strong> 50 mm<\/li>\n\n\n\n<li><strong>Espessura:<\/strong> 2,40 mm \u2192 1,5 mm em dire\u00e7\u00e3o \u00e0 ponta<\/li>\n\n\n\n<li><strong>Comprimento do cabo:<\/strong> 120 mm<\/li>\n\n\n\n<li><strong>Peso:<\/strong> 203 g<\/li>\n\n\n\n<li><strong>A\u00e7o:<\/strong> A\u00e7o-carbono tradicional, do tipo tamahagane (\u6700\u4e0a\u624b\u92fc)<\/li>\n\n\n\n<li><strong>Rankena:<\/strong>  \u00e1rvore<\/li>\n<\/ul>\n\n\n\n<hr class=\"wp-block-separator has-alpha-channel-opacity\"\/>\n\n\n\n<h1 class=\"wp-block-heading\">\ud83c\udf0b <strong>Vantagens do a\u00e7o polido<\/strong><\/h1>\n\n\n\n<p>Tal como as espadas tamahagane, esta faca tem o efeito de \u201eenvelhecer\u201c o a\u00e7o:<\/p>\n\n\n\n<ul class=\"wp-block-list\">\n<li>ap\u00f3s o endurecimento, o a\u00e7o foi <strong>Amadurecimento<\/strong>, libertando gradualmente as tens\u00f5es;<\/li>\n\n\n\n<li>melhora <strong>manter a nitidez<\/strong>;<\/li>\n\n\n\n<li>Reduz <strong>risco de microfissuras<\/strong>;<\/li>\n\n\n\n<li>permite que a l\u00e2mina seja dura, mas ao mesmo tempo corte \u201evivo\u201c;<\/li>\n\n\n\n<li>A p\u00e1tina natural actua como <strong>prote\u00e7\u00e3o contra a corros\u00e3o<\/strong>.<\/li>\n<\/ul>\n\n\n\n<hr class=\"wp-block-separator has-alpha-channel-opacity\"\/>\n\n\n\n<h1 class=\"wp-block-heading\">\ud83e\udeb5 <strong>Cabo de madeira<\/strong><\/h1>\n\n\n\n<p>Madeira extremamente resistente e duradoura, utilizada h\u00e1 s\u00e9culos para ferramentas e machados. Cabo:<\/p>\n\n\n\n<ul class=\"wp-block-list\">\n<li>resistente ao impacto,<\/li>\n\n\n\n<li>garante uma boa ader\u00eancia,<\/li>\n\n\n\n<li>proporciona equil\u00edbrio e conforto.<\/li>\n<\/ul>\n\n\n\n<hr class=\"wp-block-separator has-alpha-channel-opacity\"\/>\n\n\n\n<h1 class=\"wp-block-heading\">\ud83e\uddfc <strong>Afia\u00e7\u00e3o e manuten\u00e7\u00e3o<\/strong><\/h1>\n\n\n\n<p>Ideal para:<\/p>\n\n\n\n<ul class=\"wp-block-list\">\n<li><strong>Pedras naturais japonesas (Awasedo, Ozuku, Nakayama, etc.)<\/strong><\/li>\n<\/ul>\n\n\n\n<p>Recomenda\u00e7\u00f5es:<\/p>\n\n\n\n<ul class=\"wp-block-list\">\n<li>secar sempre ap\u00f3s a utiliza\u00e7\u00e3o;<\/li>\n\n\n\n<li>proteger contra a humidade;<\/li>\n\n\n\n<li>lubrificado periodicamente com \u00f3leo de cam\u00e9lia ou \u00f3leo mineral ligeiro;<\/li>\n\n\n\n<li>n\u00e3o polir a p\u00e1tina - esta protege a l\u00e2mina.<\/li>\n<\/ul>\n\n\n\n<hr class=\"wp-block-separator has-alpha-channel-opacity\"\/>\n\n\n\n<h1 class=\"wp-block-heading\">\ud83d\udce6 <strong>Estado<\/strong><\/h1>\n\n\n\n<ul class=\"wp-block-list\">\n<li><strong>Faca usada<\/strong>.<\/li>\n\n\n\n<li>Corros\u00e3o superficial ligeira removida, tem riscos residuais na l\u00e2mina<\/li>\n\n\n\n<li>Afia\u00e7\u00e3o efectuada <strong>pedras naturais japonesas<\/strong>, mantendo a geometria original do mestre.<\/li>\n<\/ul>","protected":false},"excerpt":{"rendered":"<p><!-- wp:list --><\/p>\n<ul class=\"wp-block-list\"><!-- wp:list-item --><\/p>\n<li><strong>Faca usada<\/strong>.<\/li>\n<p><!-- \/wp:list-item --><\/p>\n<p><!-- wp:list-item --><\/p>\n<li>A corros\u00e3o superficial ligeira foi removida, com alguns riscos e danos de corros\u00e3o remanescentes na l\u00e2mina.<\/li>\n<p><!-- \/wp:list-item --><\/p>\n<p><!-- wp:list-item --><\/p>\n<li>Afia\u00e7\u00e3o efectuada <strong>pedras naturais japonesas<\/strong>, mantendo a geometria original do mestre.<\/li>\n<li><strong>Comprimento da l\u00e2mina:<\/strong> 130 mm<\/li>\n<li><strong>Altura antes da pega:<\/strong> 22 mm<\/li>\n<p><!-- \/wp:list-item --><\/p>\n<p><!-- wp:list-item --><\/p>\n<li><strong>Espessura:<\/strong> 1,2 mm \u2192 0,1 mm em dire\u00e7\u00e3o \u00e0 ponta<\/li>\n<p><!-- \/wp:list-item --><\/p>\n<p><!-- wp:list-item --><\/p>\n<li><strong>Comprimento do cabo:<\/strong> 115 mm<\/li>\n<p><!-- \/wp:list-item --><\/p>\n<p><!-- wp:list-item --><\/p>\n<li><strong>Peso:<\/strong> 64 g<\/li>\n<p><!-- \/wp:list-item --><\/p>\n<p><!-- wp:list-item --><\/p>\n<li><strong>A\u00e7o:<\/strong> tradicional, a\u00e7o-carbono tamahagane (\u6700\u4e0a\u624b\u92fc)<\/li>\n<p><!-- \/wp:list-item --><\/p>\n<p><!-- wp:list-item --><\/p>\n<li><strong>Rankena:<\/strong> de madeira<\/li>\n<p><!-- \/wp:list-item --><\/ul>\n<p><!-- \/wp:list --><\/p>","protected":false},"featured_media":5712,"comment_status":"closed","ping_status":"closed","template":"","meta":[],"product_brand":[],"product_cat":[24],"product_tag":[76,26],"class_list":{"0":"post-5504","1":"product","2":"type-product","3":"status-publish","4":"has-post-thumbnail","6":"product_cat-knifes","7":"product_tag-peilis","8":"product_tag-tamahagane","9":"product_shipping_class-light","11":"first","12":"outofstock","13":"shipping-taxable","14":"purchasable","15":"product-type-simple"},"_links":{"self":[{"href":"https:\/\/jnats.eu\/pt\/wp-json\/wp\/v2\/product\/5504","targetHints":{"allow":["GET"]}}],"collection":[{"href":"https:\/\/jnats.eu\/pt\/wp-json\/wp\/v2\/product"}],"about":[{"href":"https:\/\/jnats.eu\/pt\/wp-json\/wp\/v2\/types\/product"}],"replies":[{"embeddable":true,"href":"https:\/\/jnats.eu\/pt\/wp-json\/wp\/v2\/comments?post=5504"}],"wp:featuredmedia":[{"embeddable":true,"href":"https:\/\/jnats.eu\/pt\/wp-json\/wp\/v2\/media\/5712"}],"wp:attachment":[{"href":"https:\/\/jnats.eu\/pt\/wp-json\/wp\/v2\/media?parent=5504"}],"wp:term":[{"taxonomy":"product_brand","embeddable":true,"href":"https:\/\/jnats.eu\/pt\/wp-json\/wp\/v2\/product_brand?post=5504"},{"taxonomy":"product_cat","embeddable":true,"href":"https:\/\/jnats.eu\/pt\/wp-json\/wp\/v2\/product_cat?post=5504"},{"taxonomy":"product_tag","embeddable":true,"href":"https:\/\/jnats.eu\/pt\/wp-json\/wp\/v2\/product_tag?post=5504"}],"curies":[{"name":"wp","href":"https:\/\/api.w.org\/{rel}","templated":true}]}}