{"id":5604,"date":"2026-01-13T11:20:28","date_gmt":"2026-01-13T09:20:28","guid":{"rendered":"https:\/\/jnats.eu\/?post_type=product&#038;p=5604"},"modified":"2026-01-31T19:37:32","modified_gmt":"2026-01-31T17:37:32","slug":"h-diamond-extra-steel-for-barbersuse-first-quality-naudoti-japoniski-skustuvai","status":"publish","type":"product","link":"https:\/\/jnats.eu\/pt\/produto-2\/h-diamond-extra-steel-for-barbersuse-first-quality-naudoti-japoniski-skustuvai\/","title":{"rendered":"H.Diamond Extra Steel For Barbers'Use L\u00e2minas de barbear japonesas de primeira qualidade"},"content":{"rendered":"<figure class=\"wp-block-embed is-type-video is-provider-youtube wp-block-embed-youtube wp-embed-aspect-9-16 wp-has-aspect-ratio\"><div class=\"wp-block-embed__wrapper\">\n<div class=\"video-container\"><iframe title=\"Navalhas Vintage H. Diamond Extra Steel - Para Uso dos Barbeiros \ud83d\udd2a\u2728\" width=\"563\" height=\"1000\" src=\"https:\/\/www.youtube.com\/embed\/AnMmGvvxNtQ?feature=oembed\" frameborder=\"0\" allow=\"accelerometer; autoplay; clipboard-write; encrypted-media; gyroscope; picture-in-picture; web-share\" referrerpolicy=\"strict-origin-when-cross-origin\" allowfullscreen><\/iframe><\/div>\n<\/div><\/figure>\n\n\n\n<p>Original <strong>H. Diamante Extra A\u00e7o<\/strong> L\u00e2minas de barbear diretas para uso profissional na barba.<\/p>\n\n\n\n<p>M\u00e1quinas de barbear <strong>Utiliza\u00e7\u00e3o<\/strong>, mas <strong>em bom estado<\/strong>. A corros\u00e3o da superf\u00edcie da l\u00e2mina foi cuidadosamente <strong>limpo com lixa fina e polido com pasta de diamante<\/strong>, O metal est\u00e1 limpo, sem danos por ferrugem ativa. Geometria intacta.<\/p>\n\n\n\n<p><strong>Eixo:<\/strong> A\u00e7o extra, \u201ePara uso dos barbeiros\u2019, \u201cPrimeira qualidade\u201e<br><strong>Estado:<\/strong> usado, corros\u00e3o removida, pronto para ser afiado<br><strong>Pegas:<\/strong> original, em bom estado, sem fissuras<br><strong>Autenticidade:<\/strong> original, fabricado no Jap\u00e3o em meados do s\u00e9culo passado.<\/p>\n\n\n\n<p>Perfeito para ambos <strong>para barbear<\/strong>, ambos <strong>para o coletor<\/strong>, para aqueles que apreciam os utens\u00edlios cl\u00e1ssicos para aparar a barba.<\/p>","protected":false},"excerpt":{"rendered":"<ol>\n<li>H. Diamante 50<\/li>\n<li>H. Diamante 50<\/li>\n<li>H. Diamante 40<\/li>\n<li>H. Diamante 40<\/li>\n<li>H. Diamante 74<\/li>\n<\/ol>\n<p>&nbsp;<\/p>\n<ul>\n<li><strong>Eixo:<\/strong> A\u00e7o extra, \u201ePara uso dos barbeiros\u2019, \u201cPrimeira qualidade\u201e<\/li>\n<li><strong>Dimens\u00f5es da l\u00e2mina<\/strong> aproximadamente 75x20x5 mm<\/li>\n<li><strong>Peso<\/strong> aproximadamente 50 g.<\/li>\n<li><strong>Estado:<\/strong> usado, corros\u00e3o removida, pronto para ser afiado<\/li>\n<li><strong>Pegas:<\/strong> original, em bom estado, sem fissuras<\/li>\n<li><strong>Autenticidade:<\/strong> original, fabricado no Jap\u00e3o em meados do s\u00e9culo passado.<\/li>\n<\/ul>","protected":false},"featured_media":5613,"comment_status":"closed","ping_status":"closed","template":"","meta":[],"product_brand":[],"product_cat":[23],"product_tag":[206,160],"class_list":{"0":"post-5604","1":"product","2":"type-product","3":"status-publish","4":"has-post-thumbnail","6":"product_cat-razors","7":"product_tag-h-diamond","8":"product_tag-skustuvai","9":"product_shipping_class-light","11":"first","12":"outofstock","13":"shipping-taxable","14":"product-type-variable"},"_links":{"self":[{"href":"https:\/\/jnats.eu\/pt\/wp-json\/wp\/v2\/product\/5604","targetHints":{"allow":["GET"]}}],"collection":[{"href":"https:\/\/jnats.eu\/pt\/wp-json\/wp\/v2\/product"}],"about":[{"href":"https:\/\/jnats.eu\/pt\/wp-json\/wp\/v2\/types\/product"}],"replies":[{"embeddable":true,"href":"https:\/\/jnats.eu\/pt\/wp-json\/wp\/v2\/comments?post=5604"}],"wp:featuredmedia":[{"embeddable":true,"href":"https:\/\/jnats.eu\/pt\/wp-json\/wp\/v2\/media\/5613"}],"wp:attachment":[{"href":"https:\/\/jnats.eu\/pt\/wp-json\/wp\/v2\/media?parent=5604"}],"wp:term":[{"taxonomy":"product_brand","embeddable":true,"href":"https:\/\/jnats.eu\/pt\/wp-json\/wp\/v2\/product_brand?post=5604"},{"taxonomy":"product_cat","embeddable":true,"href":"https:\/\/jnats.eu\/pt\/wp-json\/wp\/v2\/product_cat?post=5604"},{"taxonomy":"product_tag","embeddable":true,"href":"https:\/\/jnats.eu\/pt\/wp-json\/wp\/v2\/product_tag?post=5604"}],"curies":[{"name":"wp","href":"https:\/\/api.w.org\/{rel}","templated":true}]}}