{"id":5622,"date":"2026-01-14T12:09:44","date_gmt":"2026-01-14T10:09:44","guid":{"rendered":"https:\/\/jnats.eu\/?post_type=product&#038;p=5622"},"modified":"2026-01-15T12:27:23","modified_gmt":"2026-01-15T10:27:23","slug":"tsubaya-mioroshi-izuma-tamahagane-deba-peilis","status":"publish","type":"product","link":"https:\/\/jnats.eu\/pt\/produto-2\/tsubaya-mioroshi-izuma-tamahagane-deba-peilis\/","title":{"rendered":"Tsubaya Mioroshi Izumo - Faca Tamahagane Deba"},"content":{"rendered":"<p>Japon\u00eas aut\u00eantico <strong>Mioroshi Izumo Deba<\/strong> um tipo de faca de cozinha fabricada de forma tradicional a partir de <strong>a\u00e7o do tipo tamahagane<\/strong>. Esta faca foi concebida para o processamento profissional de peixe - filetagem, separa\u00e7\u00e3o da cabe\u00e7a e desossa - mantendo um excelente controlo do corte.<\/p>\n\n\n\n<figure class=\"wp-block-embed is-type-video is-provider-youtube wp-block-embed-youtube wp-embed-aspect-16-9 wp-has-aspect-ratio\"><div class=\"wp-block-embed__wrapper\">\n<div class=\"video-container\"><iframe title=\"Faca Tsutaya Mioroshi-B\u014dch\u014d rara - Forjada a partir de Izumo Tamahagane\" width=\"1170\" height=\"658\" src=\"https:\/\/www.youtube.com\/embed\/ZwFuI3Lcr8o?feature=oembed\" frameborder=\"0\" allow=\"accelerometer; autoplay; clipboard-write; encrypted-media; gyroscope; picture-in-picture; web-share\" referrerpolicy=\"strict-origin-when-cross-origin\" allowfullscreen><\/iframe><\/div>\n<\/div><\/figure>\n\n\n\n<p>A l\u00e2mina caracteriza-se por <strong>com uma inclina\u00e7\u00e3o japonesa assim\u00e9trica<\/strong>, para cortes precisos e limpos e um excelente controlo. O pentis apertado proporciona resist\u00eancia, enquanto a geometria de afilamento progressivo para a frente permite um trabalho de precis\u00e3o.<\/p>\n\n\n\n<p>A carater\u00edstica distintiva desta faca \u00e9 o seu a\u00e7o - Izumo Tamahagane.<\/p>\n\n\n\n<p>Ao contr\u00e1rio dos a\u00e7os modernos, o Tamahagane \u00e9 fabricado atrav\u00e9s de um processo de fundi\u00e7\u00e3o tradicional chamado t\u00e1rtaro, em que a areia de ferro \u00e9 convertida em a\u00e7o de alta pureza atrav\u00e9s do aquecimento intensivo de carv\u00e3o vegetal durante v\u00e1rios dias. Este m\u00e9todo foi preservado durante s\u00e9culos e continua a ser um dos mais apreciados patrim\u00f3nios culturais do Jap\u00e3o.<\/p>\n\n\n\n<p>O Izumo Tamahagane \u00e9 especial porque \u00e9 o \u00fanico Tamahagane oficialmente certificado fabricado atualmente no Jap\u00e3o. Rigorosamente controlado na Prefeitura de Shimane, este a\u00e7o \u00e9 reconhecido pela Ag\u00eancia Japonesa para os Assuntos Culturais e \u00e9 fornecido a espadachins licenciados para a forja de espadas japonesas aut\u00eanticas (nihont\u014d). Cada lote \u00e9 cuidadosamente classificado e documentado e, por conseguinte, possui uma autenticidade que nenhum outro tamahagane no mercado pode ostentar.<\/p>\n\n\n\n<p>Devido \u00e0 sua raridade e certifica\u00e7\u00e3o, as facas forjadas em Izumo Tamahagan s\u00e3o extremamente dif\u00edceis de encontrar. Combinam a lend\u00e1ria nitidez e reten\u00e7\u00e3o da l\u00e2mina deste a\u00e7o com o valor cultural de possuir um peda\u00e7o de tradi\u00e7\u00e3o japonesa viva. Para coleccionadores e profissionais, n\u00e3o se trata apenas de uma ferramenta de corte, mas tamb\u00e9m de uma liga\u00e7\u00e3o direta \u00e0 arte da esgrima samurai.<\/p>\n\n\n\n<h4 class=\"wp-block-heading\"><strong>Especifica\u00e7\u00f5es:<\/strong><\/h4>\n\n\n\n<ul class=\"wp-block-list\">\n<li><strong>Modelo:<\/strong> Tsubaya Mioroshi Izuma<\/li>\n\n\n\n<li><strong>A\u00e7o:<\/strong> Tamahagane (a\u00e7o tradicional japon\u00eas)<\/li>\n\n\n\n<li><strong>Peso:<\/strong> 227 g<\/li>\n\n\n\n<li><strong>Comprimento da l\u00e2mina:<\/strong> 189 mm<\/li>\n\n\n\n<li><strong>Altura da l\u00e2mina:<\/strong> 42 mm<\/li>\n\n\n\n<li><strong>Comprimento total:<\/strong> 229 mm<\/li>\n\n\n\n<li><strong>Comprimento do cabo:<\/strong> 133 mm<\/li>\n\n\n\n<li><strong>Espessura da l\u00e2mina no punho:<\/strong> ~6 mm, afinando gradualmente em dire\u00e7\u00e3o \u00e0 ponta<\/li>\n\n\n\n<li><strong>Declive:<\/strong> assim\u00e9trico (japon\u00eas tradicional)<\/li>\n<\/ul>\n\n\n\n<h4 class=\"wp-block-heading\"><strong>Carater\u00edsticas:<\/strong><\/h4>\n\n\n\n<ul class=\"wp-block-list\">\n<li>Faca japonesa feita \u00e0 m\u00e3o<\/li>\n\n\n\n<li>O equil\u00edbrio perfeito entre pot\u00eancia e precis\u00e3o<\/li>\n\n\n\n<li>Para profissionais e coleccionadores<\/li>\n\n\n\n<li>Design tradicional com uma est\u00e9tica japonesa original<\/li>\n<\/ul>\n\n\n\n<blockquote class=\"wp-block-quote is-layout-flow wp-block-quote-is-layout-flow\">\n<p><strong>Observa\u00e7\u00e3o:<\/strong> O a\u00e7o Tamahagane requer cuidados adequados - recomenda-se secar a faca ap\u00f3s a utiliza\u00e7\u00e3o e guard\u00e1-la num local seco. Para um armazenamento a longo prazo, recomendamos a lubrifica\u00e7\u00e3o com um lubrificante n\u00e3o t\u00f3xico (Balistol, Camelia, etc.)<\/p>\n<\/blockquote>","protected":false},"excerpt":{"rendered":"<ul>\n<li>Modelo:Tsubaya Mioroshi Izuma<\/li>\n<li>A\u00e7o: Tamahagane (a\u00e7o tradicional japon\u00eas)<\/li>\n<li>Peso: 227 g<\/li>\n<li>Comprimento da l\u00e2mina: 189 mm<\/li>\n<li>Altura da l\u00e2mina: 42 mm<\/li>\n<li>Comprimento total: 229 mm<\/li>\n<li>Comprimento do punho: 133 mm<\/li>\n<li>Espessura da l\u00e2mina no cabo: ~6 mm, afinando gradualmente em dire\u00e7\u00e3o \u00e0 ponta<\/li>\n<li>Inclina\u00e7\u00e3o: assim\u00e9trica (japon\u00eas tradicional)<\/li>\n<li>Casaco de madeira para arruma\u00e7\u00e3o<\/li>\n<\/ul>","protected":false},"featured_media":5623,"comment_status":"closed","ping_status":"closed","template":"","meta":[],"product_brand":[],"product_cat":[24],"product_tag":[76,26],"class_list":{"0":"post-5622","1":"product","2":"type-product","3":"status-publish","4":"has-post-thumbnail","6":"product_cat-knifes","7":"product_tag-peilis","8":"product_tag-tamahagane","9":"product_shipping_class-iprastas","11":"first","12":"instock","13":"shipping-taxable","14":"purchasable","15":"product-type-simple"},"_links":{"self":[{"href":"https:\/\/jnats.eu\/pt\/wp-json\/wp\/v2\/product\/5622","targetHints":{"allow":["GET"]}}],"collection":[{"href":"https:\/\/jnats.eu\/pt\/wp-json\/wp\/v2\/product"}],"about":[{"href":"https:\/\/jnats.eu\/pt\/wp-json\/wp\/v2\/types\/product"}],"replies":[{"embeddable":true,"href":"https:\/\/jnats.eu\/pt\/wp-json\/wp\/v2\/comments?post=5622"}],"wp:featuredmedia":[{"embeddable":true,"href":"https:\/\/jnats.eu\/pt\/wp-json\/wp\/v2\/media\/5623"}],"wp:attachment":[{"href":"https:\/\/jnats.eu\/pt\/wp-json\/wp\/v2\/media?parent=5622"}],"wp:term":[{"taxonomy":"product_brand","embeddable":true,"href":"https:\/\/jnats.eu\/pt\/wp-json\/wp\/v2\/product_brand?post=5622"},{"taxonomy":"product_cat","embeddable":true,"href":"https:\/\/jnats.eu\/pt\/wp-json\/wp\/v2\/product_cat?post=5622"},{"taxonomy":"product_tag","embeddable":true,"href":"https:\/\/jnats.eu\/pt\/wp-json\/wp\/v2\/product_tag?post=5622"}],"curies":[{"name":"wp","href":"https:\/\/api.w.org\/{rel}","templated":true}]}}