{"id":5635,"date":"2026-01-18T10:59:59","date_gmt":"2026-01-18T08:59:59","guid":{"rendered":"https:\/\/jnats.eu\/?post_type=product&#038;p=5635"},"modified":"2026-03-16T12:07:13","modified_gmt":"2026-03-16T10:07:13","slug":"ueno-medium-japanese-sharpening-whetstone","status":"publish","type":"product","link":"https:\/\/jnats.eu\/pt\/produto-2\/ueno-medium-japanese-sharpening-whetstone\/","title":{"rendered":"Pedra de amolar japonesa m\u00e9dia Ueno"},"content":{"rendered":"<p>A pedra de amolar japonesa m\u00e9dia Ueno refere-se a uma pedra de amolar japonesa natural (toishi) da mina\/\u00e1rea de Ueno (provavelmente um erro de tradu\u00e7\u00e3o ou uma variante relacionada com as pedras naturais da regi\u00e3o de Kyoto\/Tamba). Trata-se de pedras de \u00e1gua naturais tradicionais, muitas vezes classificadas como m\u00e9dias a finas na gama aproximada de 800-2000 gr\u00e3os (ou at\u00e9 ao gr\u00e3o m\u00e9dio como ~4k nalgumas classifica\u00e7\u00f5es para exemplos mais duros do meio superior). S\u00e3o conhecidas por produzirem um acabamento kasumi (turvo\/n\u00e9voa) suave e pormenorizado nas l\u00e2minas, com um bom retorno e velocidade para pedras naturais.<\/p>\n\n\n\n<figure class=\"wp-block-embed is-type-video is-provider-youtube wp-block-embed-youtube wp-embed-aspect-16-9 wp-has-aspect-ratio\"><div class=\"wp-block-embed__wrapper\">\n<div class=\"video-container\"><iframe title=\"Pedra de amolar japonesa m\u00e9dia Ueno\" width=\"1170\" height=\"658\" src=\"https:\/\/www.youtube.com\/embed\/_OVy3WMI61M?feature=oembed\" frameborder=\"0\" allow=\"accelerometer; autoplay; clipboard-write; encrypted-media; gyroscope; picture-in-picture; web-share\" referrerpolicy=\"strict-origin-when-cross-origin\" allowfullscreen><\/iframe><\/div>\n<\/div><\/figure>","protected":false},"excerpt":{"rendered":"<ul>\n<li>Adequado para a fase m\u00e9dia de afia\u00e7\u00e3o de l\u00e2minas de barbear, facas, tesouras, ferramentas de carpintaria e outras<\/li>\n<li>Dimens\u00f5es aprox.: 210x77x57 mm<\/li>\n<li>Peso: 2270g<\/li>\n<li>Dureza: Lv 4.5<\/li>\n<li>Duas metades planas e prontas<span data-mce-type=\"bookmark\" style=\"display: inline-block; width: 0px; overflow: hidden; line-height: 0;\" class=\"mce_SELRES_start\"><\/span>s trabalho.<\/li>\n<li>Aproximadamente 800 gr\u00e3os<\/li>\n<\/ul>","protected":false},"featured_media":5637,"comment_status":"closed","ping_status":"closed","template":"","meta":[],"product_brand":[],"product_cat":[22],"product_tag":[300,377],"class_list":{"0":"post-5635","1":"product","2":"type-product","3":"status-publish","4":"has-post-thumbnail","6":"product_cat-jnats","7":"product_tag-medium","8":"product_tag-ueno","9":"product_shipping_class-iprastas","11":"first","12":"outofstock","13":"shipping-taxable","14":"purchasable","15":"product-type-simple"},"_links":{"self":[{"href":"https:\/\/jnats.eu\/pt\/wp-json\/wp\/v2\/product\/5635","targetHints":{"allow":["GET"]}}],"collection":[{"href":"https:\/\/jnats.eu\/pt\/wp-json\/wp\/v2\/product"}],"about":[{"href":"https:\/\/jnats.eu\/pt\/wp-json\/wp\/v2\/types\/product"}],"replies":[{"embeddable":true,"href":"https:\/\/jnats.eu\/pt\/wp-json\/wp\/v2\/comments?post=5635"}],"wp:featuredmedia":[{"embeddable":true,"href":"https:\/\/jnats.eu\/pt\/wp-json\/wp\/v2\/media\/5637"}],"wp:attachment":[{"href":"https:\/\/jnats.eu\/pt\/wp-json\/wp\/v2\/media?parent=5635"}],"wp:term":[{"taxonomy":"product_brand","embeddable":true,"href":"https:\/\/jnats.eu\/pt\/wp-json\/wp\/v2\/product_brand?post=5635"},{"taxonomy":"product_cat","embeddable":true,"href":"https:\/\/jnats.eu\/pt\/wp-json\/wp\/v2\/product_cat?post=5635"},{"taxonomy":"product_tag","embeddable":true,"href":"https:\/\/jnats.eu\/pt\/wp-json\/wp\/v2\/product_tag?post=5635"}],"curies":[{"name":"wp","href":"https:\/\/api.w.org\/{rel}","templated":true}]}}