{"id":5646,"date":"2026-01-20T12:48:55","date_gmt":"2026-01-20T10:48:55","guid":{"rendered":"https:\/\/jnats.eu\/?post_type=product&#038;p=5646"},"modified":"2026-02-02T08:14:50","modified_gmt":"2026-02-02T06:14:50","slug":"japoniski-naturalus-galandinimo-akmenys-razor-finishers-nakayama-ozuku","status":"publish","type":"product","link":"https:\/\/jnats.eu\/pt\/produto-2\/japoniski-naturalus-galandinimo-akmenys-razor-finishers-nakayama-ozuku\/","title":{"rendered":"Pedras de Afiar Naturais Japonesas - Acabamentos para navalhas (Nakayama \/ Ozuku?)"},"content":{"rendered":"<p>Pedras de afiar naturais japonesas para <strong>afia\u00e7\u00e3o de l\u00e2minas<\/strong>. Em termos de estrutura, cor e desempenho, as pedras <strong>muito provavelmente da mina Nakayama<\/strong>, \u00e9 poss\u00edvel <strong>Ozuku ou Nakayama<\/strong>.<\/p>\n\n\n\n<figure class=\"wp-block-embed is-type-video is-provider-youtube wp-block-embed-youtube wp-embed-aspect-16-9 wp-has-aspect-ratio\"><div class=\"wp-block-embed__wrapper\">\n<div class=\"video-container\"><iframe title=\"Finalizadores de l\u00e2minas japonesas - Nakayama Kiita, 8 camadas e Mizu Asagi explicados\" width=\"1170\" height=\"658\" src=\"https:\/\/www.youtube.com\/embed\/xlqDqxcMVfg?feature=oembed\" frameborder=\"0\" allow=\"accelerometer; autoplay; clipboard-write; encrypted-media; gyroscope; picture-in-picture; web-share\" referrerpolicy=\"strict-origin-when-cross-origin\" allowfullscreen><\/iframe><\/div>\n<\/div><\/figure>\n\n\n\n<p>Todas as pedras s\u00e3o adequadas <strong>para trabalhos de acabamento<\/strong> (mais de 10.000 gr\u00e3os) para um corte limpo e um barbear de alta qualidade.<\/p>\n\n\n\n<h3 class=\"wp-block-heading\"><strong>Especifica\u00e7\u00f5es para pedras<\/strong><\/h3>\n\n\n\n<p><strong>N.\u00ba 1 - Kiita<\/strong> (Nakayama?)<\/p>\n\n\n\n<ul class=\"wp-block-list\">\n<li>Dimens\u00f5es: <strong>209 \u00d7 75 \u00d7 25 mm<\/strong><\/li>\n\n\n\n<li>Peso: <strong>920 g<\/strong><\/li>\n\n\n\n<li>Dureza: <strong>N\u00edvel 4,5<\/strong><\/li>\n\n\n\n<li>Tipo.<\/li>\n\n\n\n<li>Notas: pedra equilibrada, suave mas de corte claro<\/li>\n<\/ul>\n\n\n\n<p><strong>N.\u00ba 2 - Asagi (8 camadas)<\/strong> (Nakayama?)<\/p>\n\n\n\n<ul class=\"wp-block-list\">\n<li>Dimens\u00f5es: <strong>200 \u00d7 71 \u00d7 29 mm<\/strong><\/li>\n\n\n\n<li>Peso: <strong>950 g<\/strong><\/li>\n\n\n\n<li>Dureza: <strong>Lv 4:7<\/strong><\/li>\n\n\n\n<li>Observa\u00e7\u00f5es: pequenos defeitos naturais nos cantos, n\u00e3o interferem com o trabalho<\/li>\n<\/ul>\n\n\n\n<p><strong>N.\u00ba 3 - Mizu Asagi<\/strong> (Nakayama ou Ozuku?)<\/p>\n\n\n\n<ul class=\"wp-block-list\">\n<li>Dimens\u00f5es: <strong>194 \u00d7 72 \u00d7 25 mm<\/strong><\/li>\n\n\n\n<li>Peso: <strong>900 g<\/strong><\/li>\n\n\n\n<li>Dureza: <strong>N\u00edvel 5<\/strong><\/li>\n\n\n\n<li>Tipo:Mizu Asagi<\/li>\n\n\n\n<li>Notas: finalizador s\u00f3lido, corte muito limpo e preciso<br><em>(possivelmente Ozuku ou Nakayama)<\/em><\/li>\n<\/ul>\n\n\n\n<hr class=\"wp-block-separator has-alpha-channel-opacity\"\/>\n\n\n\n<h3 class=\"wp-block-heading\"><strong>Carater\u00edsticas de funcionamento<\/strong><\/h3>\n\n\n\n<ul class=\"wp-block-list\">\n<li><strong>Pedras mais macias<\/strong> fornecido por <strong>um barbear mais suave e confort\u00e1vel<\/strong><\/li>\n\n\n\n<li><strong>Pedras mais duras<\/strong> duoda <strong>um corte mais agressivo mas extremamente limpo e preciso<\/strong><\/li>\n\n\n\n<li>Perfeito para <strong>navalha<\/strong>, kamisori e ferramentas topo de gama<\/li>\n<\/ul>","protected":false},"excerpt":{"rendered":"<p data-start=\"753\" data-end=\"770\"><strong data-start=\"753\" data-end=\"770\">N.\u00ba 1 - Kiita<\/strong><\/p>\n<ul data-start=\"771\" data-end=\"920\">\n<li data-start=\"771\" data-end=\"803\">\n<p data-start=\"773\" data-end=\"803\">Dimens\u00f5es: <strong data-start=\"783\" data-end=\"803\">209 \u00d7 75 \u00d7 25 mm<\/strong><\/p>\n<\/li>\n<li data-start=\"804\" data-end=\"823\">\n<p data-start=\"806\" data-end=\"823\">Peso: <strong data-start=\"814\" data-end=\"823\">920 g<\/strong><\/p>\n<\/li>\n<li data-start=\"824\" data-end=\"846\">\n<p data-start=\"826\" data-end=\"846\">Dureza: <strong data-start=\"836\" data-end=\"846\">N\u00edvel 4,5<\/strong><\/p>\n<\/li>\n<li data-start=\"847\" data-end=\"861\">\n<p data-start=\"849\" data-end=\"861\">Tipo.<\/p>\n<\/li>\n<li data-start=\"862\" data-end=\"920\">\n<p data-start=\"864\" data-end=\"920\">Notas: pedra equilibrada, suave mas de corte claro<\/p>\n<\/li>\n<\/ul>\n<p data-start=\"922\" data-end=\"953\"><strong data-start=\"922\" data-end=\"953\">N.\u00ba 2 - Asagi (8 camadas)<\/strong><\/p>\n<ul data-start=\"954\" data-end=\"1128\">\n<li data-start=\"954\" data-end=\"986\">\n<p data-start=\"956\" data-end=\"986\">Dimens\u00f5es: <strong data-start=\"966\" data-end=\"986\">200 \u00d7 71 \u00d7 29 mm<\/strong><\/p>\n<\/li>\n<li data-start=\"987\" data-end=\"1006\">\n<p data-start=\"989\" data-end=\"1006\">Peso: <strong data-start=\"997\" data-end=\"1006\">950 g<\/strong><\/p>\n<\/li>\n<li data-start=\"1007\" data-end=\"1029\">\n<p data-start=\"1009\" data-end=\"1029\">Dureza: <strong data-start=\"1019\" data-end=\"1029\">Lv 4:7<\/strong><\/p>\n<\/li>\n<li data-start=\"1030\" data-end=\"1055\">\n<p data-start=\"1032\" data-end=\"1055\">Estrutura: 8 camadas<\/p>\n<\/li>\n<li data-start=\"1056\" data-end=\"1128\">\n<p data-start=\"1058\" data-end=\"1128\">Observa\u00e7\u00f5es: pequenos defeitos naturais nos cantos, n\u00e3o interferem com o trabalho<\/p>\n<\/li>\n<\/ul>\n<p data-start=\"1130\" data-end=\"1152\"><strong data-start=\"1130\" data-end=\"1152\">N.\u00ba 3 - Mizu Asagi<\/strong><\/p>\n<ul data-start=\"1153\" data-end=\"1342\">\n<li data-start=\"1153\" data-end=\"1185\">\n<p data-start=\"1155\" data-end=\"1185\">Dimens\u00f5es: <strong data-start=\"1165\" data-end=\"1185\">194 \u00d7 72 \u00d7 25 mm<\/strong><\/p>\n<\/li>\n<li data-start=\"1186\" data-end=\"1205\">\n<p data-start=\"1188\" data-end=\"1205\">Peso: <strong data-start=\"1196\" data-end=\"1205\">900 g<\/strong><\/p>\n<\/li>\n<li data-start=\"1206\" data-end=\"1226\">\n<p data-start=\"1208\" data-end=\"1226\">Dureza: <strong data-start=\"1218\" data-end=\"1226\">N\u00edvel 5<\/strong><\/p>\n<\/li>\n<li data-start=\"1227\" data-end=\"1246\">\n<p data-start=\"1229\" data-end=\"1246\">Tipo:Mizu Asagi<\/p>\n<\/li>\n<li data-start=\"1247\" data-end=\"1342\">\n<p data-start=\"1249\" data-end=\"1342\">Notas: finalizador s\u00f3lido, corte muito limpo e preciso<br data-start=\"1306\" data-end=\"1309\" \/><em data-start=\"1311\" data-end=\"1342\">(possivelmente Ozuku ou Nakayama)<\/em><\/p>\n<\/li>\n<\/ul>\n<hr data-start=\"1344\" data-end=\"1347\" \/>\n<h3 data-start=\"1349\" data-end=\"1373\"><strong data-start=\"1353\" data-end=\"1373\">Carater\u00edsticas de funcionamento<\/strong><\/h3>\n<ul data-start=\"1374\" data-end=\"1595\">\n<li data-start=\"1374\" data-end=\"1445\">\n<p data-start=\"1376\" data-end=\"1445\"><strong data-start=\"1376\" data-end=\"1398\">Pedras mais macias<\/strong> fornecido por <strong data-start=\"1408\" data-end=\"1445\">um barbear mais suave e confort\u00e1vel<\/strong><\/p>\n<\/li>\n<li data-start=\"1446\" data-end=\"1522\">\n<p data-start=\"1448\" data-end=\"1522\"><strong data-start=\"1448\" data-end=\"1468\">Pedras mais duras<\/strong> duoda <strong data-start=\"1475\" data-end=\"1522\">um corte mais agressivo mas extremamente limpo e preciso<\/strong><\/p>\n<\/li>\n<li data-start=\"1523\" data-end=\"1595\">\n<p data-start=\"1525\" data-end=\"1595\">Perfeito para <strong data-start=\"1539\" data-end=\"1557\">navalha<\/strong>, kamisori e ferramentas topo de gama<\/p>\n<\/li>\n<\/ul>","protected":false},"featured_media":5660,"comment_status":"closed","ping_status":"closed","template":"","meta":[],"product_brand":[],"product_cat":[22],"product_tag":[49,66],"class_list":{"0":"post-5646","1":"product","2":"type-product","3":"status-publish","4":"has-post-thumbnail","6":"product_cat-jnats","7":"product_tag-nakayama","8":"product_tag-ozuku","9":"product_shipping_class-iprastas","11":"first","12":"instock","13":"shipping-taxable","14":"purchasable","15":"product-type-variable"},"_links":{"self":[{"href":"https:\/\/jnats.eu\/pt\/wp-json\/wp\/v2\/product\/5646","targetHints":{"allow":["GET"]}}],"collection":[{"href":"https:\/\/jnats.eu\/pt\/wp-json\/wp\/v2\/product"}],"about":[{"href":"https:\/\/jnats.eu\/pt\/wp-json\/wp\/v2\/types\/product"}],"replies":[{"embeddable":true,"href":"https:\/\/jnats.eu\/pt\/wp-json\/wp\/v2\/comments?post=5646"}],"wp:featuredmedia":[{"embeddable":true,"href":"https:\/\/jnats.eu\/pt\/wp-json\/wp\/v2\/media\/5660"}],"wp:attachment":[{"href":"https:\/\/jnats.eu\/pt\/wp-json\/wp\/v2\/media?parent=5646"}],"wp:term":[{"taxonomy":"product_brand","embeddable":true,"href":"https:\/\/jnats.eu\/pt\/wp-json\/wp\/v2\/product_brand?post=5646"},{"taxonomy":"product_cat","embeddable":true,"href":"https:\/\/jnats.eu\/pt\/wp-json\/wp\/v2\/product_cat?post=5646"},{"taxonomy":"product_tag","embeddable":true,"href":"https:\/\/jnats.eu\/pt\/wp-json\/wp\/v2\/product_tag?post=5646"}],"curies":[{"name":"wp","href":"https:\/\/api.w.org\/{rel}","templated":true}]}}