{"id":5698,"date":"2026-01-31T11:09:13","date_gmt":"2026-01-31T09:09:13","guid":{"rendered":"https:\/\/jnats.eu\/?post_type=product&#038;p=5698"},"modified":"2026-01-31T19:37:30","modified_gmt":"2026-01-31T17:37:30","slug":"vintazinis-belgiskas-coticule-akmuo","status":"publish","type":"product","link":"https:\/\/jnats.eu\/pt\/produto-2\/vintazinis-belgiskas-coticule-akmuo\/","title":{"rendered":"Pedra de Coticule Belga Vintage"},"content":{"rendered":"<p>Vintage belga <strong>Coticule<\/strong> - Uma pedra de amolar natural cl\u00e1ssica, apreciada pelo seu gr\u00e3o excecional e pelo seu toque sedoso. Ideal para <strong>para o acabamento das facas<\/strong>, o <strong>brit\u00e2nicos<\/strong> - como de alta qualidade <strong>pr\u00e9-acabamento<\/strong> a fase anterior ao polimento final.<\/p>\n\n\n\n<p>A pedra tem uma remo\u00e7\u00e3o de metal muito suave mas eficaz, permitindo um rebordo limpo e controlado sem micro-riscos agressivos. Perfeitamente compat\u00edvel com <strong>suspens\u00f5es<\/strong> mas tamb\u00e9m pode trabalhar em m\u00e1quinas limpas.<\/p>\n\n\n\n<p>Pode ser utilizado tanto com <strong>\u00e1gua<\/strong>, ambos com <strong>tepalu<\/strong>, dependendo da velocidade pretendida e da natureza do acabamento.<\/p>\n\n\n\n<figure class=\"wp-block-embed is-type-video is-provider-youtube wp-block-embed-youtube wp-embed-aspect-16-9 wp-has-aspect-ratio\"><div class=\"wp-block-embed__wrapper\">\n<div class=\"video-container\"><iframe title=\"Vintage vs Ardennes Coticule: Lama vs \u00c1gua numa Navalha Daishi Tamahagane\" width=\"1170\" height=\"658\" src=\"https:\/\/www.youtube.com\/embed\/YiR2gv1Xe2A?start=641&#038;feature=oembed\" frameborder=\"0\" allow=\"accelerometer; autoplay; clipboard-write; encrypted-media; gyroscope; picture-in-picture; web-share\" referrerpolicy=\"strict-origin-when-cross-origin\" allowfullscreen><\/iframe><\/div>\n<\/div><\/figure>\n\n\n\n<p>Peso com caixa - <strong>680 g<\/strong><br>Dimens\u00f5es: <strong>203 \u00d7 47 \u00d7 8 (acima da caixa) mm<\/strong><\/p>","protected":false},"excerpt":{"rendered":"<p>Pode ser utilizado com \u00e1gua ou massa lubrificante, consoante a velocidade e o acabamento pretendidos.<\/p>\n<p>As linhas s\u00e3o seguras. Tem um cheiro oleoso.<\/p>\n<ul>\n<li>Peso incl. caixa - 680 g<\/li>\n<li>Dimens\u00f5es: 203 \u00d7 47 \u00d7 8 (acima da caixa) mm<\/li>\n<\/ul>","protected":false},"featured_media":5704,"comment_status":"closed","ping_status":"closed","template":"","meta":[],"product_brand":[],"product_cat":[22],"product_tag":[378],"class_list":{"0":"post-5698","1":"product","2":"type-product","3":"status-publish","4":"has-post-thumbnail","6":"product_cat-jnats","7":"product_tag-coticule","8":"product_shipping_class-iprastas","10":"first","11":"outofstock","12":"shipping-taxable","13":"purchasable","14":"product-type-simple"},"_links":{"self":[{"href":"https:\/\/jnats.eu\/pt\/wp-json\/wp\/v2\/product\/5698","targetHints":{"allow":["GET"]}}],"collection":[{"href":"https:\/\/jnats.eu\/pt\/wp-json\/wp\/v2\/product"}],"about":[{"href":"https:\/\/jnats.eu\/pt\/wp-json\/wp\/v2\/types\/product"}],"replies":[{"embeddable":true,"href":"https:\/\/jnats.eu\/pt\/wp-json\/wp\/v2\/comments?post=5698"}],"wp:featuredmedia":[{"embeddable":true,"href":"https:\/\/jnats.eu\/pt\/wp-json\/wp\/v2\/media\/5704"}],"wp:attachment":[{"href":"https:\/\/jnats.eu\/pt\/wp-json\/wp\/v2\/media?parent=5698"}],"wp:term":[{"taxonomy":"product_brand","embeddable":true,"href":"https:\/\/jnats.eu\/pt\/wp-json\/wp\/v2\/product_brand?post=5698"},{"taxonomy":"product_cat","embeddable":true,"href":"https:\/\/jnats.eu\/pt\/wp-json\/wp\/v2\/product_cat?post=5698"},{"taxonomy":"product_tag","embeddable":true,"href":"https:\/\/jnats.eu\/pt\/wp-json\/wp\/v2\/product_tag?post=5698"}],"curies":[{"name":"wp","href":"https:\/\/api.w.org\/{rel}","templated":true}]}}