{"id":5715,"date":"2026-02-03T12:44:39","date_gmt":"2026-02-03T10:44:39","guid":{"rendered":"https:\/\/jnats.eu\/?post_type=product&#038;p=5715"},"modified":"2026-02-17T11:07:57","modified_gmt":"2026-02-17T09:07:57","slug":"dorko-solingen-no-3739-85-solingen-172-de-luxe-vintaziniai-vokiski-skustuvai-nos","status":"publish","type":"product","link":"https:\/\/jnats.eu\/pt\/produto-2\/dorko-solingen-no-3739-85-solingen-172-de-luxe-vintaziniai-vokiski-skustuvai-nos\/","title":{"rendered":"Dorko Solingen No. 3739\/85 Solingen 172 De Luxe - m\u00e1quinas de barbear alem\u00e3s vintage (NOS)"},"content":{"rendered":"<figure class=\"wp-block-embed is-type-video is-provider-youtube wp-block-embed-youtube wp-embed-aspect-9-16 wp-has-aspect-ratio\"><div class=\"wp-block-embed__wrapper\">\n<div class=\"video-container\"><iframe title=\"Navalhas Vintage DORKO Solingen - NOS De Luxe (anos 50)\" width=\"563\" height=\"1000\" src=\"https:\/\/www.youtube.com\/embed\/ZNubipgIW04?feature=oembed\" frameborder=\"0\" allow=\"accelerometer; autoplay; clipboard-write; encrypted-media; gyroscope; picture-in-picture; web-share\" referrerpolicy=\"strict-origin-when-cross-origin\" allowfullscreen><\/iframe><\/div>\n<\/div><\/figure>\n\n\n\n<p>N<strong>vintage usado (NOS - New Old Stock)<\/strong> L\u00e2minas de barbear alem\u00e3s <strong>Dorko Solingen N.\u00ba 3739\/85 Inox<\/strong> e <strong>Solingen 172 De Luxe<\/strong>, produzido <strong>em meados do s\u00e9culo passado<\/strong>, na lend\u00e1ria regi\u00e3o de Solingen.<\/p>\n\n\n\n<p>Embora as m\u00e1quinas de barbear desta marca ainda sejam fabricadas atualmente, <strong>As Dorcas vintage s\u00e3o significativamente superiores \u00e0s suas cong\u00e9neres modernas em termos de qualidade do tratamento t\u00e9rmico e mec\u00e2nico<\/strong>. S\u00e3o produtos de uma \u00e9poca em que se privilegiava a durabilidade e a precis\u00e3o artesanal.<\/p>\n\n\n\n<p>As pegas s\u00e3o feitas de pl\u00e1stico sint\u00e9tico vintage de alta qualidade (baquelite \/ estilo marfim) utilizado pelos artes\u00e3os de Solingen em meados do s\u00e9culo XX. Est\u00e1veis, sem fissuras nem deforma\u00e7\u00f5es, com os emblemas originais da Dorko.<\/p>\n\n\n\n<p>As l\u00e2minas de barbear t\u00eam <strong>sinais naturais do tempo<\/strong>, t\u00edpico da condi\u00e7\u00e3o NOS, no entanto:<\/p>\n\n\n\n<ul class=\"wp-block-list\">\n<li><strong>a l\u00e2mina est\u00e1 completamente intacta<\/strong>,<\/li>\n\n\n\n<li><strong>Afiar e utilizar n\u00e3o ser\u00e1 um problema<\/strong>,<\/li>\n\n\n\n<li><strong>mec\u00e2nica e geometria em perfeito estado<\/strong>.<\/li>\n<\/ul>\n\n\n\n<p>A escolha perfeita para ambos <strong>para utiliza\u00e7\u00e3o em<\/strong>, ambos <strong>para recolher<\/strong>.<\/p>\n\n\n\n<p>Recomendamos <strong>rever cuidadosamente as fotografias e o v\u00eddeo<\/strong>, que s\u00e3o uma parte importante da descri\u00e7\u00e3o do produto.<\/p>\n\n\n\n<h3 class=\"wp-block-heading\">Dados t\u00e9cnicos:<\/h3>\n\n\n\n<ul class=\"wp-block-list\">\n<li><strong>Dimens\u00f5es da l\u00e2mina:<\/strong> 75 \u00d7 20 \u00d7 5 mm<\/li>\n\n\n\n<li><strong>Peso:<\/strong>\n<ul class=\"wp-block-list\">\n<li>52 g - com <strong>com uma inscri\u00e7\u00e3o dourada de fundo<\/strong><\/li>\n\n\n\n<li>50 g - vers\u00e3o standard<\/li>\n<\/ul>\n<\/li>\n<\/ul>","protected":false},"excerpt":{"rendered":"<p>L\u00e2minas de barbear alem\u00e3s vintage NOS (New old stock) n\u00e3o usadas Dorko Solingen n.\u00ba 3739\/85 Stainless-Inox Solingen 172 De Luxe. Fabricadas em meados do s\u00e9culo passado. Ainda fabricadas sob esta marca, mas inferiores \u00e0s antigas em termos de qualidade de tratamento t\u00e9rmico e mec\u00e2nico. As pegas s\u00e3o feitas de pl\u00e1stico sint\u00e9tico vintage de alta qualidade (baquelite \/ estilo marfim) utilizado pelos artes\u00e3os de Solingen em meados do s\u00e9culo XX. Est\u00e1veis, sem fissuras nem deforma\u00e7\u00f5es, com os emblemas originais da Dorko. H\u00e1 sinais do tempo, mas todas as l\u00e2minas est\u00e3o completamente intactas, pelo que a afia\u00e7\u00e3o e a utiliza\u00e7\u00e3o n\u00e3o ser\u00e3o um problema. A mec\u00e2nica e a geometria s\u00e3o perfeitas. Veja com aten\u00e7\u00e3o as fotografias e o v\u00eddeo.<\/p>\n<ol>\n<li>Dimens\u00f5es da l\u00e2mina 75x20x5 mm. Peso 52 g. (Fundo dourado)<\/li>\n<li>Dimens\u00f5es da l\u00e2mina 75x20x5 mm. Peso 50 g.<\/li>\n<\/ol>\n<p><strong>Se n\u00e3o vir o artigo na lista pendente, \u00e9 porque est\u00e1 vendido.\u00a0<\/strong><\/p>","protected":false},"featured_media":5749,"comment_status":"closed","ping_status":"closed","template":"","meta":[],"product_brand":[],"product_cat":[23],"product_tag":[379,55],"class_list":{"0":"post-5715","1":"product","2":"type-product","3":"status-publish","4":"has-post-thumbnail","6":"product_cat-razors","7":"product_tag-dorko","8":"product_tag-nos","9":"product_shipping_class-light","11":"first","12":"instock","13":"shipping-taxable","14":"purchasable","15":"product-type-variable"},"_links":{"self":[{"href":"https:\/\/jnats.eu\/pt\/wp-json\/wp\/v2\/product\/5715","targetHints":{"allow":["GET"]}}],"collection":[{"href":"https:\/\/jnats.eu\/pt\/wp-json\/wp\/v2\/product"}],"about":[{"href":"https:\/\/jnats.eu\/pt\/wp-json\/wp\/v2\/types\/product"}],"replies":[{"embeddable":true,"href":"https:\/\/jnats.eu\/pt\/wp-json\/wp\/v2\/comments?post=5715"}],"wp:featuredmedia":[{"embeddable":true,"href":"https:\/\/jnats.eu\/pt\/wp-json\/wp\/v2\/media\/5749"}],"wp:attachment":[{"href":"https:\/\/jnats.eu\/pt\/wp-json\/wp\/v2\/media?parent=5715"}],"wp:term":[{"taxonomy":"product_brand","embeddable":true,"href":"https:\/\/jnats.eu\/pt\/wp-json\/wp\/v2\/product_brand?post=5715"},{"taxonomy":"product_cat","embeddable":true,"href":"https:\/\/jnats.eu\/pt\/wp-json\/wp\/v2\/product_cat?post=5715"},{"taxonomy":"product_tag","embeddable":true,"href":"https:\/\/jnats.eu\/pt\/wp-json\/wp\/v2\/product_tag?post=5715"}],"curies":[{"name":"wp","href":"https:\/\/api.w.org\/{rel}","templated":true}]}}