{"id":578,"date":"2024-03-08T11:00:57","date_gmt":"2024-03-08T09:00:57","guid":{"rendered":"http:\/\/jnats.eu\/?post_type=product&#038;p=578"},"modified":"2024-05-16T14:43:36","modified_gmt":"2024-05-16T11:43:36","slug":"naudotas-angliskas-vintazinis-skustuvas-wadebutcher-sheffield","status":"publish","type":"product","link":"https:\/\/jnats.eu\/pt\/produto-2\/naudotas-angliskas-vintazinis-skustuvas-wadebutcher-sheffield\/","title":{"rendered":"Navalha de barbear vintage inglesa usada Wade&amp;Butcher Sheffield"},"content":{"rendered":"<p>Navalha de barbear inglesa usada Wade&amp;Butcher Sheffiled<\/p>\n\n\n\n<p>A l\u00e2mina de barbear vintage Wade &amp; Butcher \u00e9 uma pe\u00e7a muito estimada e procurada por coleccionadores e entusiastas do barbear. A Wade &amp; Butcher foi uma proeminente empresa de cutelaria inglesa que funcionou desde o in\u00edcio do s\u00e9culo XIX at\u00e9 meados do s\u00e9culo XX. Era conhecida por produzir l\u00e2minas de barbear de alta qualidade, entre outros artigos de cutelaria.<\/p>\n\n\n\n<p>Eis uma descri\u00e7\u00e3o geral da l\u00e2mina de barbear vintage Wade &amp; Butcher:<\/p>\n\n\n\n<ol class=\"wp-block-list\">\n<li><strong>Material<\/strong>: Normalmente, estas l\u00e2minas s\u00e3o fabricadas em a\u00e7o-carbono de alta qualidade, que era o material padr\u00e3o das l\u00e2minas de barbear durante a sua \u00e9poca.<\/li>\n\n\n\n<li><strong>Conce\u00e7\u00e3o<\/strong>As m\u00e1quinas de barbear Wade &amp; Butcher apresentam frequentemente desenhos elegantes e intrincados na l\u00e2mina, nos cabos e nas pontas. As l\u00e2minas s\u00e3o geralmente forjadas com precis\u00e3o e podem ostentar o log\u00f3tipo ou as marcas da empresa, indicando a sua autenticidade.<\/li>\n\n\n\n<li><strong>Tamanho<\/strong>As l\u00e2minas de barbear Vintage Wade &amp; Butcher v\u00eam em v\u00e1rios tamanhos, incluindo larguras de 5\/8\u2033, 6\/8\u2033 e 7\/8\u2033. O tamanho refere-se \u00e0 largura da l\u00e2mina.<\/li>\n\n\n\n<li><strong>Pega<\/strong>O cabo de uma l\u00e2mina de barbear Wade &amp; Butcher pode variar em termos de material e design. Alguns cabos s\u00e3o feitos de celuloide, marfim ou chifre de alta qualidade, enquanto outros podem apresentar desenhos intrincados esculpidos em materiais como osso ou madeira.<\/li>\n\n\n\n<li><strong>Estado<\/strong>O estado de uma l\u00e2mina de barbear vintage Wade &amp; Butcher pode variar consoante a sua idade e utiliza\u00e7\u00e3o. Algumas l\u00e2minas de barbear podem apresentar sinais de desgaste e p\u00e1tina, enquanto outras podem ter sido meticulosamente restauradas por coleccionadores ou profissionais.<\/li>\n\n\n\n<li><strong>Colectibilidade<\/strong>Devido ao seu significado hist\u00f3rico e \u00e0 sua reputa\u00e7\u00e3o de artesanato, as l\u00e2minas de barbear Wade &amp; Butcher vintage s\u00e3o artigos altamente coleccion\u00e1veis. Os coleccionadores procuram frequentemente m\u00e1quinas de barbear em bom estado, com l\u00e2minas e cabos intactos.<\/li>\n\n\n\n<li><strong>Utiliza\u00e7\u00e3o<\/strong>O que \u00e9: Embora muitos coleccionadores adquiram as m\u00e1quinas de barbear Wade &amp; Butcher para fins de exposi\u00e7\u00e3o, alguns entusiastas tamb\u00e9m gostam de as utilizar para fazer a barba tradicional com \u00e1gua. Com uma manuten\u00e7\u00e3o e afia\u00e7\u00e3o adequadas, estas m\u00e1quinas de barbear vintage ainda podem proporcionar uma excelente experi\u00eancia de barbear.<\/li>\n<\/ol>\n\n\n\n<p>De um modo geral, a m\u00e1quina de barbear Wade &amp; Butcher vintage n\u00e3o \u00e9 apenas uma ferramenta de barbear funcional, mas tamb\u00e9m um peda\u00e7o de hist\u00f3ria que reflecte o artesanato e a heran\u00e7a dos instrumentos de barbear tradicionais.<\/p>","protected":false},"excerpt":{"rendered":"<p>Navalha de barbear inglesa usada Wade&amp;Butcher Sheffiled<\/p>\n<ul>\n<li>Comprimento da l\u00e2mina 70 mm<\/li>\n<li>Altura da l\u00e2mina 19 mm<\/li>\n<li>Comprimento total 160 mm<\/li>\n<\/ul>","protected":false},"featured_media":1012,"comment_status":"open","ping_status":"closed","template":"","meta":[],"product_brand":[],"product_cat":[23],"product_tag":[138],"class_list":{"0":"post-578","1":"product","2":"type-product","3":"status-publish","4":"has-post-thumbnail","6":"product_cat-razors","7":"product_tag-wadebutcher","8":"product_shipping_class-light","10":"first","11":"outofstock","12":"sale","13":"shipping-taxable","14":"purchasable","15":"product-type-simple"},"_links":{"self":[{"href":"https:\/\/jnats.eu\/pt\/wp-json\/wp\/v2\/product\/578","targetHints":{"allow":["GET"]}}],"collection":[{"href":"https:\/\/jnats.eu\/pt\/wp-json\/wp\/v2\/product"}],"about":[{"href":"https:\/\/jnats.eu\/pt\/wp-json\/wp\/v2\/types\/product"}],"replies":[{"embeddable":true,"href":"https:\/\/jnats.eu\/pt\/wp-json\/wp\/v2\/comments?post=578"}],"wp:featuredmedia":[{"embeddable":true,"href":"https:\/\/jnats.eu\/pt\/wp-json\/wp\/v2\/media\/1012"}],"wp:attachment":[{"href":"https:\/\/jnats.eu\/pt\/wp-json\/wp\/v2\/media?parent=578"}],"wp:term":[{"taxonomy":"product_brand","embeddable":true,"href":"https:\/\/jnats.eu\/pt\/wp-json\/wp\/v2\/product_brand?post=578"},{"taxonomy":"product_cat","embeddable":true,"href":"https:\/\/jnats.eu\/pt\/wp-json\/wp\/v2\/product_cat?post=578"},{"taxonomy":"product_tag","embeddable":true,"href":"https:\/\/jnats.eu\/pt\/wp-json\/wp\/v2\/product_tag?post=578"}],"curies":[{"name":"wp","href":"https:\/\/api.w.org\/{rel}","templated":true}]}}