{"id":5833,"date":"2026-03-17T08:50:06","date_gmt":"2026-03-17T06:50:06","guid":{"rendered":"https:\/\/jnats.eu\/?post_type=product&#038;p=5833"},"modified":"2026-03-17T08:51:20","modified_gmt":"2026-03-17T06:51:20","slug":"autentiskas-japoniskas-naturalus-galandimo-akmuo-8-sluoksniu-awasedo-%e5%85%ab%e5%b1%a4%e5%90%88%e7%a0%a5","status":"publish","type":"product","link":"https:\/\/jnats.eu\/pt\/produto-2\/autentiskas-japoniskas-naturalus-galandimo-akmuo-8-sluoksniu-awasedo-%e5%85%ab%e5%b1%a4%e5%90%88%e7%a0%a5\/","title":{"rendered":"Aut\u00eantica pedra de amolar natural japonesa - 8 camadas Awasedo (\u516b\u5c64\u5408\u7825)"},"content":{"rendered":"<figure class=\"wp-block-embed is-type-video is-provider-youtube wp-block-embed-youtube wp-embed-aspect-16-9 wp-has-aspect-ratio\"><div class=\"wp-block-embed__wrapper\">\n<div class=\"video-container\"><iframe title=\"Afia\u00e7\u00e3o de facas em JNATS - Suita, Karasu e 8 camadas de pedras de amolar naturais japonesas (Teste 14C28N)\" width=\"1170\" height=\"658\" src=\"https:\/\/www.youtube.com\/embed\/kSozhQunC4k?start=364&#038;feature=oembed\" frameborder=\"0\" allow=\"accelerometer; autoplay; clipboard-write; encrypted-media; gyroscope; picture-in-picture; web-share\" referrerpolicy=\"strict-origin-when-cross-origin\" allowfullscreen><\/iframe><\/div>\n<\/div><\/figure>\n\n\n\n<p>Uma pedra de acabamento natural \u00fanica, selecionada \u00e0 m\u00e3o, proveniente do Jap\u00e3o, com uma estrutura multi-camadas excecional (8 camadas naturais). Esta estrutura geol\u00f3gica confere \u00e0 pedra as suas propriedades especiais - est\u00e1vel, com abras\u00e3o uniforme e um acabamento de qualidade muito elevada.<\/p>\n\n\n\n<h3 class=\"wp-block-heading\">Carater\u00edsticas principais:<\/h3>\n\n\n\n<ul class=\"wp-block-list\">\n<li><strong>Tipo:<\/strong> Awasedo (pedra de acabamento)<\/li>\n\n\n\n<li><strong>Estrutura:<\/strong> 8 camadas naturais<\/li>\n\n\n\n<li><strong>Dureza:<\/strong> meio duro (adequado tanto com como sem a nagura)<\/li>\n\n\n\n<li><strong>Trabalho:<\/strong> limpo, controlado, gera uma suspens\u00e3o fina e uniforme<\/li>\n\n\n\n<li><strong>Acabamento:<\/strong> bastante pequeno, ideal para facas e outras ferramentas topo de gama<\/li>\n<\/ul>\n\n\n\n<h3 class=\"wp-block-heading\">Exclusividade:<\/h3>\n\n\n\n<ul class=\"wp-block-list\">\n<li>A estrutura de v\u00e1rias camadas permite mudan\u00e7as subtis na sensa\u00e7\u00e3o do trabalho - de um contacto mais suave a um mais agressivo, dependendo da press\u00e3o e do teor de \u00e1gua<\/li>\n\n\n\n<li>Resultados est\u00e1veis e previs\u00edveis - perfeito para profissionais<\/li>\n\n\n\n<li>Esteticamente requintado - com caligrafia tradicional (poema cl\u00e1ssico chin\u00eas)<\/li>\n<\/ul>\n\n\n\n<p>A pedra tem inscrito um poema cl\u00e1ssico chin\u00eas (frequentemente encontrado em pedras naturais japonesas):<\/p>\n\n\n\n<p><strong>\u539f\u6587 (chin\u00eas):<\/strong><br>\u6625\u7720\u4e0d\u89c9\u6653<br>\u5904\u5904\u95fb\u557c\u9e1f<br>\u591c\u6765\u98ce\u96e8\u58f0<br>\u82b1\u843d\u77e5\u591a\u5c11<\/p>\n\n\n\n<p><strong>Tradu\u00e7\u00e3o para lituano:<\/strong><br>Durmo na primavera - n\u00e3o sinto o amanhecer,<br>Ou\u00e7o o canto dos p\u00e1ssaros por todo o lado.<br>\u00c0 noite, estava vento e chuva,<br>Quantas flores ca\u00edram - quem \u00e9 que sabe contar?<\/p>\n\n\n\n<h3 class=\"wp-block-heading\">Notas:<\/h3>\n\n\n\n<p>N\u00e3o se trata de uma pedra produzida em s\u00e9rie - cada exemplar \u00e9 \u00fanico nas suas camadas, cores e car\u00e1cter do seu trabalho.<\/p>","protected":false},"excerpt":{"rendered":"<ul>\n<li>Adequado para facas de acabamento, tesouras, ferramentas de carpintaria e outras ferramentas.<\/li>\n<li>Dimens\u00f5es: 220x87x62 mm<\/li>\n<li>Peso: 2695 g<\/li>\n<li>Dureza: Lv 4.8<\/li>\n<li>Superf\u00edcie lisa e pronta a utilizar<\/li>\n<li>Lados e parte inferior revestidos de verniz<\/li>\n<li>Recomendamos que trabalhe com \u00e1gua morna, uma vez que a \u00e1gua fria prejudica a velocidade e a resposta<\/li>\n<\/ul>","protected":false},"featured_media":5836,"comment_status":"closed","ping_status":"closed","template":"","meta":[],"product_brand":[],"product_cat":[22],"product_tag":[40],"class_list":{"0":"post-5833","1":"product","2":"type-product","3":"status-publish","4":"has-post-thumbnail","6":"product_cat-jnats","7":"product_tag-awasedo","8":"product_shipping_class-iprastas","10":"first","11":"instock","12":"shipping-taxable","13":"purchasable","14":"product-type-simple"},"_links":{"self":[{"href":"https:\/\/jnats.eu\/pt\/wp-json\/wp\/v2\/product\/5833","targetHints":{"allow":["GET"]}}],"collection":[{"href":"https:\/\/jnats.eu\/pt\/wp-json\/wp\/v2\/product"}],"about":[{"href":"https:\/\/jnats.eu\/pt\/wp-json\/wp\/v2\/types\/product"}],"replies":[{"embeddable":true,"href":"https:\/\/jnats.eu\/pt\/wp-json\/wp\/v2\/comments?post=5833"}],"wp:featuredmedia":[{"embeddable":true,"href":"https:\/\/jnats.eu\/pt\/wp-json\/wp\/v2\/media\/5836"}],"wp:attachment":[{"href":"https:\/\/jnats.eu\/pt\/wp-json\/wp\/v2\/media?parent=5833"}],"wp:term":[{"taxonomy":"product_brand","embeddable":true,"href":"https:\/\/jnats.eu\/pt\/wp-json\/wp\/v2\/product_brand?post=5833"},{"taxonomy":"product_cat","embeddable":true,"href":"https:\/\/jnats.eu\/pt\/wp-json\/wp\/v2\/product_cat?post=5833"},{"taxonomy":"product_tag","embeddable":true,"href":"https:\/\/jnats.eu\/pt\/wp-json\/wp\/v2\/product_tag?post=5833"}],"curies":[{"name":"wp","href":"https:\/\/api.w.org\/{rel}","templated":true}]}}