{"id":5846,"date":"2026-03-17T08:56:53","date_gmt":"2026-03-17T06:56:53","guid":{"rendered":"https:\/\/jnats.eu\/?post_type=product&#038;p=5846"},"modified":"2026-03-17T08:56:55","modified_gmt":"2026-03-17T06:56:55","slug":"nishhoyama-suita-naturalus-japoniskas-galandimo-akmuo","status":"publish","type":"product","link":"https:\/\/jnats.eu\/pt\/produto-2\/nishhoyama-suita-naturalus-japoniskas-galandimo-akmuo\/","title":{"rendered":"Nishhoyama Suita - pedra de afiar natural japonesa"},"content":{"rendered":"<figure class=\"wp-block-embed is-type-video is-provider-youtube wp-block-embed-youtube wp-embed-aspect-16-9 wp-has-aspect-ratio\"><div class=\"wp-block-embed__wrapper\">\n<div class=\"video-container\"><iframe title=\"Afia\u00e7\u00e3o de facas em JNATS - Suita, Karasu e 8 camadas de pedras de amolar naturais japonesas (Teste 14C28N)\" width=\"1170\" height=\"658\" src=\"https:\/\/www.youtube.com\/embed\/kSozhQunC4k?start=44&#038;feature=oembed\" frameborder=\"0\" allow=\"accelerometer; autoplay; clipboard-write; encrypted-media; gyroscope; picture-in-picture; web-share\" referrerpolicy=\"strict-origin-when-cross-origin\" allowfullscreen><\/iframe><\/div>\n<\/div><\/figure>\n\n\n\n<p>Aut\u00eantico <strong>Suite Nishhoyama<\/strong> um tipo de pedra natural do Jap\u00e3o - apreciado pelo seu trabalho limpo, rapidez e capacidade de criar um acabamento kasumi altamente est\u00e9tico. Esta pedra tem uma estrutura suita t\u00edpica com finos vest\u00edgios de \u201esu\u201c (bolsas de ar), que proporcionam um excelente equil\u00edbrio abrasivo.<\/p>\n\n\n\n<h3 class=\"wp-block-heading\">Carater\u00edsticas principais:<\/h3>\n\n\n\n<ul class=\"wp-block-list\">\n<li><strong>Tipo:<\/strong> Suite (awasedo \/ acabamento - classe de pr\u00e9-acabamento)<\/li>\n\n\n\n<li><strong>Origem:<\/strong> Nishhoyama, Jap\u00e3o<\/li>\n\n\n\n<li><strong>Dureza:<\/strong> M\u00e9dio<\/li>\n\n\n\n<li><strong>Velocidade:<\/strong> gera\u00e7\u00e3o de suspens\u00f5es r\u00e1pida e f\u00e1cil<\/li>\n\n\n\n<li><strong>Acabamento:<\/strong> kasumi limpo, contraste muito bom entre o hagane e o jigane<\/li>\n<\/ul>\n\n\n\n<h3 class=\"wp-block-heading\">Car\u00e1cter da obra:<\/h3>\n\n\n\n<ul class=\"wp-block-list\">\n<li>Trabalhos em pedra <strong>suave e uniforme<\/strong>, permite um controlo muito bom<\/li>\n\n\n\n<li>Excelente \u201esuspens\u00e3o\u201c do a\u00e7o sem riscar a superf\u00edcie<\/li>\n\n\n\n<li>Adequado para utiliza\u00e7\u00e3o com \u00e1gua e nafta - permite o ajuste da agressividade<\/li>\n<\/ul>\n\n\n\n<h3 class=\"wp-block-heading\">Linhas:<\/h3>\n\n\n\n<p>A pedra tem linhas naturais, mas estas s\u00e3o <strong>linhas seguras<\/strong> - n\u00e3o afecta a l\u00e2mina e n\u00e3o interfere com o trabalho. Trata-se apenas de uma carater\u00edstica est\u00e9tica\/geol\u00f3gica inerente \u00e0s pedras naturais.<\/p>\n\n\n\n<h3 class=\"wp-block-heading\">Utiliza\u00e7\u00e3o:<\/h3>\n\n\n\n<ul class=\"wp-block-list\">\n<li>Pr\u00e9-acabamento contra pedras de acabamento mais duras (por exemplo, Nakayama, Ozuku)<\/li>\n\n\n\n<li>Acabamento Kasumi para facas japonesas<\/li>\n\n\n\n<li>Progress\u00e3o da l\u00e2mina de barbear (ap\u00f3s pedras de gr\u00e3o m\u00e9dio)<\/li>\n<\/ul>\n\n\n\n<h3 class=\"wp-block-heading\">Adequa\u00e7\u00e3o aos a\u00e7os:<\/h3>\n\n\n\n<ul class=\"wp-block-list\">\n<li>A\u00e7os ao carbono (Shirogami, Aogami) - excelente resultado<\/li>\n\n\n\n<li>A\u00e7o inoxid\u00e1vel - bom trabalho<\/li>\n\n\n\n<li>HSS - funciona, mas a efic\u00e1cia depende da press\u00e3o e da suspens\u00e3o<\/li>\n<\/ul>\n\n\n\n<h3 class=\"wp-block-heading\">Exclusividade:<\/h3>\n\n\n\n<ul class=\"wp-block-list\">\n<li>Sensa\u00e7\u00e3o t\u00edpica de \u201eao vivo\u201c da suite durante o trabalho<\/li>\n\n\n\n<li>Padr\u00e3o de superf\u00edcie muito bonito e natural<\/li>\n\n\n\n<li>Uma pedra vers\u00e1til para profissionais e entusiastas avan\u00e7ados<\/li>\n<\/ul>","protected":false},"excerpt":{"rendered":"<ul>\n<li>Adequado para facas de acabamento, tesouras, ferramentas de carpintaria e outras<\/li>\n<li>Dimens\u00f5es: 169x73x35 mm<\/li>\n<li>Peso: 995 g<\/li>\n<li>Dureza: Lv 4<\/li>\n<li>Linhas seguras<\/li>\n<li>A superf\u00edcie \u00e9 lisa e est\u00e1 pronta a ser utilizada.<\/li>\n<li>Recomendamos que trabalhe com \u00e1gua morna, uma vez que a \u00e1gua fria prejudica a velocidade e a resposta<\/li>\n<\/ul>","protected":false},"featured_media":5851,"comment_status":"closed","ping_status":"closed","template":"","meta":[],"product_brand":[],"product_cat":[22],"product_tag":[382,50],"class_list":{"0":"post-5846","1":"product","2":"type-product","3":"status-publish","4":"has-post-thumbnail","6":"product_cat-jnats","7":"product_tag-nishhoyama","8":"product_tag-suita","9":"product_shipping_class-iprastas","11":"first","12":"instock","13":"shipping-taxable","14":"purchasable","15":"product-type-simple"},"_links":{"self":[{"href":"https:\/\/jnats.eu\/pt\/wp-json\/wp\/v2\/product\/5846","targetHints":{"allow":["GET"]}}],"collection":[{"href":"https:\/\/jnats.eu\/pt\/wp-json\/wp\/v2\/product"}],"about":[{"href":"https:\/\/jnats.eu\/pt\/wp-json\/wp\/v2\/types\/product"}],"replies":[{"embeddable":true,"href":"https:\/\/jnats.eu\/pt\/wp-json\/wp\/v2\/comments?post=5846"}],"wp:featuredmedia":[{"embeddable":true,"href":"https:\/\/jnats.eu\/pt\/wp-json\/wp\/v2\/media\/5851"}],"wp:attachment":[{"href":"https:\/\/jnats.eu\/pt\/wp-json\/wp\/v2\/media?parent=5846"}],"wp:term":[{"taxonomy":"product_brand","embeddable":true,"href":"https:\/\/jnats.eu\/pt\/wp-json\/wp\/v2\/product_brand?post=5846"},{"taxonomy":"product_cat","embeddable":true,"href":"https:\/\/jnats.eu\/pt\/wp-json\/wp\/v2\/product_cat?post=5846"},{"taxonomy":"product_tag","embeddable":true,"href":"https:\/\/jnats.eu\/pt\/wp-json\/wp\/v2\/product_tag?post=5846"}],"curies":[{"name":"wp","href":"https:\/\/api.w.org\/{rel}","templated":true}]}}