{"id":5861,"date":"2025-03-19T09:11:00","date_gmt":"2025-03-19T07:11:00","guid":{"rendered":"https:\/\/jnats.eu\/?post_type=product&#038;p=5861"},"modified":"2026-03-19T11:17:54","modified_gmt":"2026-03-19T09:17:54","slug":"stiga-carbonado-90-78-g-penhold","status":"publish","type":"product","link":"https:\/\/jnats.eu\/pt\/produto-2\/stiga-carbonado-90-78-g-penhold\/","title":{"rendered":"Stiga Carbonado 90 (78 g, Penhold)"},"content":{"rendered":"<figure class=\"wp-block-embed is-type-video is-provider-youtube wp-block-embed-youtube wp-embed-aspect-9-16 wp-has-aspect-ratio\"><div class=\"wp-block-embed__wrapper\">\n<div class=\"video-container\"><iframe title=\"Stiga Carbonado 90 Penhold\" width=\"563\" height=\"1000\" src=\"https:\/\/www.youtube.com\/embed\/AmO66AXEUdE?feature=oembed\" frameborder=\"0\" allow=\"accelerometer; autoplay; clipboard-write; encrypted-media; gyroscope; picture-in-picture; web-share\" referrerpolicy=\"strict-origin-when-cross-origin\" allowfullscreen><\/iframe><\/div>\n<\/div><\/figure>\n\n\n\n<p>A Stiga Carbonado 90 \u00e9 uma base de t\u00e9nis de mesa de qualidade superior, concebida para m\u00e1xima velocidade e estabilidade. Utiliza um sistema \u00fanico de <strong>Tecnologia de carbono TeXtreme<\/strong> (fibra orientada a 90\u00b0), que proporciona uma sensa\u00e7\u00e3o de extrema rigidez, alta velocidade e uma trajet\u00f3ria de bola muito reta.<\/p>\n\n\n\n<p>Este modelo \u00e9 especialmente apreciado por aqueles que gostam de jogar de forma agressiva - ideal para topspin r\u00e1pido, remates de curta dist\u00e2ncia e jogo de m\u00e9dia dist\u00e2ncia.<\/p>\n\n\n\n<p><strong>Especifica\u00e7\u00e3o:<\/strong><\/p>\n\n\n\n<ul class=\"wp-block-list\">\n<li>Modelo:Stiga Carbonado 90<\/li>\n\n\n\n<li>Peso: 78 g (mais leve do que a m\u00e9dia - melhor manobrabilidade)<\/li>\n\n\n\n<li>Rankena: Penhold (Chin\u00eas - CPEN)<\/li>\n\n\n\n<li>Constru\u00e7\u00e3o: 5 camadas de madeira + 2 camadas de carbono (TeXtreme\u00ae Carbon)<\/li>\n\n\n\n<li>Velocidade: OFF+<\/li>\n\n\n\n<li>Controlo: m\u00e9dio (orientado para o ataque)<\/li>\n\n\n\n<li>Sensa\u00e7\u00e3o: trajet\u00f3ria \u00edngreme e muito rectil\u00ednea<\/li>\n<\/ul>\n\n\n\n<p><strong>Estado:<\/strong><\/p>\n\n\n\n<ul class=\"wp-block-list\">\n<li>N\u00e3o utilizado (novo)<\/li>\n\n\n\n<li>A caixa apresenta sinais de desgaste est\u00e9tico (manchada)<\/li>\n<\/ul>","protected":false},"excerpt":{"rendered":"<p>Modelo:Stiga Carbonado 90<\/p>\n<p>Peso: 78 g (mais leve do que a m\u00e9dia - melhor manobrabilidade)<\/p>\n<p>Rankena: Penhold (Chin\u00eas - CPEN)<\/p>\n<p>Constru\u00e7\u00e3o: 5 camadas de madeira + 2 camadas de carbono (TeXtreme\u00ae Carbon)<\/p>\n<p>Velocidade: OFF+<\/p>\n<p>Controlo: m\u00e9dio (orientado para o ataque)<\/p>\n<p>Sensa\u00e7\u00e3o: trajet\u00f3ria \u00edngreme e muito rectil\u00ednea<\/p>","protected":false},"featured_media":5865,"comment_status":"closed","ping_status":"closed","template":"","meta":[],"product_brand":[],"product_cat":[24],"product_tag":[383,384],"class_list":{"0":"post-5861","1":"product","2":"type-product","3":"status-publish","4":"has-post-thumbnail","6":"product_cat-knifes","7":"product_tag-stiga","8":"product_tag-tenisas","9":"product_shipping_class-iprastas","11":"first","12":"instock","13":"shipping-taxable","14":"purchasable","15":"product-type-simple"},"_links":{"self":[{"href":"https:\/\/jnats.eu\/pt\/wp-json\/wp\/v2\/product\/5861","targetHints":{"allow":["GET"]}}],"collection":[{"href":"https:\/\/jnats.eu\/pt\/wp-json\/wp\/v2\/product"}],"about":[{"href":"https:\/\/jnats.eu\/pt\/wp-json\/wp\/v2\/types\/product"}],"replies":[{"embeddable":true,"href":"https:\/\/jnats.eu\/pt\/wp-json\/wp\/v2\/comments?post=5861"}],"wp:featuredmedia":[{"embeddable":true,"href":"https:\/\/jnats.eu\/pt\/wp-json\/wp\/v2\/media\/5865"}],"wp:attachment":[{"href":"https:\/\/jnats.eu\/pt\/wp-json\/wp\/v2\/media?parent=5861"}],"wp:term":[{"taxonomy":"product_brand","embeddable":true,"href":"https:\/\/jnats.eu\/pt\/wp-json\/wp\/v2\/product_brand?post=5861"},{"taxonomy":"product_cat","embeddable":true,"href":"https:\/\/jnats.eu\/pt\/wp-json\/wp\/v2\/product_cat?post=5861"},{"taxonomy":"product_tag","embeddable":true,"href":"https:\/\/jnats.eu\/pt\/wp-json\/wp\/v2\/product_tag?post=5861"}],"curies":[{"name":"wp","href":"https:\/\/api.w.org\/{rel}","templated":true}]}}