{"id":5872,"date":"2026-03-20T09:48:10","date_gmt":"2026-03-20T07:48:10","guid":{"rendered":"https:\/\/jnats.eu\/?post_type=product&#038;p=5872"},"modified":"2026-03-23T08:20:53","modified_gmt":"2026-03-23T06:20:53","slug":"nakayama-nashiji-tomae-japoniskas-naturalus-galandimo-akmuo","status":"publish","type":"product","link":"https:\/\/jnats.eu\/pt\/produto-2\/nakayama-nashiji-tomae-japoniskas-naturalus-galandimo-akmuo\/","title":{"rendered":"Pedra de afiar natural japonesa Nakayama Nashiji Tomae"},"content":{"rendered":"<figure class=\"wp-block-embed is-type-video is-provider-youtube wp-block-embed-youtube wp-embed-aspect-16-9 wp-has-aspect-ratio\"><div class=\"wp-block-embed__wrapper\">\n<div class=\"video-container\"><iframe title=\"Afiar uma navalha Puma com Nakayama Nashiji Tomae | Pedra de amolar natural japonesa\" width=\"1170\" height=\"658\" src=\"https:\/\/www.youtube.com\/embed\/SxCkPyTNzhU?feature=oembed\" frameborder=\"0\" allow=\"accelerometer; autoplay; clipboard-write; encrypted-media; gyroscope; picture-in-picture; web-share\" referrerpolicy=\"strict-origin-when-cross-origin\" allowfullscreen><\/iframe><\/div>\n<\/div><\/figure>\n\n\n\n<p>Uma pedra de afiar natural japonesa de alta qualidade da famosa regi\u00e3o de Nakayama, uma das pedras naturais mais apreciadas do mundo. Esta pedra de tipo Nashiji caracteriza-se pelo seu trabalho suave e liso e pela sua capacidade de dar um acabamento de qualidade extremamente elevada.<\/p>\n\n\n\n<p>Ideal para o polimento final e a afina\u00e7\u00e3o de l\u00e2minas de barbear perigosas, facas e outras ferramentas afiadas. A pedra produz l\u00e2minas limpas e controladas com um excelente equil\u00edbrio entre nitidez e suavidade.<\/p>\n\n\n\n<p>Existe uma fenda no meio do plano, mas n\u00e3o tem qualquer significado pr\u00e1tico para a utiliza\u00e7\u00e3o. As pedras de acabamento desgastam-se muito lentamente, pelo que isto n\u00e3o ser\u00e1 um problema a longo prazo (mesmo para os \u201enetos\u201c).<\/p>\n\n\n\n<p><strong>Caracter\u00edsticas:<\/strong><\/p>\n\n\n\n<ul class=\"wp-block-list\">\n<li>Pedra de afiar natural japonesa (JNat)<\/li>\n\n\n\n<li>Nakayama - uma das regi\u00f5es mais bem classificadas<\/li>\n\n\n\n<li>Camada Nashiji Tomae - trabalho suave e est\u00e1vel<\/li>\n\n\n\n<li>Adequado para l\u00e2minas de barbear, facas e outras ferramentas<\/li>\n\n\n\n<li>Desgaste lento, durabilidade<\/li>\n\n\n\n<li>Acabamento fino e de alta qualidade<\/li>\n<\/ul>\n\n\n\n<p>Uma excelente escolha tanto para coleccionadores como para profissionais que procuram uma pedra genu\u00edna com acabamento japon\u00eas.<\/p>","protected":false},"excerpt":{"rendered":"<ul>\n<li>Adequado para o acabamento de l\u00e2minas de barbear, facas, tesouras, ferramentas de carpintaria e outras.<\/li>\n<li>Dimens\u00f5es: 206x78x34 mm<\/li>\n<li>Peso: 1280 g<\/li>\n<li>Dureza: Lv 4<\/li>\n<li>Superf\u00edcie lisa e pronta a utilizar<\/li>\n<li>Laterais lacadas<\/li>\n<li><strong>Existe uma fenda no meio do plano, mas n\u00e3o tem qualquer significado pr\u00e1tico para a utiliza\u00e7\u00e3o. As pedras de acabamento desgastam-se muito lentamente, pelo que isto n\u00e3o ser\u00e1 um problema, mesmo a longo prazo.<\/strong><\/li>\n<li>Recomendamos que trabalhe com \u00e1gua morna, uma vez que a \u00e1gua fria prejudica a velocidade e a resposta<\/li>\n<\/ul>","protected":false},"featured_media":5879,"comment_status":"closed","ping_status":"closed","template":"","meta":[],"product_brand":[],"product_cat":[22],"product_tag":[49,48],"class_list":{"0":"post-5872","1":"product","2":"type-product","3":"status-publish","4":"has-post-thumbnail","6":"product_cat-jnats","7":"product_tag-nakayama","8":"product_tag-nashiji","9":"product_shipping_class-iprastas","11":"first","12":"instock","13":"shipping-taxable","14":"purchasable","15":"product-type-simple"},"_links":{"self":[{"href":"https:\/\/jnats.eu\/pt\/wp-json\/wp\/v2\/product\/5872","targetHints":{"allow":["GET"]}}],"collection":[{"href":"https:\/\/jnats.eu\/pt\/wp-json\/wp\/v2\/product"}],"about":[{"href":"https:\/\/jnats.eu\/pt\/wp-json\/wp\/v2\/types\/product"}],"replies":[{"embeddable":true,"href":"https:\/\/jnats.eu\/pt\/wp-json\/wp\/v2\/comments?post=5872"}],"wp:featuredmedia":[{"embeddable":true,"href":"https:\/\/jnats.eu\/pt\/wp-json\/wp\/v2\/media\/5879"}],"wp:attachment":[{"href":"https:\/\/jnats.eu\/pt\/wp-json\/wp\/v2\/media?parent=5872"}],"wp:term":[{"taxonomy":"product_brand","embeddable":true,"href":"https:\/\/jnats.eu\/pt\/wp-json\/wp\/v2\/product_brand?post=5872"},{"taxonomy":"product_cat","embeddable":true,"href":"https:\/\/jnats.eu\/pt\/wp-json\/wp\/v2\/product_cat?post=5872"},{"taxonomy":"product_tag","embeddable":true,"href":"https:\/\/jnats.eu\/pt\/wp-json\/wp\/v2\/product_tag?post=5872"}],"curies":[{"name":"wp","href":"https:\/\/api.w.org\/{rel}","templated":true}]}}