{"id":590,"date":"2024-03-09T12:30:54","date_gmt":"2024-03-09T10:30:54","guid":{"rendered":"http:\/\/jnats.eu\/?post_type=product&#038;p=590"},"modified":"2024-04-17T10:40:41","modified_gmt":"2024-04-17T07:40:41","slug":"auksciausios-kokybes-nakayama-kiita-honyama-japoniskas-naturalus-akmuo-galandimui","status":"publish","type":"product","link":"https:\/\/jnats.eu\/pt\/produto-2\/auksciausios-kokybes-nakayama-kiita-honyama-japoniskas-naturalus-akmuo-galandimui\/","title":{"rendered":"Pedra natural japonesa Nakayama Kiita Honyama de qualidade superior para afiar"},"content":{"rendered":"<p>A Nakayama Kiita \u00e9 uma pedra de afiar altamente conceituada origin\u00e1ria do Jap\u00e3o, conhecida entre entusiastas e profissionais pela sua qualidade e desempenho excepcionais. Extra\u00edda das montanhas, conhecida pelo seu gr\u00e3o fino e excelentes propriedades de afia\u00e7\u00e3o, a pedra de amolar Nakayama Kiita \u00e9 apreciada pela sua capacidade de criar l\u00e2minas afiadas para facas, navalhas e outras ferramentas de corte.<\/p>\n\n\n\n<h2 class=\"wp-block-heading\">Principais caracter\u00edsticas e particularidades da pedra de amolar Nakayama Kiita:<\/h2>\n\n\n\n<p>A pedra Nakayama Kiita \u00e9 uma pedra natural proveniente da pedreira de Nakayama, no Jap\u00e3o, em meados do s\u00e9culo passado. Esta pedra natural \u00e9 valorizada pela sua composi\u00e7\u00e3o \u00fanica e afia\u00e7\u00e3o consistente.<\/p>\n\n\n\n<p>Gr\u00e3o fino: A pedra Kiita tem normalmente um gr\u00e3o fino, o que permite criar l\u00e2minas extremamente afiadas com um acabamento suave. A pedra de amolar Kiita da Nakayama \u00e9 conhecida pela sua capacidade de afiar ferramentas com um elevado grau de precis\u00e3o, tornando-a adequada para uso profissional e tarefas de afia\u00e7\u00e3o dif\u00edceis.<\/p>\n\n\n\n<p>Excelente resposta: os utilizadores elogiam frequentemente a pedra de amolar Kiita da Nakayama pela sua excelente resposta durante o processo de afia\u00e7\u00e3o. A pedra proporciona uma sensa\u00e7\u00e3o t\u00e1til que permite ao utilizador avaliar o processo de afia\u00e7\u00e3o e atingir o n\u00edvel de afia\u00e7\u00e3o desejado.<\/p>\n\n\n\n<p>Versatilidade: embora a pedra de amolar Kiita da Nakayama seja utilizada principalmente para afiar facas e l\u00e2minas de barbear, tamb\u00e9m pode ser utilizada para afiar uma vasta gama de outras ferramentas de corte, incluindo cinz\u00e9is para trabalhar madeira, tesouras e ferramentas de esculpir.<\/p>\n\n\n\n<p>Est\u00e9tica: para al\u00e9m das suas qualidades funcionais, a pedra de amolar Nakayama Kiita \u00e9 apreciada pelo seu aspeto est\u00e9tico. A pedra apresenta frequentemente padr\u00f5es, cores e texturas \u00fanicas que aumentam o seu aspeto visual e o seu encanto entre os coleccionadores e os entusiastas da afia\u00e7\u00e3o.<\/p>\n\n\n\n<p>Durabilidade: com cuidados e manuten\u00e7\u00e3o adequados, a pedra de amolar Kiita da Nakayama pode proporcionar um desempenho de afia\u00e7\u00e3o fi\u00e1vel durante anos. Para preservar a integridade da pedra e garantir resultados consistentes ao longo do tempo, recomenda-se que a pedra seja alisada regularmente.<\/p>\n\n\n\n<p>Em geral, a pedra de afiar Nakayama Kiita \u00e9 o pin\u00e1culo do artesanato japon\u00eas e \u00e9 apreciada pela sua capacidade de obter uma afia\u00e7\u00e3o excecional com precis\u00e3o e requinte. \u00c9 uma ferramenta valiosa para os entusiastas da afia\u00e7\u00e3o e para os profissionais que procuram uma qualidade e um desempenho de pedra de afiar sem compromissos.<\/p>\n\n\n\n<figure class=\"wp-block-embed is-type-video is-provider-youtube wp-block-embed-youtube wp-embed-aspect-16-9 wp-has-aspect-ratio\"><div class=\"wp-block-embed__wrapper\">\n<div class=\"video-container\"><iframe title=\"Nakayama Homdomae e Kiita Pedras de amolar naturais japonesas de qualidade superior\" width=\"1170\" height=\"658\" src=\"https:\/\/www.youtube.com\/embed\/lq1ALjueKgw?start=195&#038;feature=oembed\" frameborder=\"0\" allow=\"accelerometer; autoplay; clipboard-write; encrypted-media; gyroscope; picture-in-picture; web-share\" allowfullscreen><\/iframe><\/div>\n<\/div><\/figure>","protected":false},"excerpt":{"rendered":"<ul>\n<li>Adequado para o acabamento de l\u00e2minas de barbear, facas e ferramentas.<\/li>\n<li>Dimens\u00f5es: 151x88x24 mm<\/li>\n<li>Peso 785 g<\/li>\n<li>Dureza: Lv 4.5<\/li>\n<li>Com o cunho Honyama, que foi colocado sobre as pedras Nakayama e Shobudani<\/li>\n<\/ul>","protected":false},"featured_media":989,"comment_status":"open","ping_status":"closed","template":"","meta":[],"product_brand":[],"product_cat":[22],"product_tag":[141,49,140],"class_list":{"0":"post-590","1":"product","2":"type-product","3":"status-publish","4":"has-post-thumbnail","6":"product_cat-jnats","7":"product_tag-kiita","8":"product_tag-nakayama","9":"product_tag-nakayama-kiita","10":"product_shipping_class-iprastas","12":"first","13":"outofstock","14":"sale","15":"shipping-taxable","16":"purchasable","17":"product-type-simple"},"_links":{"self":[{"href":"https:\/\/jnats.eu\/pt\/wp-json\/wp\/v2\/product\/590","targetHints":{"allow":["GET"]}}],"collection":[{"href":"https:\/\/jnats.eu\/pt\/wp-json\/wp\/v2\/product"}],"about":[{"href":"https:\/\/jnats.eu\/pt\/wp-json\/wp\/v2\/types\/product"}],"replies":[{"embeddable":true,"href":"https:\/\/jnats.eu\/pt\/wp-json\/wp\/v2\/comments?post=590"}],"wp:featuredmedia":[{"embeddable":true,"href":"https:\/\/jnats.eu\/pt\/wp-json\/wp\/v2\/media\/989"}],"wp:attachment":[{"href":"https:\/\/jnats.eu\/pt\/wp-json\/wp\/v2\/media?parent=590"}],"wp:term":[{"taxonomy":"product_brand","embeddable":true,"href":"https:\/\/jnats.eu\/pt\/wp-json\/wp\/v2\/product_brand?post=590"},{"taxonomy":"product_cat","embeddable":true,"href":"https:\/\/jnats.eu\/pt\/wp-json\/wp\/v2\/product_cat?post=590"},{"taxonomy":"product_tag","embeddable":true,"href":"https:\/\/jnats.eu\/pt\/wp-json\/wp\/v2\/product_tag?post=590"}],"curies":[{"name":"wp","href":"https:\/\/api.w.org\/{rel}","templated":true}]}}