{"id":5931,"date":"2026-04-01T10:25:24","date_gmt":"2026-04-01T07:25:24","guid":{"rendered":"https:\/\/jnats.eu\/?post_type=product&#038;p=5931"},"modified":"2026-04-01T11:45:30","modified_gmt":"2026-04-01T08:45:30","slug":"tiesiosiu-britvu-komplektas-2-8-ir-4-8-naujos-renaissance-solingen-germany-spitzenqualitat-meister-funk","status":"publish","type":"product","link":"https:\/\/jnats.eu\/pt\/produto-2\/tiesiosiu-britvu-komplektas-2-8-ir-4-8-naujos-renaissance-solingen-germany-spitzenqualitat-meister-funk\/","title":{"rendered":"Conjunto de l\u00e2minas de barbear (2\/8 e 4\/8), novas, Renascen\u00e7a Solingen Alemanha, Spitzenqualitat Meister Funk"},"content":{"rendered":"<figure class=\"wp-block-embed is-type-video is-provider-youtube wp-block-embed-youtube wp-embed-aspect-9-16 wp-has-aspect-ratio\"><div class=\"wp-block-embed__wrapper\">\n<div class=\"video-container\"><iframe title=\"Straight Razors Renaissance, Solingen Alemanha, Spitzenqualitat Meister Funk\" width=\"563\" height=\"1000\" src=\"https:\/\/www.youtube.com\/embed\/i1XlX4nmuQA?feature=oembed\" frameborder=\"0\" allow=\"accelerometer; autoplay; clipboard-write; encrypted-media; gyroscope; picture-in-picture; web-share\" referrerpolicy=\"strict-origin-when-cross-origin\" allowfullscreen><\/iframe><\/div>\n<\/div><\/figure>\n\n\n\n<p>Conjunto de duas l\u00e2minas de barbear de tamanhos diferentes de Solingen (Alemanha). Ambas as m\u00e1quinas de barbear vintage n\u00e3o foram utilizadas, est\u00e3o em excelente estado, com l\u00e2minas decoradas e cabos cl\u00e1ssicos brilhantes.<\/p>\n\n\n\n<p>O conjunto inclui:<\/p>\n\n\n\n<p><strong>Modelo 804 (4\/8)<\/strong><br>Dimens\u00f5es da l\u00e2mina: 70 \u00d7 16 \u00d7 4 mm<br>Peso: 31 g<br>L\u00e2mina de barbear maior, mais vers\u00e1til, conveniente para o barbear b\u00e1sico<\/p>\n\n\n\n<p><strong>Modelo 802 (2\/8)<\/strong><br>Dimens\u00f5es da l\u00e2mina: 70 \u00d7 10 \u00d7 3 mm<br>Peso: 24 g<br>L\u00e2mina de barbear mais pequena, particularmente conveniente para trabalhos espec\u00edficos e \u00e1reas dif\u00edceis de alcan\u00e7ar (debaixo do nariz, \u00e0 volta das orelhas, contornos)<\/p>\n\n\n\n<p>Inscri\u00e7\u00f5es na l\u00e2mina: Renascen\u00e7a, Solingen Alemanha, Spitzenqualitat, Meister Funk<br>Pegas: Solingen INOX e log\u00f3tipo Solingen<\/p>\n\n\n\n<p>As m\u00e1quinas de barbear n\u00e3o foram utilizadas, sem sinais de utiliza\u00e7\u00e3o. Adequadas para fazer a barba, colecionar ou oferecer. Podem necessitar de uma afia\u00e7\u00e3o ligeira ou de uma atualiza\u00e7\u00e3o antes da utiliza\u00e7\u00e3o.<\/p>\n\n\n\n<p>N\u00e3o se trata de britvas antigas (in\u00edcio ou meados do s\u00e9culo XX) em termos de carater\u00edsticas vis\u00edveis, mas sim de <strong>Produ\u00e7\u00e3o tardia, cerca de 1980-2000<\/strong>, Talvez at\u00e9 um pouco mais recente.<\/p>\n\n\n\n<p>Porque sim:<\/p>\n\n\n\n<ul class=\"wp-block-list\">\n<li>Impresso em <strong>\u201cSolingen INOX\u201d<\/strong> indica o a\u00e7o inoxid\u00e1vel, que s\u00f3 come\u00e7ou a ser utilizado de forma mais generalizada a partir de ~1960-1970, e \u00e9 comummente encontrado em produtos mais recentes<\/li>\n\n\n\n<li><strong>\u201cRenascen\u00e7a\u201d<\/strong> - nome Dovo tipicamente comercial, orientado para a exporta\u00e7\u00e3o, frequentemente utilizado em produ\u00e7\u00f5es posteriores<\/li>\n\n\n\n<li>As gravuras e o design geral parecem mais modernos (produ\u00e7\u00e3o industrial em vez de artesanal, produ\u00e7\u00e3o em massa)<\/li>\n\n\n\n<li>A numera\u00e7\u00e3o dos modelos (802, 804, 208) \u00e9 t\u00edpica dos produtos de cat\u00e1logos posteriores<\/li>\n\n\n\n<li>Cabos de pl\u00e1stico (marfim) em vez de osso verdadeiro ou chifre - outro sinal de produ\u00e7\u00e3o mais moderna<\/li>\n<\/ul>\n\n\n\n<p>Importante: continuam a ser considerados <strong>vintage por entusiastas do barbear<\/strong>, mas n\u00e3o \u201eantigo\u201c.<\/p>","protected":false},"excerpt":{"rendered":"<p><strong>O conjunto inclui: <\/strong><\/p>\n<ul>\n<li><strong>Modelo 804 (4\/8)<\/strong><\/li>\n<li>Dimens\u00f5es da l\u00e2mina: 70 \u00d7 16 \u00d7 4 mm<\/li>\n<li>Peso: 31 g<\/li>\n<li>L\u00e2mina de barbear maior, mais vers\u00e1til, conveniente para o barbear b\u00e1sico<\/li>\n<\/ul>\n<p>&nbsp;<\/p>\n<ul>\n<li><strong>Modelo 802 (2\/8)<\/strong><\/li>\n<li>Dimens\u00f5es da l\u00e2mina: 70 \u00d7 10 \u00d7 3 mm<\/li>\n<li>Peso: 24 g<\/li>\n<li>L\u00e2mina de barbear mais pequena, particularmente conveniente para trabalhos espec\u00edficos e \u00e1reas dif\u00edceis de alcan\u00e7ar (debaixo do nariz, \u00e0 volta das orelhas, contornos)<\/li>\n<\/ul>","protected":false},"featured_media":5940,"comment_status":"closed","ping_status":"closed","template":"","meta":[],"product_brand":[],"product_cat":[23],"product_tag":[385,84],"class_list":{"0":"post-5931","1":"product","2":"type-product","3":"status-publish","4":"has-post-thumbnail","6":"product_cat-razors","7":"product_tag-renaissance","8":"product_tag-solingen","9":"product_shipping_class-light","11":"first","12":"instock","13":"shipping-taxable","14":"purchasable","15":"product-type-simple"},"_links":{"self":[{"href":"https:\/\/jnats.eu\/pt\/wp-json\/wp\/v2\/product\/5931","targetHints":{"allow":["GET"]}}],"collection":[{"href":"https:\/\/jnats.eu\/pt\/wp-json\/wp\/v2\/product"}],"about":[{"href":"https:\/\/jnats.eu\/pt\/wp-json\/wp\/v2\/types\/product"}],"replies":[{"embeddable":true,"href":"https:\/\/jnats.eu\/pt\/wp-json\/wp\/v2\/comments?post=5931"}],"wp:featuredmedia":[{"embeddable":true,"href":"https:\/\/jnats.eu\/pt\/wp-json\/wp\/v2\/media\/5940"}],"wp:attachment":[{"href":"https:\/\/jnats.eu\/pt\/wp-json\/wp\/v2\/media?parent=5931"}],"wp:term":[{"taxonomy":"product_brand","embeddable":true,"href":"https:\/\/jnats.eu\/pt\/wp-json\/wp\/v2\/product_brand?post=5931"},{"taxonomy":"product_cat","embeddable":true,"href":"https:\/\/jnats.eu\/pt\/wp-json\/wp\/v2\/product_cat?post=5931"},{"taxonomy":"product_tag","embeddable":true,"href":"https:\/\/jnats.eu\/pt\/wp-json\/wp\/v2\/product_tag?post=5931"}],"curies":[{"name":"wp","href":"https:\/\/api.w.org\/{rel}","templated":true}]}}