{"id":5987,"date":"2026-04-29T11:32:58","date_gmt":"2026-04-29T08:32:58","guid":{"rendered":"https:\/\/jnats.eu\/?post_type=product&#038;p=5987"},"modified":"2026-04-29T11:32:59","modified_gmt":"2026-04-29T08:32:59","slug":"japoniskas-virtuvinis-peilis-santoku-aogami","status":"publish","type":"product","link":"https:\/\/jnats.eu\/pt\/produto-2\/japoniskas-virtuvinis-peilis-santoku-aogami\/","title":{"rendered":"Faca de cozinha japonesa Santoku (Aogami)"},"content":{"rendered":"<figure class=\"wp-block-embed is-type-video is-provider-youtube wp-block-embed-youtube wp-embed-aspect-16-9 wp-has-aspect-ratio\"><div class=\"wp-block-embed__wrapper\">\n<div class=\"video-container\"><iframe title=\"Criadores com 1000 anos de experi\u00eancia contra... uma pedra de amolar feita por Deus \ud83d\udc80\" width=\"1170\" height=\"658\" src=\"https:\/\/www.youtube.com\/embed\/fpQGJe5qSjo?start=946&#038;feature=oembed\" frameborder=\"0\" allow=\"accelerometer; autoplay; clipboard-write; encrypted-media; gyroscope; picture-in-picture; web-share\" referrerpolicy=\"strict-origin-when-cross-origin\" allowfullscreen><\/iframe><\/div>\n<\/div><\/figure>\n\n\n\n<p>Faca de cozinha japonesa aut\u00eantica com caixa original e bainha de prote\u00e7\u00e3o em pl\u00e1stico. Ferramenta leve, fina e precisa para o trabalho quotidiano na cozinha. Gra\u00e7as \u00e0 sua geometria fina (apenas 1,5 mm na lombada), tem muito boas propriedades de corte e um corte limpo.<\/p>\n\n\n\n<ul class=\"wp-block-list\">\n<li><strong>Especifica\u00e7\u00f5es<\/strong><\/li>\n\n\n\n<li>L\u00e2mina: 165 \u00d7 43 \u00d7 1,5 mm<\/li>\n\n\n\n<li>Pega: 120 \u00d7 23 \u00d7 15 mm<\/li>\n\n\n\n<li>Peso: 115 g<\/li>\n\n\n\n<li>Constru\u00e7\u00e3o: sanmai \/ warikomi (laminado de tr\u00eas camadas)<\/li>\n\n\n\n<li>A\u00e7o: Aogami (A\u00e7o de papel azul, Yasuki)<\/li>\n<\/ul>\n\n\n\n<p><strong>Tradu\u00e7\u00e3o da caixa<\/strong><br>\u7279\u88fd (Tokusei) - produ\u00e7\u00e3o especial, alta qualidade<br>\u6599\u7406\u5305\u4e01 (Ry\u014dri b\u014dch\u014d) - faca de cozinha<br>Significado geral: faca de cozinha de alta qualidade<\/p>\n\n\n\n<p><strong>Tradu\u00e7\u00e3o a partir do tabuleiro de pl\u00e1stico<\/strong><br>\u5b89\u6765\u92fc\u9752\u7d19\u5272\u8fbc (Yasuki-hagane Aogami warikomi) - A\u00e7o Yasuki, Aogami (a\u00e7o de papel azul), constru\u00e7\u00e3o laminada (fundida)<br>\u935b\u9020\u5305\u4e01 (Tanz\u014d b\u014dch\u014d) - faca de cozinha forjada<\/p>\n\n\n\n<p><strong>Explica\u00e7\u00e3o<\/strong><br>O a\u00e7o Yasuki \u00e9 um a\u00e7o japon\u00eas de alta qualidade produzido pela Hitachi. O Aogami (a\u00e7o de papel azul) tem uma excelente reten\u00e7\u00e3o de afia\u00e7\u00e3o e permite um corte muito agressivo e preciso. A constru\u00e7\u00e3o warikomi (sanmai) significa que o n\u00facleo duro do Aogami \u00e9 ensanduichado entre camadas mais macias de a\u00e7o, mantendo a faca forte e menos quebradi\u00e7a.<\/p>\n\n\n\n<p><strong>Estado<\/strong><br>Usadas, afiadas com pedras naturais. L\u00e2minas prontas a utilizar.<\/p>","protected":false},"excerpt":{"rendered":"<p>Faca Santoku japonesa fina e leve com n\u00facleo de Aogami verdadeiro e constru\u00e7\u00e3o laminada tradicional (sanmai). Uma excelente escolha para o uso di\u00e1rio e para quem procura uma sensa\u00e7\u00e3o de corte com car\u00e1cter japon\u00eas.<\/p>","protected":false},"featured_media":5994,"comment_status":"closed","ping_status":"closed","template":"","meta":[],"product_brand":[],"product_cat":[24],"product_tag":[333,76],"class_list":{"0":"post-5987","1":"product","2":"type-product","3":"status-publish","4":"has-post-thumbnail","6":"product_cat-knifes","7":"product_tag-aogami","8":"product_tag-peilis","9":"product_shipping_class-light","11":"first","12":"instock","13":"shipping-taxable","14":"purchasable","15":"product-type-simple"},"_links":{"self":[{"href":"https:\/\/jnats.eu\/pt\/wp-json\/wp\/v2\/product\/5987","targetHints":{"allow":["GET"]}}],"collection":[{"href":"https:\/\/jnats.eu\/pt\/wp-json\/wp\/v2\/product"}],"about":[{"href":"https:\/\/jnats.eu\/pt\/wp-json\/wp\/v2\/types\/product"}],"replies":[{"embeddable":true,"href":"https:\/\/jnats.eu\/pt\/wp-json\/wp\/v2\/comments?post=5987"}],"wp:featuredmedia":[{"embeddable":true,"href":"https:\/\/jnats.eu\/pt\/wp-json\/wp\/v2\/media\/5994"}],"wp:attachment":[{"href":"https:\/\/jnats.eu\/pt\/wp-json\/wp\/v2\/media?parent=5987"}],"wp:term":[{"taxonomy":"product_brand","embeddable":true,"href":"https:\/\/jnats.eu\/pt\/wp-json\/wp\/v2\/product_brand?post=5987"},{"taxonomy":"product_cat","embeddable":true,"href":"https:\/\/jnats.eu\/pt\/wp-json\/wp\/v2\/product_cat?post=5987"},{"taxonomy":"product_tag","embeddable":true,"href":"https:\/\/jnats.eu\/pt\/wp-json\/wp\/v2\/product_tag?post=5987"}],"curies":[{"name":"wp","href":"https:\/\/api.w.org\/{rel}","templated":true}]}}