{"id":5995,"date":"2026-04-29T11:43:58","date_gmt":"2026-04-29T08:43:58","guid":{"rendered":"https:\/\/jnats.eu\/?post_type=product&#038;p=5995"},"modified":"2026-04-29T11:45:05","modified_gmt":"2026-04-29T08:45:05","slug":"suita-japoniskas-naturalus-galandinimo-akmuo-finishing-whestone","status":"publish","type":"product","link":"https:\/\/jnats.eu\/pt\/produto-2\/suita-japoniskas-naturalus-galandinimo-akmuo-finishing-whestone\/","title":{"rendered":"Pedra de amolar japonesa de acabamento natural Suita com suporte de madeira"},"content":{"rendered":"<figure class=\"wp-block-embed is-type-video is-provider-youtube wp-block-embed-youtube wp-embed-aspect-16-9 wp-has-aspect-ratio\"><div class=\"wp-block-embed__wrapper\">\n<div class=\"video-container\"><iframe title=\"A tua faca fica cega depois de 2 golpes?! Aqui est\u00e1 a verdadeira raz\u00e3o\" width=\"1170\" height=\"658\" src=\"https:\/\/www.youtube.com\/embed\/L6PCKJuG2o4?start=872&#038;feature=oembed\" frameborder=\"0\" allow=\"accelerometer; autoplay; clipboard-write; encrypted-media; gyroscope; picture-in-picture; web-share\" referrerpolicy=\"strict-origin-when-cross-origin\" allowfullscreen><\/iframe><\/div>\n<\/div><\/figure>\n\n\n\n<p>Qualidade <strong>Suite<\/strong> tipo Japanese Natural Whetstone (JNATS) da regi\u00e3o de Quioto (camadas do tipo Kyoto Suita \/ Shohonyama).<\/p>\n\n\n\n<p><strong>Dados t\u00e9cnicos:<\/strong><\/p>\n\n\n\n<ul class=\"wp-block-list\">\n<li><strong>Dureza:<\/strong> Lv 4.7 (dureza m\u00e9dia - adequado para remo\u00e7\u00e3o r\u00e1pida de metal e excelente acabamento)<\/li>\n\n\n\n<li><strong>Dimens\u00f5es:<\/strong> 165 \u00d7 70 \u00d7 53 mm<\/li>\n\n\n\n<li><strong>Peso com suporte:<\/strong> 1640 g<\/li>\n\n\n\n<li><strong>Superf\u00edcie:<\/strong> Bonito padr\u00e3o de m\u00e1rmore com linhas naturais brancas e cinzentas<\/li>\n\n\n\n<li><strong>Lados:<\/strong> Lacado com laca castanha escura - para apar\u00eancia est\u00e9tica e prote\u00e7\u00e3o<\/li>\n\n\n\n<li><strong>Estado:<\/strong> Os bordos apresentam pequenas fissuras naturais (t\u00edpicas da pedra natural, n\u00e3o afectam o desempenho)<\/li>\n<\/ul>\n\n\n\n<p><strong>Utiliza\u00e7\u00e3o:<\/strong> Perfeito para <strong>para facas<\/strong> (cozinha, ca\u00e7a, tosquia, etc.) e outros utens\u00edlios de afiar e acabar. A pedra gera uma boa suspens\u00e3o, as linhas s\u00e3o seguras para as l\u00e2minas das facas (n\u00e3o t\u00f3xicas). Adequada para uma afia\u00e7\u00e3o m\u00e9dia, bem como para obter um fio muito fino e polido.<\/p>\n\n\n\n<p>A pedra \u00e9 colada a um suporte de madeira escura est\u00e1vel e bem envernizado, o que n\u00e3o s\u00f3 contribui para a est\u00e9tica, mas tamb\u00e9m garante um funcionamento confort\u00e1vel e est\u00e1vel.<\/p>\n\n\n\n<p><strong>Origem:<\/strong> Pedra Suita natural japonesa da Prefeitura de Quioto (provavelmente Shohonyama ou uma camada Suita semelhante).<\/p>\n\n\n\n<p>As pedras naturais japonesas s\u00e3o valorizadas pela sua estrutura \u00fanica e pela sua capacidade de dar \u00e0s facas uma afia\u00e7\u00e3o excecional e duradoura que os afiadores sint\u00e9ticos n\u00e3o conseguem.<\/p>","protected":false},"excerpt":{"rendered":"<ul>\n<li><strong>Dureza:<\/strong> Lv 4.7 (dureza m\u00e9dia - adequado para remo\u00e7\u00e3o r\u00e1pida de metal e excelente acabamento)<\/li>\n<li><strong>Dimens\u00f5es:<\/strong> 165 \u00d7 70 \u00d7 53 mm<\/li>\n<li><strong>Peso com suporte:<\/strong> 1640 g<\/li>\n<li><strong>Superf\u00edcie:<\/strong> Bonito padr\u00e3o de m\u00e1rmore com linhas naturais brancas e cinzentas<\/li>\n<li><strong>Lados:<\/strong> Lacado com laca castanha escura - para apar\u00eancia est\u00e9tica e prote\u00e7\u00e3o<\/li>\n<li><strong>Estado:<\/strong> Os bordos apresentam pequenas fissuras naturais (t\u00edpicas da pedra natural, n\u00e3o afectam o desempenho)<\/li>\n<\/ul>","protected":false},"featured_media":5999,"comment_status":"closed","ping_status":"closed","template":"","meta":[],"product_brand":[],"product_cat":[22],"product_tag":[386,387,362,365,388,50],"class_list":{"0":"post-5995","1":"product","2":"type-product","3":"status-publish","4":"has-post-thumbnail","6":"product_cat-jnats","7":"product_tag-finishing-stone","8":"product_tag-japoniskas-galastuvas","9":"product_tag-jnats","10":"product_tag-naturalus-akmuo","11":"product_tag-peiliu-galandimas","12":"product_tag-suita","13":"product_shipping_class-iprastas","15":"first","16":"instock","17":"shipping-taxable","18":"purchasable","19":"product-type-simple"},"_links":{"self":[{"href":"https:\/\/jnats.eu\/pt\/wp-json\/wp\/v2\/product\/5995","targetHints":{"allow":["GET"]}}],"collection":[{"href":"https:\/\/jnats.eu\/pt\/wp-json\/wp\/v2\/product"}],"about":[{"href":"https:\/\/jnats.eu\/pt\/wp-json\/wp\/v2\/types\/product"}],"replies":[{"embeddable":true,"href":"https:\/\/jnats.eu\/pt\/wp-json\/wp\/v2\/comments?post=5995"}],"wp:featuredmedia":[{"embeddable":true,"href":"https:\/\/jnats.eu\/pt\/wp-json\/wp\/v2\/media\/5999"}],"wp:attachment":[{"href":"https:\/\/jnats.eu\/pt\/wp-json\/wp\/v2\/media?parent=5995"}],"wp:term":[{"taxonomy":"product_brand","embeddable":true,"href":"https:\/\/jnats.eu\/pt\/wp-json\/wp\/v2\/product_brand?post=5995"},{"taxonomy":"product_cat","embeddable":true,"href":"https:\/\/jnats.eu\/pt\/wp-json\/wp\/v2\/product_cat?post=5995"},{"taxonomy":"product_tag","embeddable":true,"href":"https:\/\/jnats.eu\/pt\/wp-json\/wp\/v2\/product_tag?post=5995"}],"curies":[{"name":"wp","href":"https:\/\/api.w.org\/{rel}","templated":true}]}}