{"id":6014,"date":"2026-05-05T11:34:39","date_gmt":"2026-05-05T08:34:39","guid":{"rendered":"https:\/\/jnats.eu\/?post_type=product&#038;p=6014"},"modified":"2026-05-05T12:27:02","modified_gmt":"2026-05-05T09:27:02","slug":"japoniskas-naturalus-honyama-galandinimo-akmuo-kiotas-finisui-lv-4-5","status":"publish","type":"product","link":"https:\/\/jnats.eu\/pt\/produto-2\/japoniskas-naturalus-honyama-galandinimo-akmuo-kiotas-finisui-lv-4-5\/","title":{"rendered":"Pedra de afiar japonesa natural Honyama (Kyoto) para acabamento, N\u00edvel 4.5"},"content":{"rendered":"<figure class=\"wp-block-embed is-type-video is-provider-youtube wp-block-embed-youtube wp-embed-aspect-16-9 wp-has-aspect-ratio\"><div class=\"wp-block-embed__wrapper\">\n<div class=\"video-container\"><iframe title=\"Kiita Lv 3.7 \u2192 Shobudani Ozaki Namito Lv 4.5 \u2192 Acabamento Honyama aut\u00eantico\" width=\"1170\" height=\"658\" src=\"https:\/\/www.youtube.com\/embed\/CYzgQi-fqqo?start=711&#038;feature=oembed\" frameborder=\"0\" allow=\"accelerometer; autoplay; clipboard-write; encrypted-media; gyroscope; picture-in-picture; web-share\" referrerpolicy=\"strict-origin-when-cross-origin\" allowfullscreen><\/iframe><\/div>\n<\/div><\/figure>\n\n\n\n<p>Pedra de afiar Honyama japonesa natural da regi\u00e3o de Quioto para o acabamento final da l\u00e2mina. \u00c9 uma escolha cl\u00e1ssica para aqueles que procuram um fio de corte muito limpo, controlado e suave. Particularmente adequada para l\u00e2minas de barbear, mas tamb\u00e9m funciona bem com facas de alta qualidade.<\/p>\n\n\n\n<p>Uma dureza de cerca de 4,5 proporciona um bom equil\u00edbrio entre a gera\u00e7\u00e3o de suspens\u00e3o e o controlo. A pedra \u00e9 suficientemente viva para trabalhar com a superf\u00edcie e criar um efeito de polimento, mas ao mesmo tempo permite um elevado n\u00edvel de acabamento sem ser demasiado agressivo.<\/p>\n\n\n\n<p>Quando utilizado com \u00e1gua, pode ser obtido um resultado mais limpo e suave, enquanto que com suspens\u00e3o, \u00e9 poss\u00edvel um pouco mais de \u201emordida\u201c na fase inicial. \u00c9 uma pedra de acabamento vers\u00e1til, adequada tanto para utilizadores experientes como para aqueles que procuram uma entrada de qualidade no mundo das pedras naturais japonesas.<\/p>\n\n\n\n<p><strong>Dados t\u00e9cnicos<\/strong><\/p>\n\n\n\n<ul class=\"wp-block-list\">\n<li>Pedra maior (incluindo a caixa): aprox. 137 x 76 x 27 mm, peso aprox. 640 g<\/li>\n\n\n\n<li>Pedra mais pequena: aprox. 115 x 90 x 13 mm, peso aprox. 390 g<\/li>\n<\/ul>\n\n\n\n<p><strong>Informa\u00e7\u00f5es adicionais<\/strong><\/p>\n\n\n\n<p>A pedra \u00e9 natural, pelo que cada pe\u00e7a \u00e9 \u00fanica. S\u00e3o poss\u00edveis varia\u00e7\u00f5es na cor, na textura e no toque do trabalho. Os vest\u00edgios vis\u00edveis de utiliza\u00e7\u00e3o ou armazenamento s\u00e3o normais e n\u00e3o afectam negativamente as propriedades de afia\u00e7\u00e3o.<\/p>\n\n\n\n<p><strong>Tradu\u00e7\u00e3o da caixa (etiqueta)<\/strong><\/p>\n\n\n\n<p>\u9ec4\u8700\u6b63\u672c\u5c71\u7825\u77f3<br>Significado: \u201eAut\u00eantica pedra de afiar natural Honyama (montanha genu\u00edna)\u201c.\u201c<\/p>\n\n\n\n<p>Notas adicionais:<br>\u5929\u7136\u7825\u77f3 - pedra de afiar natural<br>\u4eac\u90fd - Kyoto (regi\u00e3o tradicional de pedra de alta qualidade no Jap\u00e3o)<\/p>\n\n\n\n<p>O carimbo na pedra \u00e9 uma inscri\u00e7\u00e3o em kanji japon\u00eas numa moldura. Diz o seguinte:<\/p>\n\n\n\n<p><strong>\u6b63\u672c\u5c71 (Seihonzan \/ Sh\u014dhonzan)<\/strong><\/p>\n\n\n\n<p>Significado:<br>\u201eA verdadeira (aut\u00eantica) colina principal\u201c, ou mais simplesmente<br><strong>\u201ePedra Honyama aut\u00eantica\u201c<\/strong><\/p>\n\n\n\n<p>No contexto das pedras de afiar, este n\u00e3o \u00e9 o nome de uma pedreira espec\u00edfica, mas sim <strong>marca de qualidade e de origem<\/strong>, indicando que a pedra \u00e9 classificada como uma pedra de acabamento natural tradicional de Quioto (categoria Honyama).<\/p>","protected":false},"excerpt":{"rendered":"<p>Pedra de afiar Honyama japonesa natural da regi\u00e3o de Quioto para o acabamento final da l\u00e2mina. \u00c9 uma escolha cl\u00e1ssica para aqueles que procuram um fio de corte muito limpo, controlado e suave. Particularmente adequada para l\u00e2minas de barbear, mas tamb\u00e9m funciona bem com facas de alta qualidade.<\/p>\n<ul>\n<li>Pedra maior (incluindo a caixa): aprox. 137 x 76 x 27 mm, peso aprox. 640 g<\/li>\n<li>Pedra mais pequena: aprox. 115 x 90 x 13 mm, peso aprox. 390 g<\/li>\n<\/ul>","protected":false},"featured_media":6019,"comment_status":"closed","ping_status":"closed","template":"","meta":[],"product_brand":[],"product_cat":[22],"product_tag":[270],"class_list":{"0":"post-6014","1":"product","2":"type-product","3":"status-publish","4":"has-post-thumbnail","6":"product_cat-jnats","7":"product_tag-honyama","8":"product_shipping_class-light","10":"first","11":"instock","12":"shipping-taxable","13":"purchasable","14":"product-type-variable"},"_links":{"self":[{"href":"https:\/\/jnats.eu\/pt\/wp-json\/wp\/v2\/product\/6014","targetHints":{"allow":["GET"]}}],"collection":[{"href":"https:\/\/jnats.eu\/pt\/wp-json\/wp\/v2\/product"}],"about":[{"href":"https:\/\/jnats.eu\/pt\/wp-json\/wp\/v2\/types\/product"}],"replies":[{"embeddable":true,"href":"https:\/\/jnats.eu\/pt\/wp-json\/wp\/v2\/comments?post=6014"}],"wp:featuredmedia":[{"embeddable":true,"href":"https:\/\/jnats.eu\/pt\/wp-json\/wp\/v2\/media\/6019"}],"wp:attachment":[{"href":"https:\/\/jnats.eu\/pt\/wp-json\/wp\/v2\/media?parent=6014"}],"wp:term":[{"taxonomy":"product_brand","embeddable":true,"href":"https:\/\/jnats.eu\/pt\/wp-json\/wp\/v2\/product_brand?post=6014"},{"taxonomy":"product_cat","embeddable":true,"href":"https:\/\/jnats.eu\/pt\/wp-json\/wp\/v2\/product_cat?post=6014"},{"taxonomy":"product_tag","embeddable":true,"href":"https:\/\/jnats.eu\/pt\/wp-json\/wp\/v2\/product_tag?post=6014"}],"curies":[{"name":"wp","href":"https:\/\/api.w.org\/{rel}","templated":true}]}}