{"id":602,"date":"2024-03-09T12:47:10","date_gmt":"2024-03-09T10:47:10","guid":{"rendered":"http:\/\/jnats.eu\/?post_type=product&#038;p=602"},"modified":"2024-05-10T10:25:32","modified_gmt":"2024-05-10T07:25:32","slug":"shobudani-asagi-honyama-japoniskas-naturalus-akmuo-galandimui","status":"publish","type":"product","link":"https:\/\/jnats.eu\/pt\/produto-2\/shobudani-asagi-honyama-japoniskas-naturalus-akmuo-galandimui\/","title":{"rendered":"Shobudani Asagi Honyama Pedra natural japonesa para afiar"},"content":{"rendered":"<p>A pedra de amolar Shobudani Asagi \u00e9 uma pedra de afiar de alta qualidade origin\u00e1ria do Jap\u00e3o, conhecida pelo seu desempenho excecional e venerada pelos entusiastas e profissionais da afia\u00e7\u00e3o em todo o mundo. Fabricada a partir de pedra Asagi natural proveniente da pedreira Shobudani no Jap\u00e3o, esta pedra de amolar \u00e9 muito apreciada pelas suas caracter\u00edsticas \u00fanicas e capacidades de afia\u00e7\u00e3o excepcionais.<\/p>\n\n\n\n<p>As principais caracter\u00edsticas da pedra de amolar Shobudani Asagi incluem<\/p>\n\n\n\n<ol class=\"wp-block-list\">\n<li><strong>Pedra Asagi natural<\/strong>A pedra Shobudani Asagi \u00e9 um tipo de pedra de afiar japonesa conhecida pelo seu gr\u00e3o fino e propriedades de afia\u00e7\u00e3o superiores. \u00c9 extra\u00edda da prestigiada pedreira Shobudani, que \u00e9 reconhecida por produzir algumas das pedras de afiar de maior qualidade dispon\u00edveis.<\/li>\n\n\n\n<li><strong>Afia\u00e7\u00e3o de precis\u00e3o e de gr\u00e3o fino<\/strong>A pedra Asagi possui tipicamente uma gama de gr\u00e3o fino, permitindo a cria\u00e7\u00e3o de arestas excecionalmente afiadas com acabamentos suaves. O seu gr\u00e3o fino permite uma afia\u00e7\u00e3o precisa, tornando-a adequada para obter arestas afiadas em facas, l\u00e2minas de barbear e outras ferramentas de corte.<\/li>\n\n\n\n<li><strong>Excelente feedback e controlo<\/strong>Os utilizadores elogiam frequentemente a pedra de amolar Shobudani Asagi pelo seu excelente feedback durante o processo de afia\u00e7\u00e3o. A pedra fornece um feedback preciso, permitindo aos utilizadores monitorizar o seu progresso e manter o controlo sobre o processo de afia\u00e7\u00e3o, resultando em n\u00edveis de afia\u00e7\u00e3o consistentes e desejados.<\/li>\n\n\n\n<li><strong>Versatilidade<\/strong>Shobudani Asagi: Embora utilizada principalmente para afiar facas e l\u00e2minas de barbear, a pedra de amolar Shobudani Asagi tamb\u00e9m pode ser utilizada para afiar v\u00e1rias outras ferramentas de corte, tais como cinz\u00e9is para trabalhar madeira, tesouras e ferramentas de escultura, devido \u00e0 sua natureza vers\u00e1til.<\/li>\n\n\n\n<li><strong>Apelo est\u00e9tico<\/strong>Para al\u00e9m dos seus atributos funcionais, a pedra Shobudani Asagi \u00e9 estimada pelo seu apelo est\u00e9tico. Apresenta frequentemente padr\u00f5es, cores e texturas \u00fanicas inerentes \u00e0s pedras naturais, o que aumenta o seu encanto visual e a torna um artigo procurado por coleccionadores e entusiastas da afia\u00e7\u00e3o.<\/li>\n\n\n\n<li><strong>Longevidade e durabilidade<\/strong>A pedra de amolar Shobudani Asagi pode proporcionar um desempenho de afia\u00e7\u00e3o fi\u00e1vel durante anos, se for devidamente cuidada e mantida. Recomenda-se o aplanamento e a limpeza regulares para preservar a integridade da pedra e garantir resultados de afia\u00e7\u00e3o consistentes ao longo do tempo.<\/li>\n<\/ol>\n\n\n\n<p>Em resumo, a pedra de amolar Shobudani Asagi encarna o ep\u00edtome do artesanato japon\u00eas em pedras de afiar. As suas capacidades de afia\u00e7\u00e3o excepcionais, combinadas com o seu gr\u00e3o fino, feedback preciso e apelo est\u00e9tico, fazem dela uma ferramenta apreciada pelos entusiastas da afia\u00e7\u00e3o e profissionais que d\u00e3o prioridade \u00e0 qualidade e ao desempenho do seu equipamento de afia\u00e7\u00e3o.<\/p>\n\n\n\n<figure class=\"wp-block-embed is-type-video is-provider-youtube wp-block-embed-youtube wp-embed-aspect-16-9 wp-has-aspect-ratio\"><div class=\"wp-block-embed__wrapper\">\n<div class=\"video-container\"><iframe title=\"Shobudani, Okudo, Aiwatani Awasedo Pedras de amolar naturais japonesas\" width=\"1170\" height=\"658\" src=\"https:\/\/www.youtube.com\/embed\/aeyCYq_7Ibk?start=380&#038;feature=oembed\" frameborder=\"0\" allow=\"accelerometer; autoplay; clipboard-write; encrypted-media; gyroscope; picture-in-picture; web-share\" allowfullscreen><\/iframe><\/div>\n<\/div><\/figure>","protected":false},"excerpt":{"rendered":"<ul>\n<li>Adequado para o acabamento de l\u00e2minas de barbear, facas e ferramentas.<\/li>\n<li>Dimens\u00f5es: 182x64x21 mm<\/li>\n<li>Peso 590 g<\/li>\n<li>Dureza: Lv 5<\/li>\n<li>Com o cunho Honyama, que foi colocado sobre as pedras Nakayama e Shobudani<\/li>\n<li>\u00a0<\/li>\n<\/ul>","protected":false},"featured_media":1199,"comment_status":"open","ping_status":"closed","template":"","meta":[],"product_brand":[],"product_cat":[22],"product_tag":[45,44],"class_list":{"0":"post-602","1":"product","2":"type-product","3":"status-publish","4":"has-post-thumbnail","6":"product_cat-jnats","7":"product_tag-asagi","8":"product_tag-shobudani","9":"product_shipping_class-iprastas","11":"first","12":"outofstock","13":"sale","14":"shipping-taxable","15":"purchasable","16":"product-type-simple"},"_links":{"self":[{"href":"https:\/\/jnats.eu\/pt\/wp-json\/wp\/v2\/product\/602","targetHints":{"allow":["GET"]}}],"collection":[{"href":"https:\/\/jnats.eu\/pt\/wp-json\/wp\/v2\/product"}],"about":[{"href":"https:\/\/jnats.eu\/pt\/wp-json\/wp\/v2\/types\/product"}],"replies":[{"embeddable":true,"href":"https:\/\/jnats.eu\/pt\/wp-json\/wp\/v2\/comments?post=602"}],"wp:featuredmedia":[{"embeddable":true,"href":"https:\/\/jnats.eu\/pt\/wp-json\/wp\/v2\/media\/1199"}],"wp:attachment":[{"href":"https:\/\/jnats.eu\/pt\/wp-json\/wp\/v2\/media?parent=602"}],"wp:term":[{"taxonomy":"product_brand","embeddable":true,"href":"https:\/\/jnats.eu\/pt\/wp-json\/wp\/v2\/product_brand?post=602"},{"taxonomy":"product_cat","embeddable":true,"href":"https:\/\/jnats.eu\/pt\/wp-json\/wp\/v2\/product_cat?post=602"},{"taxonomy":"product_tag","embeddable":true,"href":"https:\/\/jnats.eu\/pt\/wp-json\/wp\/v2\/product_tag?post=602"}],"curies":[{"name":"wp","href":"https:\/\/api.w.org\/{rel}","templated":true}]}}