{"id":6062,"date":"2026-05-14T10:46:55","date_gmt":"2026-05-14T07:46:55","guid":{"rendered":"https:\/\/jnats.eu\/?post_type=product&#038;p=6062"},"modified":"2026-05-14T10:47:33","modified_gmt":"2026-05-14T07:47:33","slug":"medium-grade-ohira-uchigumori-kasumi-finishing-stone","status":"publish","type":"product","link":"https:\/\/jnats.eu\/pt\/produto-2\/medium-grade-ohira-uchigumori-kasumi-finishing-stone\/","title":{"rendered":"Pedra de acabamento de grau m\u00e9dio Ohira Uchigumori - Kasumi"},"content":{"rendered":"<figure class=\"wp-block-embed is-type-video is-provider-youtube wp-block-embed-youtube wp-embed-aspect-16-9 wp-has-aspect-ratio\"><div class=\"wp-block-embed__wrapper\">\n<div class=\"video-container\"><iframe title=\"Compara\u00e7\u00e3o do acabamento da Ohira Uchigumori Kasumi | Pedra de amolar com padr\u00e3o de l\u00f3tus de grau m\u00e9dio vs. grau superior\" width=\"1170\" height=\"658\" src=\"https:\/\/www.youtube.com\/embed\/lnU0K-G4t-Q?feature=oembed\" frameborder=\"0\" allow=\"accelerometer; autoplay; clipboard-write; encrypted-media; gyroscope; picture-in-picture; web-share\" referrerpolicy=\"strict-origin-when-cross-origin\" allowfullscreen><\/iframe><\/div>\n<\/div><\/figure>\n\n\n\n<p>Aut\u00eantica pedra de acabamento natural Ohira Uchigumori, adequada para o polimento de kasumi tradicionais e para o acabamento de facas de cozinha requintadas.<\/p>\n\n\n\n<p>Esta pedra oferece uma combina\u00e7\u00e3o equilibrada de velocidade de corte, gera\u00e7\u00e3o de lama e controlo, tornando-a uma excelente escolha para utilizadores que procuram uma experi\u00eancia pr\u00e1tica e indulgente de Uchigumori. Produz um acabamento kasumi suave e turvo com bom contraste em l\u00e2minas japonesas laminadas e funciona especialmente bem com a\u00e7os de carbono.<\/p>\n\n\n\n<p>Em compara\u00e7\u00e3o com a Uchigumori de primeira qualidade, esta pedra oferece um contraste e um refinamento ligeiramente inferiores, mas continua a proporcionar um acabamento tradicional atrativo e uma sensa\u00e7\u00e3o de afia\u00e7\u00e3o agrad\u00e1vel.<\/p>\n\n\n\n<h3 class=\"wp-block-heading\">Carater\u00edsticas<\/h3>\n\n\n\n<ul class=\"wp-block-list\">\n<li>Grau m\u00e9dio Ohira Uchigumori<\/li>\n\n\n\n<li>Adequado para o polimento de kasumi e para o acabamento de arestas<\/li>\n\n\n\n<li>Gera\u00e7\u00e3o f\u00e1cil de lamas<\/li>\n\n\n\n<li>Feedback suave e previs\u00edvel<\/li>\n\n\n\n<li>Bom equil\u00edbrio entre velocidade e qualidade de acabamento<\/li>\n\n\n\n<li>Funciona bem com revestimento de ferro macio e n\u00facleos de a\u00e7o-carbono<\/li>\n\n\n\n<li>Adequado para facas, polimento de bisel largo e acabamento de manuten\u00e7\u00e3o<\/li>\n<\/ul>\n\n\n\n<h3 class=\"wp-block-heading\">Utiliza\u00e7\u00e3o recomendada<\/h3>\n\n\n\n<p>Melhor utilizado com uma lama ligeira gerada por tomo nagura ou placa de diamante. Excelente como pedra de acabamento kasumi para facas de cozinha japonesas.<\/p>","protected":false},"excerpt":{"rendered":"<ul>\n<li>O Ohira Uchigumori \u00e9 mais apreciado pelo acabamento Kasumi na l\u00e2mina Sanmai (a\u00e7o duro coberto por uma camada mais macia), real\u00e7ando a diferen\u00e7a entre as camadas dura e macia.<\/li>\n<li>Dureza: Lv 4<\/li>\n<li>Dimens\u00f5es aprox. 208x75x34 mm<\/li>\n<li>Peso 1310 g.<\/li>\n<\/ul>","protected":false},"featured_media":6065,"comment_status":"closed","ping_status":"closed","template":"","meta":[],"product_brand":[],"product_cat":[22],"product_tag":[47,193],"class_list":{"0":"post-6062","1":"product","2":"type-product","3":"status-publish","4":"has-post-thumbnail","6":"product_cat-jnats","7":"product_tag-ohira","8":"product_tag-uchigumori","9":"product_shipping_class-iprastas","11":"first","12":"instock","13":"shipping-taxable","14":"purchasable","15":"product-type-simple"},"_links":{"self":[{"href":"https:\/\/jnats.eu\/pt\/wp-json\/wp\/v2\/product\/6062","targetHints":{"allow":["GET"]}}],"collection":[{"href":"https:\/\/jnats.eu\/pt\/wp-json\/wp\/v2\/product"}],"about":[{"href":"https:\/\/jnats.eu\/pt\/wp-json\/wp\/v2\/types\/product"}],"replies":[{"embeddable":true,"href":"https:\/\/jnats.eu\/pt\/wp-json\/wp\/v2\/comments?post=6062"}],"wp:featuredmedia":[{"embeddable":true,"href":"https:\/\/jnats.eu\/pt\/wp-json\/wp\/v2\/media\/6065"}],"wp:attachment":[{"href":"https:\/\/jnats.eu\/pt\/wp-json\/wp\/v2\/media?parent=6062"}],"wp:term":[{"taxonomy":"product_brand","embeddable":true,"href":"https:\/\/jnats.eu\/pt\/wp-json\/wp\/v2\/product_brand?post=6062"},{"taxonomy":"product_cat","embeddable":true,"href":"https:\/\/jnats.eu\/pt\/wp-json\/wp\/v2\/product_cat?post=6062"},{"taxonomy":"product_tag","embeddable":true,"href":"https:\/\/jnats.eu\/pt\/wp-json\/wp\/v2\/product_tag?post=6062"}],"curies":[{"name":"wp","href":"https:\/\/api.w.org\/{rel}","templated":true}]}}