{"id":6071,"date":"2026-05-14T10:53:36","date_gmt":"2026-05-14T07:53:36","guid":{"rendered":"https:\/\/jnats.eu\/?post_type=product&#038;p=6071"},"modified":"2026-05-14T10:53:36","modified_gmt":"2026-05-14T07:53:36","slug":"premium-ohira-uchigumori-high-grade-kasumi-finishing-whetstone","status":"publish","type":"product","link":"https:\/\/jnats.eu\/pt\/produto-2\/premium-ohira-uchigumori-high-grade-kasumi-finishing-whetstone\/","title":{"rendered":"Premium Ohira Uchigumori - Pedra de amolar para acabamento Kasumi de alta qualidade"},"content":{"rendered":"<figure class=\"wp-block-embed is-type-video is-provider-youtube wp-block-embed-youtube wp-embed-aspect-16-9 wp-has-aspect-ratio\"><div class=\"wp-block-embed__wrapper\">\n<div class=\"video-container\"><iframe title=\"Compara\u00e7\u00e3o do acabamento da Ohira Uchigumori Kasumi | Pedra de amolar com padr\u00e3o de l\u00f3tus de grau m\u00e9dio vs. grau superior\" width=\"1170\" height=\"658\" src=\"https:\/\/www.youtube.com\/embed\/lnU0K-G4t-Q?start=213&#038;feature=oembed\" frameborder=\"0\" allow=\"accelerometer; autoplay; clipboard-write; encrypted-media; gyroscope; picture-in-picture; web-share\" referrerpolicy=\"strict-origin-when-cross-origin\" allowfullscreen><\/iframe><\/div>\n<\/div><\/figure>\n\n\n\n<p>Pedra natural de Ohira Uchigumori de qualidade excecional, com numerosos e belos padr\u00f5es de \u201cflor de l\u00f3tus\u201d e um excelente desempenho de acabamento.<\/p>\n\n\n\n<p>Esta pedra representa o n\u00edvel mais elevado da qualidade Uchigumori, tanto a n\u00edvel visual como funcional. Produz um acabamento kasumi altamente refinado e brilhante com excelente contraste, detalhes finos e uma apar\u00eancia de superf\u00edcie muito elegante. A sensa\u00e7\u00e3o de polimento \u00e9 suave, rica e altamente reactiva, dando um excelente feedback t\u00e1til durante a utiliza\u00e7\u00e3o.<\/p>\n\n\n\n<p>A pasta densa mas cremosa permite um polimento controlado, mantendo uma forte capacidade de corte, tornando esta pedra ideal para trabalhos de kasumi de alto n\u00edvel em l\u00e2minas japonesas de primeira qualidade.<\/p>\n\n\n\n<h3 class=\"wp-block-heading\">Carater\u00edsticas<\/h3>\n\n\n\n<ul class=\"wp-block-list\">\n<li>Ohira Uchigumori de grau elevado<\/li>\n\n\n\n<li>Numerosos motivos naturais \u201cflor de l\u00f3tus\u201d.<\/li>\n\n\n\n<li>Contraste e refinamento superiores do kasumi<\/li>\n\n\n\n<li>Sensa\u00e7\u00e3o de afia\u00e7\u00e3o suave e cremosa<\/li>\n\n\n\n<li>Excelente feedback e controlo de polimento<\/li>\n\n\n\n<li>Comportamento abrasivo fino e consistente<\/li>\n\n\n\n<li>Ideal para facas de bisel largo de qualidade superior e trabalhos de acabamento pormenorizados<\/li>\n\n\n\n<li>Belo aspeto de colecionador<\/li>\n<\/ul>\n\n\n\n<h3 class=\"wp-block-heading\">Utiliza\u00e7\u00e3o recomendada<\/h3>\n\n\n\n<p>Utilizar com uma nagura natural macia ou uma pasta ligeira para obter o m\u00e1ximo contraste kasumi e uma textura de superf\u00edcie refinada. Particularmente adequado para facas de a\u00e7o-carbono de alta qualidade e l\u00e2minas japonesas tradicionais de bisel \u00fanico.<\/p>\n\n\n\n<p>Este tipo de Uchigumori \u00e9 apreciado n\u00e3o s\u00f3 pelo seu desempenho, mas tamb\u00e9m pela sua raridade, beleza visual e car\u00e1cter \u00fanico de acabamento.<\/p>","protected":false},"excerpt":{"rendered":"<ul>\n<li>O Ohira Uchigumori \u00e9 mais apreciado pelo acabamento Kasumi na l\u00e2mina Sanmai (a\u00e7o duro coberto por uma camada mais macia), real\u00e7ando a diferen\u00e7a entre as camadas dura e macia.<\/li>\n<li>Dureza: Lv 3.5<\/li>\n<li>Dimens\u00f5es aprox. 193x69x30 mm<\/li>\n<li>Peso 1050 g.<\/li>\n<li>Linhas seguras<\/li>\n<\/ul>","protected":false},"featured_media":6073,"comment_status":"closed","ping_status":"closed","template":"","meta":[],"product_brand":[],"product_cat":[22],"product_tag":[47,193],"class_list":{"0":"post-6071","1":"product","2":"type-product","3":"status-publish","4":"has-post-thumbnail","6":"product_cat-jnats","7":"product_tag-ohira","8":"product_tag-uchigumori","9":"product_shipping_class-iprastas","11":"first","12":"instock","13":"shipping-taxable","14":"purchasable","15":"product-type-simple"},"_links":{"self":[{"href":"https:\/\/jnats.eu\/pt\/wp-json\/wp\/v2\/product\/6071","targetHints":{"allow":["GET"]}}],"collection":[{"href":"https:\/\/jnats.eu\/pt\/wp-json\/wp\/v2\/product"}],"about":[{"href":"https:\/\/jnats.eu\/pt\/wp-json\/wp\/v2\/types\/product"}],"replies":[{"embeddable":true,"href":"https:\/\/jnats.eu\/pt\/wp-json\/wp\/v2\/comments?post=6071"}],"wp:featuredmedia":[{"embeddable":true,"href":"https:\/\/jnats.eu\/pt\/wp-json\/wp\/v2\/media\/6073"}],"wp:attachment":[{"href":"https:\/\/jnats.eu\/pt\/wp-json\/wp\/v2\/media?parent=6071"}],"wp:term":[{"taxonomy":"product_brand","embeddable":true,"href":"https:\/\/jnats.eu\/pt\/wp-json\/wp\/v2\/product_brand?post=6071"},{"taxonomy":"product_cat","embeddable":true,"href":"https:\/\/jnats.eu\/pt\/wp-json\/wp\/v2\/product_cat?post=6071"},{"taxonomy":"product_tag","embeddable":true,"href":"https:\/\/jnats.eu\/pt\/wp-json\/wp\/v2\/product_tag?post=6071"}],"curies":[{"name":"wp","href":"https:\/\/api.w.org\/{rel}","templated":true}]}}