{"id":621,"date":"2024-03-09T14:36:54","date_gmt":"2024-03-09T12:36:54","guid":{"rendered":"http:\/\/jnats.eu\/?post_type=product&#038;p=621"},"modified":"2026-03-25T23:53:21","modified_gmt":"2026-03-25T21:53:21","slug":"shapton-pro-stone-grit-30000-super-smulkus-galandimo-akmuo-murasaki-k0711","status":"publish","type":"product","link":"https:\/\/jnats.eu\/pt\/produto-2\/shapton-pro-stone-grit-30000-super-smulkus-galandimo-akmuo-murasaki-k0711\/","title":{"rendered":"Shapton Pro Stone gr\u00e3o 30000 pedra de afiar superfina, murasaki, K0711"},"content":{"rendered":"<p>Esta pedra de afiar Shapton Pro Stone 30 000 grit, murasaki \u00e9 uma pedra de afiar muito especial com 30 000 grit. \u00c9 t\u00e3o fina que quase parece macia. Tal como acontece com todas as pedras Shapton Pro, pode afiar muito rapidamente e uniformemente com esta pedra de 30.000. A pedra de afiar foi realmente concebida para o \u00faltimo passo do processo de afia\u00e7\u00e3o, de modo a que at\u00e9 o \u00faltimo mil\u00edmetro do gume esteja absolutamente afiado. Isto \u00e9 ideal para afiar l\u00e2minas de barbear rectas, por exemplo. Antes de passar para esta pedra, deve utilizar uma pedra de 12.000 se estiver a afiar a\u00e7os mais duros. Para a\u00e7os mais macios, uma pedra de 8.000 \u00e9 mais adequada. Se utilizar corretamente esta pedra de 30.000, o fio ficar\u00e1 mais afiado do que nunca.<\/p>\n\n\n\n<p>\u00c9 particularmente importante trabalhar de forma t\u00e3o limpa quanto poss\u00edvel com esta pedra soberba de 30 000. Especialmente se tiver pensado numa pedra maior antes. Limpe bem a faca\/ferramenta antes de utilizar a pedra. O mesmo se aplica \u00e0s suas m\u00e3os e debaixo das suas unhas. Isto reduz as hip\u00f3teses de lascar a superf\u00edcie fina da pedra.<\/p>\n\n\n\n<p>No Jap\u00e3o, estas pedras de afiar Shapton Pro coloridas s\u00e3o tamb\u00e9m conhecidas como Shapton Ha-No-Kuromaku. S\u00e3o as pedras de afiar Shapton mais grossas, com 15 mm de espessura. Como \u00e9 pr\u00f3prio da Shapton, cada pedra tem uma estrutura homog\u00e9nea, com part\u00edculas de afia\u00e7\u00e3o de cer\u00e2mica distribu\u00eddas uniformemente. Isto garante um resultado de afia\u00e7\u00e3o verdadeiramente uniforme. Como as pedras s\u00e3o relativamente duras, removem o a\u00e7o rapidamente e n\u00e3o se desgastam durante muito tempo.<\/p>\n\n\n\n<figure class=\"wp-block-embed is-type-video is-provider-youtube wp-block-embed-youtube wp-embed-aspect-16-9 wp-has-aspect-ratio\"><div class=\"wp-block-embed__wrapper\">\n<div class=\"video-container\"><iframe title=\"30.000 Grit!\" width=\"1170\" height=\"658\" src=\"https:\/\/www.youtube.com\/embed\/Ut_PF5dlmlQ?feature=oembed\" frameborder=\"0\" allow=\"accelerometer; autoplay; clipboard-write; encrypted-media; gyroscope; picture-in-picture; web-share\" allowfullscreen><\/iframe><\/div>\n<\/div><\/figure>","protected":false},"excerpt":{"rendered":"<ul>\n<li>A pedra de afiar mais pequena do mercado<\/li>\n<li>Pode funcionar com \u00e1gua ou gordura<\/li>\n<li>Dimens\u00f5es e peso:<\/li>\n<li>Altura 1,6 cm<\/li>\n<li>Altura da caixa \/ estojo 3,7 cm<\/li>\n<li>Fra\u00e7\u00e3o de altura \u00fatil 1,6 cm<\/li>\n<li>Comprimento 21 cm<\/li>\n<li>Comprimento da caixa 22,3 cm<\/li>\n<li>Parte utiliz\u00e1vel 21 cm<\/li>\n<li>Peso 510 g<\/li>\n<li>Largura 7 cm<\/li>\n<li>Largura da caixa 8,6 cm<\/li>\n<li>Largura da pe\u00e7a a utilizar 7 cm<\/li>\n<li>Materiais:<\/li>\n<li>Cer\u00e2mica abrasiva, alumina branca<\/li>\n<li>Aglutinante de cer\u00e2mica<\/li>\n<\/ul>","protected":false},"featured_media":624,"comment_status":"open","ping_status":"closed","template":"","meta":[],"product_brand":[],"product_cat":[290],"product_tag":[145,144,143],"class_list":{"0":"post-621","1":"product","2":"type-product","3":"status-publish","4":"has-post-thumbnail","6":"product_cat-whetstones","7":"product_tag-k0711","8":"product_tag-murasaki","9":"product_tag-shapton","10":"product_shipping_class-iprastas","12":"first","13":"outofstock","14":"shipping-taxable","15":"purchasable","16":"product-type-simple"},"_links":{"self":[{"href":"https:\/\/jnats.eu\/pt\/wp-json\/wp\/v2\/product\/621","targetHints":{"allow":["GET"]}}],"collection":[{"href":"https:\/\/jnats.eu\/pt\/wp-json\/wp\/v2\/product"}],"about":[{"href":"https:\/\/jnats.eu\/pt\/wp-json\/wp\/v2\/types\/product"}],"replies":[{"embeddable":true,"href":"https:\/\/jnats.eu\/pt\/wp-json\/wp\/v2\/comments?post=621"}],"wp:featuredmedia":[{"embeddable":true,"href":"https:\/\/jnats.eu\/pt\/wp-json\/wp\/v2\/media\/624"}],"wp:attachment":[{"href":"https:\/\/jnats.eu\/pt\/wp-json\/wp\/v2\/media?parent=621"}],"wp:term":[{"taxonomy":"product_brand","embeddable":true,"href":"https:\/\/jnats.eu\/pt\/wp-json\/wp\/v2\/product_brand?post=621"},{"taxonomy":"product_cat","embeddable":true,"href":"https:\/\/jnats.eu\/pt\/wp-json\/wp\/v2\/product_cat?post=621"},{"taxonomy":"product_tag","embeddable":true,"href":"https:\/\/jnats.eu\/pt\/wp-json\/wp\/v2\/product_tag?post=621"}],"curies":[{"name":"wp","href":"https:\/\/api.w.org\/{rel}","templated":true}]}}