{"id":628,"date":"2024-03-11T10:24:53","date_gmt":"2024-03-11T08:24:53","guid":{"rendered":"http:\/\/jnats.eu\/?post_type=product&#038;p=628"},"modified":"2024-09-21T14:43:37","modified_gmt":"2024-09-21T11:43:37","slug":"kamisori-tamahagane-tradicinis-japoniskas-skustuvas","status":"publish","type":"product","link":"https:\/\/jnats.eu\/pt\/produto-2\/kamisori-tamahagane-tradicinis-japoniskas-skustuvas\/","title":{"rendered":"Navalha tradicional japonesa Kamisori Tamahagane Eisho"},"content":{"rendered":"<p>Navalha japonesa vintage Kamisori Eisho com l\u00e2mina de a\u00e7o Tamahagane<\/p>\n\n\n\n<p>Experimente a arte intemporal e a habilidade incompar\u00e1vel do fabrico japon\u00eas de l\u00e2minas de barbear com a l\u00e2mina vintage Kamisori com l\u00e2mina de a\u00e7o Tamahagane. Criada por artes\u00e3os habilidosos, esta navalha incorpora s\u00e9culos de tradi\u00e7\u00e3o de espadachins japoneses, oferecendo uma combina\u00e7\u00e3o de design requintado e nitidez soberba.<\/p>\n\n\n\n<p>A l\u00e2mina desta m\u00e1quina de barbear Kamisori \u00e9 forjada a partir do aut\u00eantico a\u00e7o Tamahagane, conhecido pela sua excecional nitidez, durabilidade e padr\u00f5es de gr\u00e3os claros. Cada l\u00e2mina \u00e9 meticulosamente trabalhada para garantir um excelente desempenho de corte e durabilidade.<\/p>\n\n\n\n<p>O n\u00facleo de a\u00e7o duro \u00e9 colocado pelo ferreiro numa bainha mais macia, como nas famosas katanas japonesas.<\/p>\n\n\n\n<p>Autenticidade e heran\u00e7a: Sendo uma pe\u00e7a de arte antiga, esta navalha Kamisori possui uma rica heran\u00e7a e significado cultural no artesanato japon\u00eas. Cada l\u00e2mina de barbear \u00e9 um testemunho da dedica\u00e7\u00e3o e da arte dos artes\u00e3os que preservaram a tradi\u00e7\u00e3o Kamisori durante gera\u00e7\u00f5es.<\/p>\n\n\n\n<p>Especifica\u00e7\u00f5es:<\/p>\n\n\n\n<ul class=\"wp-block-list\">\n<li>Material da l\u00e2mina: o a\u00e7o Tamahagane \u00e9 endurecido a 70 HRC, pelo que mant\u00e9m a sua nitidez durante muito tempo.<\/li>\n\n\n\n<li>Comprimento da l\u00e2mina: 40 mm<\/li>\n\n\n\n<li>Material do cabo: a\u00e7o<\/li>\n\n\n\n<li>Comprimento total: 143 mm<\/li>\n\n\n\n<li>Mestre: Eisho<\/li>\n\n\n\n<li>Origem: Jap\u00e3o<\/li>\n<\/ul>\n\n\n\n<figure class=\"wp-block-embed is-type-video is-provider-youtube wp-block-embed-youtube wp-embed-aspect-16-9 wp-has-aspect-ratio\"><div class=\"wp-block-embed__wrapper\">\n<div class=\"video-container\"><iframe title=\"M\u00e1quina de barbear tradicional japonesa Kamisori Tamahagane\" width=\"1170\" height=\"658\" src=\"https:\/\/www.youtube.com\/embed\/Xmzw6qqJJ6w?feature=oembed\" frameborder=\"0\" allow=\"accelerometer; autoplay; clipboard-write; encrypted-media; gyroscope; picture-in-picture; web-share\" allowfullscreen><\/iframe><\/div>\n<\/div><\/figure>","protected":false},"excerpt":{"rendered":"<ul>\n<li>Material da l\u00e2mina: o a\u00e7o Tamahagane \u00e9 endurecido a 70 HRC, pelo que mant\u00e9m a sua nitidez durante muito tempo.<\/li>\n<li>Comprimento da l\u00e2mina: 40 mm<\/li>\n<li>Material do cabo: a\u00e7o<\/li>\n<li>Comprimento total: 143 mm<\/li>\n<li>Mestre: Eisho<\/li>\n<li>Origem: Jap\u00e3o<\/li>\n<\/ul>","protected":false},"featured_media":1095,"comment_status":"open","ping_status":"closed","template":"","meta":[],"product_brand":[],"product_cat":[23],"product_tag":[25,147,26],"class_list":{"0":"post-628","1":"product","2":"type-product","3":"status-publish","4":"has-post-thumbnail","6":"product_cat-razors","7":"product_tag-kamisori","8":"product_tag-kamisori-tamahagane","9":"product_tag-tamahagane","10":"product_shipping_class-light","12":"first","13":"outofstock","14":"sold-individually","15":"shipping-taxable","16":"purchasable","17":"product-type-variable"},"_links":{"self":[{"href":"https:\/\/jnats.eu\/pt\/wp-json\/wp\/v2\/product\/628","targetHints":{"allow":["GET"]}}],"collection":[{"href":"https:\/\/jnats.eu\/pt\/wp-json\/wp\/v2\/product"}],"about":[{"href":"https:\/\/jnats.eu\/pt\/wp-json\/wp\/v2\/types\/product"}],"replies":[{"embeddable":true,"href":"https:\/\/jnats.eu\/pt\/wp-json\/wp\/v2\/comments?post=628"}],"wp:featuredmedia":[{"embeddable":true,"href":"https:\/\/jnats.eu\/pt\/wp-json\/wp\/v2\/media\/1095"}],"wp:attachment":[{"href":"https:\/\/jnats.eu\/pt\/wp-json\/wp\/v2\/media?parent=628"}],"wp:term":[{"taxonomy":"product_brand","embeddable":true,"href":"https:\/\/jnats.eu\/pt\/wp-json\/wp\/v2\/product_brand?post=628"},{"taxonomy":"product_cat","embeddable":true,"href":"https:\/\/jnats.eu\/pt\/wp-json\/wp\/v2\/product_cat?post=628"},{"taxonomy":"product_tag","embeddable":true,"href":"https:\/\/jnats.eu\/pt\/wp-json\/wp\/v2\/product_tag?post=628"}],"curies":[{"name":"wp","href":"https:\/\/api.w.org\/{rel}","templated":true}]}}