{"id":649,"date":"2024-03-11T11:12:08","date_gmt":"2024-03-11T09:12:08","guid":{"rendered":"http:\/\/jnats.eu\/?post_type=product&#038;p=649"},"modified":"2024-10-20T15:04:13","modified_gmt":"2024-10-20T12:04:13","slug":"kamisori-japoniski-skustuvai","status":"publish","type":"product","link":"https:\/\/jnats.eu\/pt\/produto-2\/kamisori-japoniski-skustuvai\/","title":{"rendered":"Kamisori L\u00e2minas de barbear japonesas Henkotsu, New Hanamsa"},"content":{"rendered":"<p>Como uma espada tradicional de samurai, estas Kamisori foram forjadas \u00e0 m\u00e3o a partir de 2 camadas, a parte cortante feita de a\u00e7o de alto carbono e a camada de suporte de um a\u00e7o mais simples. A camada de a\u00e7o \u00e9 fr\u00e1gil e dura, enquanto a bainha proporciona a flexibilidade necess\u00e1ria.<\/p>\n\n\n\n<p>Ambas as camadas n\u00e3o s\u00e3o \u00e0 prova de ferrugem, por isso mantenha sempre a l\u00e2mina seca depois de fazer a barba e proteja-a com uma fina camada de \u00f3leo. Porque \u00e9 que esta l\u00e2mina enferruja? As l\u00e2minas sem ferrugem s\u00e3o feitas de uma liga que evita manchas de corros\u00e3o, mas que tamb\u00e9m \u00e9 menos dura. O a\u00e7o com alto teor de carbono, como a camada de corte desta Kamisori, proporciona uma dureza muito superior e permite-lhe barbear-se suavemente durante muito mais tempo antes de precisar de a afiar novamente!<\/p>\n\n\n\n<figure class=\"wp-block-embed is-type-video is-provider-youtube wp-block-embed-youtube wp-embed-aspect-16-9 wp-has-aspect-ratio\"><div class=\"wp-block-embed__wrapper\">\n<div class=\"video-container\"><iframe title=\"L\u00e2minas de barbear tradicionais japonesas Kamisori\" width=\"1170\" height=\"658\" src=\"https:\/\/www.youtube.com\/embed\/TuvtNTBsxLk?feature=oembed\" frameborder=\"0\" allow=\"accelerometer; autoplay; clipboard-write; encrypted-media; gyroscope; picture-in-picture; web-share\" referrerpolicy=\"strict-origin-when-cross-origin\" allowfullscreen><\/iframe><\/div>\n<\/div><\/figure>","protected":false},"excerpt":{"rendered":"<p>Ambas as camadas n\u00e3o s\u00e3o \u00e0 prova de ferrugem, por isso mantenha sempre a m\u00e1quina de barbear seca depois de se barbear e proteja-a com uma fina camada de \u00f3leo. Porque \u00e9 que esta m\u00e1quina de barbear enferruja? As m\u00e1quinas de barbear sem ferrugem s\u00e3o feitas de uma liga que evita as manchas de corros\u00e3o, mas que tamb\u00e9m \u00e9 menos dura. O a\u00e7o com alto teor de carbono, como a camada de corte desta Kamisori, proporciona uma dureza muito superior e permite-lhe barbear-se suavemente durante muito mais tempo antes de precisar de a afiar novamente!<\/p>\n<p><strong>Todos vendidos.<\/strong><\/p>","protected":false},"featured_media":1141,"comment_status":"open","ping_status":"closed","template":"","meta":[],"product_brand":[],"product_cat":[23],"product_tag":[25,183],"class_list":{"0":"post-649","1":"product","2":"type-product","3":"status-publish","4":"has-post-thumbnail","6":"product_cat-razors","7":"product_tag-kamisori","8":"product_tag-new-hanamsa","9":"product_shipping_class-light","11":"first","12":"outofstock","13":"sold-individually","14":"shipping-taxable","15":"purchasable","16":"product-type-variable"},"_links":{"self":[{"href":"https:\/\/jnats.eu\/pt\/wp-json\/wp\/v2\/product\/649","targetHints":{"allow":["GET"]}}],"collection":[{"href":"https:\/\/jnats.eu\/pt\/wp-json\/wp\/v2\/product"}],"about":[{"href":"https:\/\/jnats.eu\/pt\/wp-json\/wp\/v2\/types\/product"}],"replies":[{"embeddable":true,"href":"https:\/\/jnats.eu\/pt\/wp-json\/wp\/v2\/comments?post=649"}],"wp:featuredmedia":[{"embeddable":true,"href":"https:\/\/jnats.eu\/pt\/wp-json\/wp\/v2\/media\/1141"}],"wp:attachment":[{"href":"https:\/\/jnats.eu\/pt\/wp-json\/wp\/v2\/media?parent=649"}],"wp:term":[{"taxonomy":"product_brand","embeddable":true,"href":"https:\/\/jnats.eu\/pt\/wp-json\/wp\/v2\/product_brand?post=649"},{"taxonomy":"product_cat","embeddable":true,"href":"https:\/\/jnats.eu\/pt\/wp-json\/wp\/v2\/product_cat?post=649"},{"taxonomy":"product_tag","embeddable":true,"href":"https:\/\/jnats.eu\/pt\/wp-json\/wp\/v2\/product_tag?post=649"}],"curies":[{"name":"wp","href":"https:\/\/api.w.org\/{rel}","templated":true}]}}