{"id":688,"date":"2025-03-20T09:13:48","date_gmt":"2025-03-20T07:13:48","guid":{"rendered":"http:\/\/jnats.eu\/?post_type=product&#038;p=688"},"modified":"2026-03-10T23:08:44","modified_gmt":"2026-03-10T21:08:44","slug":"shobudani-ikumurasaki-japoniskas-naturalus-galandimo-akmuo","status":"publish","type":"product","link":"https:\/\/jnats.eu\/pt\/produto-2\/shobudani-ikumurasaki-japoniskas-naturalus-galandimo-akmuo\/","title":{"rendered":"Shobudani Ikumurasaki Lv 4 Pedra de amolar natural japonesa"},"content":{"rendered":"<p>Shobudani \u00e9 uma das minas mais famosas e respeitadas (depois de Nakayama) do Jap\u00e3o, famosa por suas pedras de afiar naturais de alta qualidade. Essas pedras s\u00e3o valorizadas por suas propriedades \u00fanicas, que ajudam a obter excelentes resultados de afia\u00e7\u00e3o.<\/p>\n\n\n\n<figure class=\"wp-block-embed is-type-video is-provider-youtube wp-block-embed-youtube wp-embed-aspect-16-9 wp-has-aspect-ratio\"><div class=\"wp-block-embed__wrapper\">\n<div class=\"video-container\"><iframe title=\"Jnats: Nakayama Tomae, Aiwatani Kiita, Shobudani Ikimurasaki\" width=\"1170\" height=\"658\" src=\"https:\/\/www.youtube.com\/embed\/MiOfq4JKRL4?start=125&#038;feature=oembed\" frameborder=\"0\" allow=\"accelerometer; autoplay; clipboard-write; encrypted-media; gyroscope; picture-in-picture; web-share\" referrerpolicy=\"strict-origin-when-cross-origin\" allowfullscreen><\/iframe><\/div>\n<\/div><\/figure>\n\n\n\n<p>Pedras de afiar naturais japonesas, como as extra\u00eddas da mina Shobudani, s\u00e3o famosas por sua capacidade de dar \u00e0s l\u00e2minas um fio duradouro e um acabamento de alta qualidade. Eles s\u00e3o frequentemente usados para afiar navalhas, facas e ferramentas de carpintaria. Devido \u00e0 sua raridade e valor est\u00e9tico, as pedras de alta qualidade da Shobudani s\u00e3o muito valorizadas por colecionadores e amoladores profissionais.<\/p>","protected":false},"excerpt":{"rendered":"<ul>\n<li>Adequado para o acabamento de l\u00e2minas de barbear, facas e ferramentas.<\/li>\n<li>Dimens\u00f5es: 205x74x22 mm<\/li>\n<li>Peso com suporte 810 g<\/li>\n<li>Dureza: Lv 4<\/li>\n<li>Linhas seguras<\/li>\n<\/ul>","protected":false},"featured_media":4174,"comment_status":"open","ping_status":"closed","template":"","meta":[],"product_brand":[],"product_cat":[22],"product_tag":[44],"class_list":{"0":"post-688","1":"product","2":"type-product","3":"status-publish","4":"has-post-thumbnail","6":"product_cat-jnats","7":"product_tag-shobudani","8":"product_shipping_class-iprastas","10":"first","11":"outofstock","12":"shipping-taxable","13":"purchasable","14":"product-type-simple"},"_links":{"self":[{"href":"https:\/\/jnats.eu\/pt\/wp-json\/wp\/v2\/product\/688","targetHints":{"allow":["GET"]}}],"collection":[{"href":"https:\/\/jnats.eu\/pt\/wp-json\/wp\/v2\/product"}],"about":[{"href":"https:\/\/jnats.eu\/pt\/wp-json\/wp\/v2\/types\/product"}],"replies":[{"embeddable":true,"href":"https:\/\/jnats.eu\/pt\/wp-json\/wp\/v2\/comments?post=688"}],"wp:featuredmedia":[{"embeddable":true,"href":"https:\/\/jnats.eu\/pt\/wp-json\/wp\/v2\/media\/4174"}],"wp:attachment":[{"href":"https:\/\/jnats.eu\/pt\/wp-json\/wp\/v2\/media?parent=688"}],"wp:term":[{"taxonomy":"product_brand","embeddable":true,"href":"https:\/\/jnats.eu\/pt\/wp-json\/wp\/v2\/product_brand?post=688"},{"taxonomy":"product_cat","embeddable":true,"href":"https:\/\/jnats.eu\/pt\/wp-json\/wp\/v2\/product_cat?post=688"},{"taxonomy":"product_tag","embeddable":true,"href":"https:\/\/jnats.eu\/pt\/wp-json\/wp\/v2\/product_tag?post=688"}],"curies":[{"name":"wp","href":"https:\/\/api.w.org\/{rel}","templated":true}]}}