{"id":709,"date":"2024-03-11T18:24:41","date_gmt":"2024-03-11T16:24:41","guid":{"rendered":"http:\/\/jnats.eu\/?post_type=product&#038;p=709"},"modified":"2025-03-09T13:56:49","modified_gmt":"2025-03-09T11:56:49","slug":"otsuki-japoniskas-naturalus-galandimo-akmuo","status":"publish","type":"product","link":"https:\/\/jnats.eu\/pt\/produto-2\/otsuki-japoniskas-naturalus-galandimo-akmuo\/","title":{"rendered":"Pedra de afiar natural japonesa Otsuki"},"content":{"rendered":"<ul class=\"wp-block-list\">\n<li>Adequado para o acabamento de l\u00e2minas de barbear, facas e ferramentas.<\/li>\n\n\n\n<li>Dimens\u00f5es: 207x76x32 mm<\/li>\n\n\n\n<li>Peso 1270 g<\/li>\n\n\n\n<li>Dureza: Lv 4.5<\/li>\n<\/ul>\n\n\n\n<figure class=\"wp-block-embed is-type-video is-provider-youtube wp-block-embed-youtube wp-embed-aspect-16-9 wp-has-aspect-ratio\"><div class=\"wp-block-embed__wrapper\">\n<div class=\"video-container\"><iframe title=\"Pedra de amolar natural japonesa Otsuki\" width=\"1170\" height=\"658\" src=\"https:\/\/www.youtube.com\/embed\/SK7dmmzATjU?feature=oembed\" frameborder=\"0\" allow=\"accelerometer; autoplay; clipboard-write; encrypted-media; gyroscope; picture-in-picture; web-share\" referrerpolicy=\"strict-origin-when-cross-origin\" allowfullscreen><\/iframe><\/div>\n<\/div><\/figure>\n\n\n\n<p>As principais vantagens das pedras de afiar japonesas naturais:<\/p>\n\n\n\n<ul class=\"wp-block-list\">\n<li>As ferramentas mant\u00eam-se afiadas durante mais tempo<\/li>\n\n\n\n<li>As pedras n\u00e3o ficam contaminadas com res\u00edduos met\u00e1licos<\/li>\n\n\n\n<li>F\u00e1cil de remover a v\u00e1lvula de gaveta<\/li>\n\n\n\n<li>Uma resposta surpreendente que permite sentir exatamente o que est\u00e1 a acontecer na superf\u00edcie do metal.<\/li>\n<\/ul>","protected":false},"excerpt":{"rendered":"<ul>\n<li>Adequado para o acabamento de l\u00e2minas de barbear, facas e ferramentas.<\/li>\n<li>Dimens\u00f5es: 207x74x31 mm<\/li>\n<li>Peso 1320 g<\/li>\n<li>Dureza: Lv 4.8<\/li>\n<\/ul>","protected":false},"featured_media":1312,"comment_status":"open","ping_status":"closed","template":"","meta":[],"product_brand":[],"product_cat":[22],"product_tag":[150],"class_list":{"0":"post-709","1":"product","2":"type-product","3":"status-publish","4":"has-post-thumbnail","6":"product_cat-jnats","7":"product_tag-otsuki","8":"product_shipping_class-iprastas","10":"first","11":"outofstock","12":"shipping-taxable","13":"purchasable","14":"product-type-simple"},"_links":{"self":[{"href":"https:\/\/jnats.eu\/pt\/wp-json\/wp\/v2\/product\/709","targetHints":{"allow":["GET"]}}],"collection":[{"href":"https:\/\/jnats.eu\/pt\/wp-json\/wp\/v2\/product"}],"about":[{"href":"https:\/\/jnats.eu\/pt\/wp-json\/wp\/v2\/types\/product"}],"replies":[{"embeddable":true,"href":"https:\/\/jnats.eu\/pt\/wp-json\/wp\/v2\/comments?post=709"}],"wp:featuredmedia":[{"embeddable":true,"href":"https:\/\/jnats.eu\/pt\/wp-json\/wp\/v2\/media\/1312"}],"wp:attachment":[{"href":"https:\/\/jnats.eu\/pt\/wp-json\/wp\/v2\/media?parent=709"}],"wp:term":[{"taxonomy":"product_brand","embeddable":true,"href":"https:\/\/jnats.eu\/pt\/wp-json\/wp\/v2\/product_brand?post=709"},{"taxonomy":"product_cat","embeddable":true,"href":"https:\/\/jnats.eu\/pt\/wp-json\/wp\/v2\/product_cat?post=709"},{"taxonomy":"product_tag","embeddable":true,"href":"https:\/\/jnats.eu\/pt\/wp-json\/wp\/v2\/product_tag?post=709"}],"curies":[{"name":"wp","href":"https:\/\/api.w.org\/{rel}","templated":true}]}}