{"id":714,"date":"2024-03-11T18:36:21","date_gmt":"2024-03-11T16:36:21","guid":{"rendered":"http:\/\/jnats.eu\/?post_type=product&#038;p=714"},"modified":"2025-01-02T11:05:58","modified_gmt":"2025-01-02T09:05:58","slug":"mikawa-button-nagura","status":"publish","type":"product","link":"https:\/\/jnats.eu\/pt\/produto-2\/mikawa-button-nagura\/","title":{"rendered":"Pedra de afiar natural japonesa Mikawa Botan Nagura"},"content":{"rendered":"<p>Estas pedras de amolar naturais, extra\u00eddas na Prefeitura de Aichi, no Jap\u00e3o, foram utilizadas durante s\u00e9culos como parte do processo de polimento das espadas tradicionais dos samurais japoneses. Nos \u00faltimos anos, tornaram-se populares e s\u00e3o utilizadas para polir e afiar muitas outras ferramentas afiadas. A sua velocidade e o tamanho uniforme das part\u00edculas tornam-nas muito eficazes para facas de cozinha. A capacidade de criar um gume afiado com um excelente equil\u00edbrio de nitidez e perfei\u00e7\u00e3o, bem como de polir a superf\u00edcie de forma detalhada e uniforme. S\u00e3o ideais para afiar depois de riscar pedras de amolar sint\u00e9ticas de gr\u00e3o m\u00e9dio. Podem ser \u00fateis como pr\u00e9-polimento contra pedras naturais muito finas e podem funcionar bem para acabamentos de facas de a\u00e7o laminado e mono.<\/p>\n\n\n\n<p>A pedra Mikawa Botan Nagura remove facilmente os riscos dos gr\u00e3os mais grossos. Sensa\u00e7\u00e3o de afia\u00e7\u00e3o suave que n\u00e3o \"pega\" na l\u00e2mina e uma linha de chamon detalhada e geada brilhante no a\u00e7o com riscos finos superficiais. A l\u00e2mina perfeitamente serrilhada \u00e9 adequada para qualquer faca de cozinha.<\/p>\n\n\n\n<ul class=\"wp-block-list\">\n<li>Adequado para o acabamento e polimento de facas e ferramentas<\/li>\n\n\n\n<li>Dimens\u00f5es: 210x79x41 mm<\/li>\n\n\n\n<li>Peso 1470 g<\/li>\n\n\n\n<li>Dureza: Lv 3.5<\/li>\n\n\n\n<li>Uma pedra muito r\u00e1pida e de forma regular.<\/li>\n\n\n\n<li>Ambos os lados s\u00e3o adequados para o trabalho.<\/li>\n<\/ul>\n\n\n\n<figure class=\"wp-block-embed is-type-video is-provider-youtube wp-block-embed-youtube wp-embed-aspect-16-9 wp-has-aspect-ratio\"><div class=\"wp-block-embed__wrapper\">\n<div class=\"video-container\"><iframe title=\"Mikawa Button Nagura Pedra natural japonesa\" width=\"1170\" height=\"658\" src=\"https:\/\/www.youtube.com\/embed\/J3MLGWThONE?feature=oembed\" frameborder=\"0\" allow=\"accelerometer; autoplay; clipboard-write; encrypted-media; gyroscope; picture-in-picture; web-share\" allowfullscreen><\/iframe><\/div>\n<\/div><\/figure>\n\n\n\n<p>As principais vantagens das pedras de afiar japonesas naturais:<\/p>\n\n\n\n<ul class=\"wp-block-list\">\n<li>As ferramentas mant\u00eam-se afiadas durante mais tempo<\/li>\n\n\n\n<li>As pedras n\u00e3o ficam contaminadas com res\u00edduos met\u00e1licos<\/li>\n\n\n\n<li>F\u00e1cil de remover a v\u00e1lvula de gaveta<\/li>\n\n\n\n<li>Uma resposta surpreendente que permite sentir exatamente o que est\u00e1 a acontecer na superf\u00edcie do metal.<\/li>\n<\/ul>","protected":false},"excerpt":{"rendered":"<p><!-- wp:list --><\/p>\n<ul><!-- wp:list-item --><\/p>\n<li>Adequado para o acabamento e polimento de facas e ferramentas<\/li>\n<p><!-- \/wp:list-item --><\/p>\n<p><!-- wp:list-item --><\/p>\n<li>Dimens\u00f5es: 210\u00d741 mm<\/li>\n<p><!-- \/wp:list-item --><\/p>\n<p><!-- wp:list-item --><\/p>\n<li>Peso 1470 g<\/li>\n<p><!-- \/wp:list-item --><\/p>\n<p><!-- wp:list-item --><\/p>\n<li>Dureza: Lv 3.5<\/li>\n<p><!-- \/wp:list-item --><\/p>\n<p><!-- wp:list-item --><\/p>\n<li>Uma pedra muito r\u00e1pida e de forma regular.<\/li>\n<p><!-- \/wp:list-item --><\/p>\n<p><!-- wp:list-item --><\/p>\n<li>Ambos os lados s\u00e3o adequados para o trabalho.<\/li>\n<p><!-- \/wp:list-item --><\/ul>\n<p><!-- \/wp:list --><\/p>","protected":false},"featured_media":1308,"comment_status":"open","ping_status":"closed","template":"","meta":[],"product_brand":[],"product_cat":[22],"product_tag":[152,151,153],"class_list":{"0":"post-714","1":"product","2":"type-product","3":"status-publish","4":"has-post-thumbnail","6":"product_cat-jnats","7":"product_tag-button","8":"product_tag-mikawa","9":"product_tag-nagura","10":"product_shipping_class-iprastas","12":"first","13":"outofstock","14":"sale","15":"shipping-taxable","16":"purchasable","17":"product-type-simple"},"_links":{"self":[{"href":"https:\/\/jnats.eu\/pt\/wp-json\/wp\/v2\/product\/714","targetHints":{"allow":["GET"]}}],"collection":[{"href":"https:\/\/jnats.eu\/pt\/wp-json\/wp\/v2\/product"}],"about":[{"href":"https:\/\/jnats.eu\/pt\/wp-json\/wp\/v2\/types\/product"}],"replies":[{"embeddable":true,"href":"https:\/\/jnats.eu\/pt\/wp-json\/wp\/v2\/comments?post=714"}],"wp:featuredmedia":[{"embeddable":true,"href":"https:\/\/jnats.eu\/pt\/wp-json\/wp\/v2\/media\/1308"}],"wp:attachment":[{"href":"https:\/\/jnats.eu\/pt\/wp-json\/wp\/v2\/media?parent=714"}],"wp:term":[{"taxonomy":"product_brand","embeddable":true,"href":"https:\/\/jnats.eu\/pt\/wp-json\/wp\/v2\/product_brand?post=714"},{"taxonomy":"product_cat","embeddable":true,"href":"https:\/\/jnats.eu\/pt\/wp-json\/wp\/v2\/product_cat?post=714"},{"taxonomy":"product_tag","embeddable":true,"href":"https:\/\/jnats.eu\/pt\/wp-json\/wp\/v2\/product_tag?post=714"}],"curies":[{"name":"wp","href":"https:\/\/api.w.org\/{rel}","templated":true}]}}