{"id":741,"date":"2024-03-12T09:46:27","date_gmt":"2024-03-12T07:46:27","guid":{"rendered":"http:\/\/jnats.eu\/?post_type=product&#038;p=741"},"modified":"2025-03-02T02:24:54","modified_gmt":"2025-03-02T00:24:54","slug":"ozuku-mizu-asagi-japoniskas-naturalus-galandimo-akmuo","status":"publish","type":"product","link":"https:\/\/jnats.eu\/pt\/produto-2\/ozuku-mizu-asagi-japoniskas-naturalus-galandimo-akmuo\/","title":{"rendered":"Pedra de afiar natural japonesa Ozuku Mizu Asagi"},"content":{"rendered":"<ul class=\"wp-block-list\">\n<li>Adequado para o acabamento de l\u00e2minas de barbear, facas e ferramentas.<\/li>\n\n\n\n<li>Dimens\u00f5es: 208x72x12 mm<\/li>\n\n\n\n<li>Peso com suporte 830 g<\/li>\n\n\n\n<li>Dureza: Lv 5+<\/li>\n\n\n\n<li>Linhas seguras<\/li>\n\n\n\n<li>A pedra Ozuku Mizu Asagi, muito dura, \u00e9 uma das preferidas dos afiadores de l\u00e2minas de barbear porque permite obter a m\u00e1xima nitidez. \u00c9 poss\u00edvel acelerar o trabalho com a ajuda da suspens\u00e3o Nagura ou esfregando com um prato de diamante \u00e1spero, mas isso n\u00e3o \u00e9 necess\u00e1rio.<\/li>\n\n\n\n<li>N\u00e3o \u00e9 duro, mas \u00e9 muito resistente. Por conseguinte, o seu desgaste ser\u00e1 muito lento e durar\u00e1 muitos anos.<\/li>\n<\/ul>\n\n\n\n<figure class=\"wp-block-embed is-type-video is-provider-youtube wp-block-embed-youtube wp-embed-aspect-16-9 wp-has-aspect-ratio\"><div class=\"wp-block-embed__wrapper\">\n<div class=\"video-container\"><iframe title=\"Pedras de afiar naturais japonesas Okudo Nashiji, Ozuku Mizu Asagi, Aiwatani\" width=\"1170\" height=\"658\" src=\"https:\/\/www.youtube.com\/embed\/VB9YnumSvYY?start=315&#038;feature=oembed\" frameborder=\"0\" allow=\"accelerometer; autoplay; clipboard-write; encrypted-media; gyroscope; picture-in-picture; web-share\" allowfullscreen><\/iframe><\/div>\n<\/div><\/figure>\n\n\n\n<p>As principais vantagens das pedras de afiar japonesas naturais:<\/p>\n\n\n\n<ul class=\"wp-block-list\">\n<li>As ferramentas mant\u00eam-se afiadas durante mais tempo<\/li>\n\n\n\n<li>As pedras n\u00e3o ficam contaminadas com res\u00edduos met\u00e1licos<\/li>\n\n\n\n<li>F\u00e1cil de remover a v\u00e1lvula de gaveta<\/li>\n\n\n\n<li>Uma resposta surpreendente que permite sentir exatamente o que est\u00e1 a acontecer na superf\u00edcie do metal.<\/li>\n<\/ul>","protected":false},"excerpt":{"rendered":"<ul>\n<li>Adequado para o acabamento de l\u00e2minas de barbear, facas e ferramentas.<\/li>\n<li>Dimens\u00f5es: 208x72x12 mm<\/li>\n<li>Peso com suporte 830 g<\/li>\n<li>Dureza: Lv 5+<\/li>\n<li>Linhas seguras<\/li>\n<li>A pedra Ozuku Mizu Asagi, muito dura, \u00e9 uma das preferidas dos afiadores de l\u00e2minas de barbear porque permite obter a m\u00e1xima nitidez. \u00c9 poss\u00edvel acelerar o trabalho com a ajuda da suspens\u00e3o Nagura ou esfregando com um prato de diamante \u00e1spero, mas isso n\u00e3o \u00e9 necess\u00e1rio.<\/li>\n<li>N\u00e3o \u00e9 duro, mas \u00e9 muito resistente. Por conseguinte, o seu desgaste ser\u00e1 muito lento e durar\u00e1 muitos anos.<\/li>\n<\/ul>","protected":false},"featured_media":1339,"comment_status":"open","ping_status":"closed","template":"","meta":[],"product_brand":[],"product_cat":[22],"product_tag":[45,154,66],"class_list":{"0":"post-741","1":"product","2":"type-product","3":"status-publish","4":"has-post-thumbnail","6":"product_cat-jnats","7":"product_tag-asagi","8":"product_tag-mizu","9":"product_tag-ozuku","10":"product_shipping_class-iprastas","12":"first","13":"outofstock","14":"sale","15":"shipping-taxable","16":"purchasable","17":"product-type-simple"},"_links":{"self":[{"href":"https:\/\/jnats.eu\/pt\/wp-json\/wp\/v2\/product\/741","targetHints":{"allow":["GET"]}}],"collection":[{"href":"https:\/\/jnats.eu\/pt\/wp-json\/wp\/v2\/product"}],"about":[{"href":"https:\/\/jnats.eu\/pt\/wp-json\/wp\/v2\/types\/product"}],"replies":[{"embeddable":true,"href":"https:\/\/jnats.eu\/pt\/wp-json\/wp\/v2\/comments?post=741"}],"wp:featuredmedia":[{"embeddable":true,"href":"https:\/\/jnats.eu\/pt\/wp-json\/wp\/v2\/media\/1339"}],"wp:attachment":[{"href":"https:\/\/jnats.eu\/pt\/wp-json\/wp\/v2\/media?parent=741"}],"wp:term":[{"taxonomy":"product_brand","embeddable":true,"href":"https:\/\/jnats.eu\/pt\/wp-json\/wp\/v2\/product_brand?post=741"},{"taxonomy":"product_cat","embeddable":true,"href":"https:\/\/jnats.eu\/pt\/wp-json\/wp\/v2\/product_cat?post=741"},{"taxonomy":"product_tag","embeddable":true,"href":"https:\/\/jnats.eu\/pt\/wp-json\/wp\/v2\/product_tag?post=741"}],"curies":[{"name":"wp","href":"https:\/\/api.w.org\/{rel}","templated":true}]}}