{"id":754,"date":"2024-03-14T10:10:53","date_gmt":"2024-03-14T08:10:53","guid":{"rendered":"http:\/\/jnats.eu\/?post_type=product&#038;p=754"},"modified":"2025-08-11T19:28:19","modified_gmt":"2025-08-11T16:28:19","slug":"vintage-straight-razor-wade-butcher-frameback","status":"publish","type":"product","link":"https:\/\/jnats.eu\/pt\/produto-2\/vintage-straight-razor-wade-butcher-frameback\/","title":{"rendered":"M\u00e1quina de barbear vintage Wade &amp; Butcher Frameback"},"content":{"rendered":"<iframe width=\"560\" height=\"315\" src=\"https:\/\/www.youtube.com\/embed\/bfKa5VEhH0Q?si=WDpyiQD5cFJIpWQv\" title=\"Leitor de v\u00eddeo do YouTube\" frameborder=\"0\" allow=\"accelerometer; autoplay; clipboard-write; encrypted-media; gyroscope; picture-in-picture; web-share\" allowfullscreen><\/iframe>\n\n\n\n<p>A m\u00e1quina de barbear Vintage Wade &amp; Butcher Frameback \u00e9 uma ferramenta de barbear cl\u00e1ssica que incorpora a arte intemporal da marca Wade &amp; Butcher. Fabricada com precis\u00e3o e aten\u00e7\u00e3o aos pormenores, esta m\u00e1quina de barbear oferece uma experi\u00eancia de barbear tradicional que faz lembrar \u00e9pocas passadas.<\/p>\n\n\n\n<p>Caracter\u00edsticas principais:<\/p>\n\n\n\n<ol class=\"wp-block-list\">\n<li><strong>A\u00e7o de alta qualidade:<\/strong> Constru\u00edda a partir de a\u00e7o de primeira qualidade, a l\u00e2mina de barbear Wade &amp; Butcher Frameback apresenta uma durabilidade e reten\u00e7\u00e3o do fio excepcionais, garantindo um desempenho duradouro.<\/li>\n\n\n\n<li><strong>Design vintage:<\/strong> Com um design cl\u00e1ssico de arma\u00e7\u00e3o, esta m\u00e1quina de barbear exala eleg\u00e2ncia e sofistica\u00e7\u00e3o. A sua est\u00e9tica vintage atrai os aficionados dos utens\u00edlios de barbear tradicionais.<\/li>\n\n\n\n<li><strong>Pega artesanal:<\/strong> O cabo da m\u00e1quina de barbear \u00e9 habilmente trabalhado para um conforto ergon\u00f3mico e uma ader\u00eancia segura durante as sess\u00f5es de barbear. O seu design intemporal contribui para a atra\u00e7\u00e3o geral da m\u00e1quina de barbear.<\/li>\n\n\n\n<li><strong>L\u00e2mina de precis\u00e3o:<\/strong> A m\u00e1quina de barbear est\u00e1 equipada com uma l\u00e2mina afiada com precis\u00e3o, oferecendo um barbear suave e rente em cada passagem. O gume afiado da l\u00e2mina desliza sem esfor\u00e7o pela pele, reduzindo a irrita\u00e7\u00e3o e assegurando um barbear limpo.<\/li>\n\n\n\n<li><strong>Item de cole\u00e7\u00e3o:<\/strong> Sendo uma pe\u00e7a vintage da Wade &amp; Butcher, esta l\u00e2mina de barbear n\u00e3o \u00e9 apenas uma ferramenta funcional de limpeza, mas tamb\u00e9m uma pe\u00e7a de cole\u00e7\u00e3o apreciada por entusiastas e coleccionadores.<\/li>\n\n\n\n<li><strong>Autenticidade:<\/strong> Cada l\u00e2mina de barbear Wade &amp; Butcher Frameback \u00e9 fornecida com um certificado de autenticidade, garantindo a sua genu\u00edna manufatura e heran\u00e7a.<\/li>\n<\/ol>\n\n\n\n<p>Quer seja um utilizador experiente de l\u00e2minas de barbear ou um rec\u00e9m-chegado ao barbear tradicional, a l\u00e2mina de barbear Vintage Wade &amp; Butcher Frameback promete uma experi\u00eancia de barbear inigual\u00e1vel, impregnada de hist\u00f3ria e artesanato.<\/p>","protected":false},"excerpt":{"rendered":"<p>M\u00e1quina de barbear vintage Wade &amp; Butcher Frameback<\/p>\n<ul>\n<li>Comprimento total 162 mm quando fechado<\/li>\n<li>Comprimento da l\u00e2mina 81 mm<\/li>\n<li>Altura da l\u00e2mina 21 mm<\/li>\n<li>Espessura da l\u00e2mina 4 mm<\/li>\n<li>Espessura do punho 9 mm<\/li>\n<li>Comprimento do punho 150 mm<\/li>\n<li>Peso 50 g<\/li>\n<\/ul>","protected":false},"featured_media":1160,"comment_status":"open","ping_status":"closed","template":"","meta":[],"product_brand":[],"product_cat":[23],"product_tag":[155],"class_list":{"0":"post-754","1":"product","2":"type-product","3":"status-publish","4":"has-post-thumbnail","6":"product_cat-razors","7":"product_tag-wade-butcher","8":"product_shipping_class-light","10":"first","11":"outofstock","12":"sale","13":"shipping-taxable","14":"purchasable","15":"product-type-simple"},"_links":{"self":[{"href":"https:\/\/jnats.eu\/pt\/wp-json\/wp\/v2\/product\/754","targetHints":{"allow":["GET"]}}],"collection":[{"href":"https:\/\/jnats.eu\/pt\/wp-json\/wp\/v2\/product"}],"about":[{"href":"https:\/\/jnats.eu\/pt\/wp-json\/wp\/v2\/types\/product"}],"replies":[{"embeddable":true,"href":"https:\/\/jnats.eu\/pt\/wp-json\/wp\/v2\/comments?post=754"}],"wp:featuredmedia":[{"embeddable":true,"href":"https:\/\/jnats.eu\/pt\/wp-json\/wp\/v2\/media\/1160"}],"wp:attachment":[{"href":"https:\/\/jnats.eu\/pt\/wp-json\/wp\/v2\/media?parent=754"}],"wp:term":[{"taxonomy":"product_brand","embeddable":true,"href":"https:\/\/jnats.eu\/pt\/wp-json\/wp\/v2\/product_brand?post=754"},{"taxonomy":"product_cat","embeddable":true,"href":"https:\/\/jnats.eu\/pt\/wp-json\/wp\/v2\/product_cat?post=754"},{"taxonomy":"product_tag","embeddable":true,"href":"https:\/\/jnats.eu\/pt\/wp-json\/wp\/v2\/product_tag?post=754"}],"curies":[{"name":"wp","href":"https:\/\/api.w.org\/{rel}","templated":true}]}}