{"id":756,"date":"2026-04-01T10:52:28","date_gmt":"2026-04-01T07:52:28","guid":{"rendered":"http:\/\/jnats.eu\/?post_type=product&#038;p=756"},"modified":"2026-04-16T09:35:27","modified_gmt":"2026-04-16T06:35:27","slug":"j-a-henckels-solingen-zwilligswerk-friodur-inox-no-stain-germany-straight-razor","status":"publish","type":"product","link":"https:\/\/jnats.eu\/pt\/produto-2\/j-a-henckels-solingen-zwilligswerk-friodur-inox-no-stain-germany-straight-razor\/","title":{"rendered":"NOS J.A. Henckels Solingen Zwilligswerk Friodur Inox Alemanha Navalha direita"},"content":{"rendered":"<figure class=\"wp-block-embed is-type-video is-provider-youtube wp-block-embed-youtube wp-embed-aspect-9-16 wp-has-aspect-ratio\"><div class=\"wp-block-embed__wrapper\">\n<div class=\"video-container\"><iframe title=\"NOS J.A. Henckels Solingen Zwilligswerk Friodur Inox Alemanha L\u00e2minas de barbear\" width=\"563\" height=\"1000\" src=\"https:\/\/www.youtube.com\/embed\/gGjV-mblg78?feature=oembed\" frameborder=\"0\" allow=\"accelerometer; autoplay; clipboard-write; encrypted-media; gyroscope; picture-in-picture; web-share\" referrerpolicy=\"strict-origin-when-cross-origin\" allowfullscreen><\/iframe><\/div>\n<\/div><\/figure>\n\n\n\n<p>A Henckels Friodur \u00e9 o pin\u00e1culo da engenharia e da per\u00edcia alem\u00e3s no mundo do barbear tradicional. Conhecida pela sua precis\u00e3o, qualidade e durabilidade, esta m\u00e1quina de barbear oferece a experi\u00eancia de barbear luxuosa procurada pelos amantes dos produtos de barbear cl\u00e1ssicos.<\/p>\n\n\n\n<p>A\u00e7o inoxid\u00e1vel Friodur: fabricado em Inox e endurecido a frio com a tecnologia Friodur patenteada pela Henckels, esta navalha tem uma dureza, resist\u00eancia \u00e0 corros\u00e3o e reten\u00e7\u00e3o do fio excepcionais. O processo Friodur consiste em arrefecer o a\u00e7o em azoto l\u00edquido para aumentar a sua for\u00e7a e resist\u00eancia \u00e0 corros\u00e3o e extrair uma estrutura mais fina, garantindo assim um desempenho duradouro que mant\u00e9m a sua nitidez ao longo do tempo.<\/p>\n\n\n\n<p>Design cl\u00e1ssico: a navalha Friodur Inox apresenta um design intemporal que reflecte o compromisso da Henckels com a eleg\u00e2ncia e a funcionalidade. O seu perfil elegante, peso equilibrado e cabo ergon\u00f3mico tornam-na confort\u00e1vel de segurar e f\u00e1cil de manobrar durante o barbear.<\/p>\n\n\n\n<p>Utiliza\u00e7\u00e3o vers\u00e1til: quer seja um entusiasta experiente da l\u00e2mina de barbear ou um principiante no barbear tradicional, a Henckels Friodur Inox Straight Razor \u00e9 adequada para todos os n\u00edveis de aptid\u00e3o. O seu design vers\u00e1til adapta-se a uma vasta gama de estilos e prefer\u00eancias de barbear.<\/p>\n\n\n\n<p>Marca de heran\u00e7a: com uma hist\u00f3ria rica que remonta a 1731, a Henckels \u00e9 sin\u00f3nimo de qualidade, fiabilidade e inova\u00e7\u00e3o no mundo da cutelaria e dos cuidados de higiene. A l\u00e2mina de barbear vintage Friodur Inox incorpora a per\u00edcia artesanal da Henckels durante gera\u00e7\u00f5es.<\/p>\n\n\n\n<p>Quer esteja \u00e0 procura de uma ferramenta de barbear de qualidade superior para a sua rotina di\u00e1ria de cuidados com o cabelo ou para adicionar \u00e0 sua cole\u00e7\u00e3o de produtos de cuidados finos, a Henckels Friodur Inox Straight Razor promete uma experi\u00eancia de barbear excecional que combina tradi\u00e7\u00e3o, precis\u00e3o e luxo.<\/p>","protected":false},"excerpt":{"rendered":"<ul>\n<li>A\u00e7o inoxid\u00e1vel Inox, Friodur - endurecido a frio.<\/li>\n<li>Pega em pol\u00edmero<\/li>\n<li>Caixa de pl\u00e1stico<\/li>\n<li>Peso - 50 g<\/li>\n<li>Dimens\u00f5es da l\u00e2mina 75x20x6 mm<\/li>\n<li>As l\u00e2minas n\u00e3o foram utilizadas (exceto a n.\u00ba 6), mas podem apresentar ligeiros riscos devido ao longo per\u00edodo de armazenamento.<\/li>\n<li><strong>Se voc\u00ea n\u00e3o vir o n\u00famero na lista, significa que ele foi vendido.<\/strong><\/li>\n<\/ul>","protected":false},"featured_media":5949,"comment_status":"open","ping_status":"closed","template":"","meta":[],"product_brand":[],"product_cat":[23],"product_tag":[158,156,157,159],"class_list":{"0":"post-756","1":"product","2":"type-product","3":"status-publish","4":"has-post-thumbnail","6":"product_cat-razors","7":"product_tag-friodur","8":"product_tag-henckels","9":"product_tag-inox","10":"product_tag-straight-razor","11":"product_shipping_class-light","13":"first","14":"instock","15":"shipping-taxable","16":"purchasable","17":"product-type-variable"},"_links":{"self":[{"href":"https:\/\/jnats.eu\/pt\/wp-json\/wp\/v2\/product\/756","targetHints":{"allow":["GET"]}}],"collection":[{"href":"https:\/\/jnats.eu\/pt\/wp-json\/wp\/v2\/product"}],"about":[{"href":"https:\/\/jnats.eu\/pt\/wp-json\/wp\/v2\/types\/product"}],"replies":[{"embeddable":true,"href":"https:\/\/jnats.eu\/pt\/wp-json\/wp\/v2\/comments?post=756"}],"wp:featuredmedia":[{"embeddable":true,"href":"https:\/\/jnats.eu\/pt\/wp-json\/wp\/v2\/media\/5949"}],"wp:attachment":[{"href":"https:\/\/jnats.eu\/pt\/wp-json\/wp\/v2\/media?parent=756"}],"wp:term":[{"taxonomy":"product_brand","embeddable":true,"href":"https:\/\/jnats.eu\/pt\/wp-json\/wp\/v2\/product_brand?post=756"},{"taxonomy":"product_cat","embeddable":true,"href":"https:\/\/jnats.eu\/pt\/wp-json\/wp\/v2\/product_cat?post=756"},{"taxonomy":"product_tag","embeddable":true,"href":"https:\/\/jnats.eu\/pt\/wp-json\/wp\/v2\/product_tag?post=756"}],"curies":[{"name":"wp","href":"https:\/\/api.w.org\/{rel}","templated":true}]}}