{"id":763,"date":"2024-03-14T11:34:15","date_gmt":"2024-03-14T09:34:15","guid":{"rendered":"http:\/\/jnats.eu\/?post_type=product&#038;p=763"},"modified":"2025-10-10T10:35:32","modified_gmt":"2025-10-10T07:35:32","slug":"vintaziniai-naudoti-japoniski-ir-vokiski-skustuvai","status":"publish","type":"product","link":"https:\/\/jnats.eu\/pt\/produto-2\/vintaziniai-naudoti-japoniski-ir-vokiski-skustuvai\/","title":{"rendered":"Elizabeth, PAX, M. Bentz, Orion Kikuboshi L\u00e2minas de barbear japonesas e alem\u00e3s usadas"},"content":{"rendered":"<p>L\u00e2minas de barbear japonesas usadas. Apresenta sinais de corros\u00e3o e outros defeitos (a ferrugem foi removida da jun\u00e7\u00e3o entre a arma\u00e7\u00e3o e a l\u00e2mina). Veja o v\u00eddeo com aten\u00e7\u00e3o.<\/p>\n\n\n\n<ol class=\"wp-block-list\">\n<li>Elizabeth Razor Para Barbeiros T.K.K T\u00f3quio Jap\u00e3o<\/li>\n\n\n\n<li>Elizabeth Razor Para Barbeiros T.K.K T\u00f3quio Jap\u00e3o<\/li>\n\n\n\n<li>Elizabeth Razor Para Barbeiros T.K.K T\u00f3quio Jap\u00e3o<\/li>\n\n\n\n<li>66 PAX Siperior Stainless H. Eicker&amp;Sonne Solingen Alemanha (Ferrugem grosseiramente removida da jun\u00e7\u00e3o entre a arma\u00e7\u00e3o e a l\u00e2mina)<\/li>\n\n\n\n<li>M. Bentz For Barbers Use First Quality (A ferrugem foi removida da jun\u00e7\u00e3o entre a arma\u00e7\u00e3o e a l\u00e2mina)<\/li>\n\n\n\n<li>A\u00e7o sueco extra de fabrico especial n.\u00ba 7131 (ferrugem removida grosseiramente da jun\u00e7\u00e3o entre a arma\u00e7\u00e3o e a l\u00e2mina)<\/li>\n\n\n\n<li><del>Orion Kikuboshi Super Deluxe Best Extra Hollow Gruond (Ferrugem removida da jun\u00e7\u00e3o da arma\u00e7\u00e3o\/l\u00e2mina)<\/del> Obtido de<\/li>\n<\/ol>\n\n\n\n<figure class=\"wp-block-embed is-type-video is-provider-youtube wp-block-embed-youtube wp-embed-aspect-16-9 wp-has-aspect-ratio\"><div class=\"wp-block-embed__wrapper\">\n<div class=\"video-container\"><iframe title=\"L\u00e2minas de barbear japonesas e alem\u00e3s usadas\" width=\"1170\" height=\"658\" src=\"https:\/\/www.youtube.com\/embed\/8cCRvYCodGo?feature=oembed\" frameborder=\"0\" allow=\"accelerometer; autoplay; clipboard-write; encrypted-media; gyroscope; picture-in-picture; web-share\" referrerpolicy=\"strict-origin-when-cross-origin\" allowfullscreen><\/iframe><\/div>\n<\/div><\/figure>","protected":false},"excerpt":{"rendered":"<ol>\n<li><del>Elizabeth Razor Para Barbeiros T.K.K T\u00f3quio Jap\u00e3o<\/del> Obtido de<\/li>\n<li><del>Elizabeth Razor Para Barbeiros T.K.K T\u00f3quio Jap\u00e3o\u00a0<\/del>Obtido de<\/li>\n<li>Elizabeth Razor Para Barbeiros T.K.K T\u00f3quio Jap\u00e3o<\/li>\n<li><del>66 PAX Siperior Stainless H. Eicker&amp;Sonne Solingen Alemanha (Ferrugem grosseiramente removida da jun\u00e7\u00e3o entre a arma\u00e7\u00e3o e a l\u00e2mina)<\/del><\/li>\n<li><del>M. Bentz For Barbers Use First Quality (A ferrugem foi removida da jun\u00e7\u00e3o entre a arma\u00e7\u00e3o e a l\u00e2mina)<\/del><\/li>\n<li><del>A\u00e7o sueco extra de fabrico especial n.\u00ba 7131 (ferrugem removida grosseiramente da jun\u00e7\u00e3o entre a arma\u00e7\u00e3o e a l\u00e2mina)<\/del><\/li>\n<li><del>Orion Kikuboshi Super Deluxe Best Extra Hollow Gruond (Ferrugem removida da jun\u00e7\u00e3o da arma\u00e7\u00e3o\/l\u00e2mina)<\/del> Obtido de<\/li>\n<\/ol>","protected":false},"featured_media":1132,"comment_status":"open","ping_status":"closed","template":"","meta":[],"product_brand":[],"product_cat":[23],"product_tag":[175,177,178,176,160],"class_list":{"0":"post-763","1":"product","2":"type-product","3":"status-publish","4":"has-post-thumbnail","6":"product_cat-razors","7":"product_tag-elizabeth","8":"product_tag-m-bentz","9":"product_tag-orion-kikuboshi","10":"product_tag-pax","11":"product_tag-skustuvai","12":"product_shipping_class-light","14":"first","15":"outofstock","16":"sold-individually","17":"shipping-taxable","18":"product-type-variable"},"_links":{"self":[{"href":"https:\/\/jnats.eu\/pt\/wp-json\/wp\/v2\/product\/763","targetHints":{"allow":["GET"]}}],"collection":[{"href":"https:\/\/jnats.eu\/pt\/wp-json\/wp\/v2\/product"}],"about":[{"href":"https:\/\/jnats.eu\/pt\/wp-json\/wp\/v2\/types\/product"}],"replies":[{"embeddable":true,"href":"https:\/\/jnats.eu\/pt\/wp-json\/wp\/v2\/comments?post=763"}],"wp:featuredmedia":[{"embeddable":true,"href":"https:\/\/jnats.eu\/pt\/wp-json\/wp\/v2\/media\/1132"}],"wp:attachment":[{"href":"https:\/\/jnats.eu\/pt\/wp-json\/wp\/v2\/media?parent=763"}],"wp:term":[{"taxonomy":"product_brand","embeddable":true,"href":"https:\/\/jnats.eu\/pt\/wp-json\/wp\/v2\/product_brand?post=763"},{"taxonomy":"product_cat","embeddable":true,"href":"https:\/\/jnats.eu\/pt\/wp-json\/wp\/v2\/product_cat?post=763"},{"taxonomy":"product_tag","embeddable":true,"href":"https:\/\/jnats.eu\/pt\/wp-json\/wp\/v2\/product_tag?post=763"}],"curies":[{"name":"wp","href":"https:\/\/api.w.org\/{rel}","templated":true}]}}