{"id":776,"date":"2024-03-14T11:53:13","date_gmt":"2024-03-14T09:53:13","guid":{"rendered":"http:\/\/jnats.eu\/?post_type=product&#038;p=776"},"modified":"2024-09-20T11:14:54","modified_gmt":"2024-09-20T08:14:54","slug":"vintaziniai-naudoti-japoniski-angliski-ir-vokiski-skustuvai","status":"publish","type":"product","link":"https:\/\/jnats.eu\/pt\/produto-2\/vintaziniai-naudoti-japoniski-angliski-ir-vokiski-skustuvai\/","title":{"rendered":"Stripe Best Sheffield Make, Wagner, Cape, J.A. Henckels L\u00e2minas de barbear japonesas, inglesas e alem\u00e3s usadas"},"content":{"rendered":"<p>Alguns t\u00eam vest\u00edgios de corros\u00e3o. Veja o v\u00eddeo.<\/p>\n\n\n\n<figure class=\"wp-block-embed is-type-video is-provider-youtube wp-block-embed-youtube wp-embed-aspect-16-9 wp-has-aspect-ratio\"><div class=\"wp-block-embed__wrapper\">\n<div class=\"video-container\"><iframe title=\"L\u00e2minas de barbear japonesas, inglesas e alem\u00e3s usadas\" width=\"1170\" height=\"658\" src=\"https:\/\/www.youtube.com\/embed\/R3W3p5WPGjE?feature=oembed\" frameborder=\"0\" allow=\"accelerometer; autoplay; clipboard-write; encrypted-media; gyroscope; picture-in-picture; web-share\" allowfullscreen><\/iframe><\/div>\n<\/div><\/figure>","protected":false},"excerpt":{"rendered":"<ol>\n<li><del>Stripe Best Sheffield Make Waranted Hand Forged. Muito mais fino do que o japon\u00eas ou o alem\u00e3o.<\/del><\/li>\n<li>Wagner 1070<\/li>\n<li><del>A\u00e7o Yasuki de alta qualidade S.2<\/del><\/li>\n<li><del>Cabo 200 em a\u00e7o sueco para uso dos barbeiros Primeira qualidade<\/del><\/li>\n<li><del>J.A. Henckels Solingen Zwilligswerk Friodur Inox No Stain Alemanha <\/del><strong>Obtido de<\/strong><\/li>\n<li><del>J.A. Henckels Solingen Zwilligswerk Friodur Inox No Stain Alemanha <\/del><strong>Obtido de<\/strong><\/li>\n<\/ol>","protected":false},"featured_media":1123,"comment_status":"open","ping_status":"closed","template":"","meta":[],"product_brand":[],"product_cat":[23],"product_tag":[173,160,171,172],"class_list":{"0":"post-776","1":"product","2":"type-product","3":"status-publish","4":"has-post-thumbnail","6":"product_cat-razors","7":"product_tag-cape","8":"product_tag-skustuvai","9":"product_tag-stripe-best-sheffield-make","10":"product_tag-wagner","11":"product_shipping_class-light","13":"first","14":"instock","15":"sold-individually","16":"shipping-taxable","17":"purchasable","18":"product-type-variable"},"_links":{"self":[{"href":"https:\/\/jnats.eu\/pt\/wp-json\/wp\/v2\/product\/776","targetHints":{"allow":["GET"]}}],"collection":[{"href":"https:\/\/jnats.eu\/pt\/wp-json\/wp\/v2\/product"}],"about":[{"href":"https:\/\/jnats.eu\/pt\/wp-json\/wp\/v2\/types\/product"}],"replies":[{"embeddable":true,"href":"https:\/\/jnats.eu\/pt\/wp-json\/wp\/v2\/comments?post=776"}],"wp:featuredmedia":[{"embeddable":true,"href":"https:\/\/jnats.eu\/pt\/wp-json\/wp\/v2\/media\/1123"}],"wp:attachment":[{"href":"https:\/\/jnats.eu\/pt\/wp-json\/wp\/v2\/media?parent=776"}],"wp:term":[{"taxonomy":"product_brand","embeddable":true,"href":"https:\/\/jnats.eu\/pt\/wp-json\/wp\/v2\/product_brand?post=776"},{"taxonomy":"product_cat","embeddable":true,"href":"https:\/\/jnats.eu\/pt\/wp-json\/wp\/v2\/product_cat?post=776"},{"taxonomy":"product_tag","embeddable":true,"href":"https:\/\/jnats.eu\/pt\/wp-json\/wp\/v2\/product_tag?post=776"}],"curies":[{"name":"wp","href":"https:\/\/api.w.org\/{rel}","templated":true}]}}