{"id":796,"date":"2024-03-14T12:38:15","date_gmt":"2024-03-14T10:38:15","guid":{"rendered":"http:\/\/jnats.eu\/?post_type=product&#038;p=796"},"modified":"2025-09-30T11:22:55","modified_gmt":"2025-09-30T08:22:55","slug":"vintaziniai-naudoti-japoniski-skustuvai","status":"publish","type":"product","link":"https:\/\/jnats.eu\/pt\/produto-2\/vintaziniai-naudoti-japoniski-skustuvai\/","title":{"rendered":"M\u00e1quinas de barbear japonesas usadas vintage Towa, Union, Daishi, R. Saito, Kikuboshi, Triumph"},"content":{"rendered":"<ol class=\"wp-block-list\">\n<li>G Towa T Best Moagem Oca Extra Tungst\u00e9nio A\u00e7o Real Japon\u00eas Moagem Oca Gen Takahashi H.Diamond &amp; Co<\/li>\n\n\n\n<li>Union 72 Japan L\u00e2mina em forma de cinzel<\/li>\n\n\n\n<li>Daishi 350 Yasuki A\u00e7o Fabricado em a\u00e7o de ferro Tamahagane R.K. CO. L\u00e2mina em forma de cinzel. O a\u00e7o Tamahagane feito de \u201eareia de ferro\u201d \u00e9 utilizado em espadas de samurai para katanas.<\/li>\n\n\n\n<li>Daishi 55 Yasuki A\u00e7o feito de a\u00e7o de ferro Tamahagane R.K. CO.  O a\u00e7o Tamahagane feito de \u201eareia de ferro\u201d \u00e9 utilizado para espadas de samurai. Pode ser endurecido at\u00e9 uma dureza de 70 HRC.<\/li>\n\n\n\n<li>R. Saito Kikuboshi 135 Extra Hollow Gruond<\/li>\n\n\n\n<li>Triumph Y.S.S 65825 Yasuki steel R. Saito design<\/li>\n<\/ol>\n\n\n\n<p>R. Saito foi um cabeleireiro famoso no Jap\u00e3o nos anos 50-60. Fundou uma escola de barbearia com um grande n\u00famero de profissionais em muitas cidades. Como o seu nome era sin\u00f3nimo do mundo da moda japonesa, os seus desenhos eram muito apreciados, tal como o seu nome. Concebeu l\u00e2minas de barbear que foram produzidas por grandes empresas com o seu nome: Kikuboshi, Diamond Hayashi e outros fabricantes. O produto foi concebido para ser a m\u00e1quina de barbear mais f\u00e1cil de utilizar.<\/p>\n\n\n\n<p>Vest\u00edgios de corros\u00e3o. Ver v\u00eddeo.<\/p>\n\n\n\n<figure class=\"wp-block-embed is-type-video is-provider-youtube wp-block-embed-youtube wp-embed-aspect-16-9 wp-has-aspect-ratio\"><div class=\"wp-block-embed__wrapper\">\n<div class=\"video-container\"><iframe title=\"L\u00e2minas de barbear japonesas usadas vintage R. Saito, Tamahagane, Towa, Daishi\" width=\"1170\" height=\"658\" src=\"https:\/\/www.youtube.com\/embed\/CheeI2Xk0pE?feature=oembed\" frameborder=\"0\" allow=\"accelerometer; autoplay; clipboard-write; encrypted-media; gyroscope; picture-in-picture; web-share\" allowfullscreen><\/iframe><\/div>\n<\/div><\/figure>","protected":false},"excerpt":{"rendered":"<ol>\n<li><del>G Towa T Best Moagem Oca Extra Tungst\u00e9nio A\u00e7o Real Japon\u00eas Moagem Oca Gen Takahashi H.Diamond &amp; Co\u00a0<\/del> Obtido de<\/li>\n<li><del>Union 72 Japan L\u00e2mina em forma de cinzel<\/del><\/li>\n<li><del>Daishi 350 Yasuki A\u00e7o Fabricado em a\u00e7o de ferro Tamahagane R.K. CO. L\u00e2mina em forma de cinzel. O a\u00e7o Tamahagane feito de \"areia de ferro\" \u00e9 utilizado em espadas de samurai para katanas.<\/del><\/li>\n<li>Daishi 55 Yasuki A\u00e7o feito de a\u00e7o de ferro Tamahagane R.K. CO.  O a\u00e7o Tamahagane feito de \"areia de ferro\" \u00e9 utilizado para espadas de samurai. Pode ser endurecido at\u00e9 uma dureza de 70 HRC.<\/li>\n<li><del>R. Saito Kikuboshi 135 Extra Hollow Gruond\u00a0<\/del> Obtido de<\/li>\n<li><del>Triumph Y.S.S 65825 Yasuki steel R. Saito design<\/del><\/li>\n<\/ol>","protected":false},"featured_media":1151,"comment_status":"open","ping_status":"closed","template":"","meta":[],"product_brand":[],"product_cat":[23],"product_tag":[164,161,162,160,129,163],"class_list":{"0":"post-796","1":"product","2":"type-product","3":"status-publish","4":"has-post-thumbnail","6":"product_cat-razors","7":"product_tag-daishi","8":"product_tag-kikuboshi","9":"product_tag-r-saito","10":"product_tag-skustuvai","11":"product_tag-towa","12":"product_tag-union","13":"product_shipping_class-light","15":"first","16":"outofstock","17":"sold-individually","18":"shipping-taxable","19":"product-type-variable"},"_links":{"self":[{"href":"https:\/\/jnats.eu\/pt\/wp-json\/wp\/v2\/product\/796","targetHints":{"allow":["GET"]}}],"collection":[{"href":"https:\/\/jnats.eu\/pt\/wp-json\/wp\/v2\/product"}],"about":[{"href":"https:\/\/jnats.eu\/pt\/wp-json\/wp\/v2\/types\/product"}],"replies":[{"embeddable":true,"href":"https:\/\/jnats.eu\/pt\/wp-json\/wp\/v2\/comments?post=796"}],"wp:featuredmedia":[{"embeddable":true,"href":"https:\/\/jnats.eu\/pt\/wp-json\/wp\/v2\/media\/1151"}],"wp:attachment":[{"href":"https:\/\/jnats.eu\/pt\/wp-json\/wp\/v2\/media?parent=796"}],"wp:term":[{"taxonomy":"product_brand","embeddable":true,"href":"https:\/\/jnats.eu\/pt\/wp-json\/wp\/v2\/product_brand?post=796"},{"taxonomy":"product_cat","embeddable":true,"href":"https:\/\/jnats.eu\/pt\/wp-json\/wp\/v2\/product_cat?post=796"},{"taxonomy":"product_tag","embeddable":true,"href":"https:\/\/jnats.eu\/pt\/wp-json\/wp\/v2\/product_tag?post=796"}],"curies":[{"name":"wp","href":"https:\/\/api.w.org\/{rel}","templated":true}]}}